{"id":893,"date":"2024-07-09T19:31:08","date_gmt":"2024-07-09T19:31:08","guid":{"rendered":"http:\/\/localhost\/tss\/?post_type=product&#038;p=893"},"modified":"2026-04-19T11:39:23","modified_gmt":"2026-04-19T11:39:23","slug":"kit-videophone-ip-anti-vandale-ds-kis604-s-hikvision","status":"publish","type":"product","link":"https:\/\/tssinformatique.tn\/index.php\/product\/kit-videophone-ip-anti-vandale-ds-kis604-s-hikvision\/","title":{"rendered":"Kit Videophone IP anti-vandale DS-KIS604-S Hikvision"},"content":{"rendered":"<h2><strong>Kit Videophone Vid\u00e9o IP Anti-Vandale (IK08) Avec Lecteur De Badge Int\u00e9gr\u00e9 Hikvision DS-KIS604-S<\/strong><\/h2>\n<p>Ce portier vid\u00e9o IP se connecte \u00e0 internet et vous permet de voir en temps r\u00e9el qui sonne \u00e0 la porte depuis votre smartphone de n&#8217;importe o\u00f9 dans le monde et d&#8217;ouvrir \u00e0 distance. Un lecteur de badge est int\u00e9gr\u00e9 dans cet interphone vid\u00e9o. Le kit DS-KIS604-S est compatible avec les NVR Hikvision ainsi qu&#8217;avec l&#8217;application Hik-Connect. Retrouvez ainsi tous vos produits Hikvision (NVR, cam\u00e9ra IP et interphone) au travers d&#8217;une seule et m\u00eame application. Ce portier permet \u00e9galement d&#8217;int\u00e9grer une carte SD jusqu&#8217;\u00e0 32Go pour conserver les photos et les conversations des personnes ayant sonn\u00e9 \u00e0 votre porte.<\/p>\n<p>&nbsp;<\/p>\n<h3><strong>Que Contient La Bo\u00eete ?<\/strong><\/h3>\n<ul>\n<li>1 x platine de rue (portier vid\u00e9o couleur) DS-KV8113-WME1 (B)<\/li>\n<li>1 x \u00e9cran de contr\u00f4le tactile avec support de montage DS-KH6320-WTE1<\/li>\n<li>Visserie<\/li>\n<li>Manuel d&#8217;installation<\/li>\n<\/ul>\n<p>&nbsp;<\/p>\n<h3><strong>Les Points Forts Du Kit DS-KIS604<\/strong><\/h3>\n<ul>\n<li>Cam\u00e9ra full HD angle de vision extra large : horizontal :129\u00b0, vertical : 75\u00b0<\/li>\n<li>Cam\u00e9ra couleur<\/li>\n<li>Vision de nuit<\/li>\n<li>Hautparleur et microphone int\u00e9gr\u00e9<\/li>\n<li>Lecteur de badge int\u00e9gr\u00e9<\/li>\n<li>Ouverture de la g\u00e2che via l&#8217;\u00e9cran de contr\u00f4le tactile ou le smartphone avec une serrure \u00e9lectronique<\/li>\n<li>Visualisation \u00e0 distance sur smartphone ou tablette via l&#8217;application Hik-Connect<\/li>\n<li>Enregistrement des images des visiteurs<\/li>\n<li>Indice de protection IP65<\/li>\n<li>Stockage sur carte SD jusqu&#8217;\u00e0 32Go<\/li>\n<\/ul>\n<p>Compatible NVR Hikvision Compatible Windows Compatible smartphone\/tablette iOS et Android<\/p>\n","protected":false},"excerpt":{"rendered":"<ul>\n<li>Kit de\u00a0<strong>vid\u00e9ophone<\/strong>\u00a0IP HIKVISION avec 7&#8243; moniteur tactile<\/li>\n<li>Compatible avec le syst\u00e8me d\u2019alarme et la vid\u00e9osurveillance<\/li>\n<li>L&#8217;interphone vid\u00e9o est install\u00e9 dans un bo\u00eetier sur enduit<\/li>\n<li>Lecteur de\u00a0<strong>badge<\/strong>\u00a0(carte)<\/li>\n<li><strong>Application<\/strong>\u00a0a distance\u00a0<strong>HIK-Connect<\/strong><\/li>\n<\/ul>\n","protected":false},"featured_media":894,"comment_status":"open","ping_status":"closed","template":"","meta":[],"pwb-brand":[97],"product_brand":[],"product_cat":[58,41],"product_tag":[],"class_list":{"0":"post-893","1":"product","2":"type-product","3":"status-publish","4":"has-post-thumbnail","6":"pwb-brand-hikvision","7":"product_cat-videophone","8":"product_cat-videophone-interphone","10":"first","11":"outofstock","12":"shipping-taxable","13":"product-type-simple"},"brands":[{"id":97,"name":"hikvision","slug":"hikvision"}],"_links":{"self":[{"href":"https:\/\/tssinformatique.tn\/index.php\/wp-json\/wp\/v2\/product\/893","targetHints":{"allow":["GET"]}}],"collection":[{"href":"https:\/\/tssinformatique.tn\/index.php\/wp-json\/wp\/v2\/product"}],"about":[{"href":"https:\/\/tssinformatique.tn\/index.php\/wp-json\/wp\/v2\/types\/product"}],"replies":[{"embeddable":true,"href":"https:\/\/tssinformatique.tn\/index.php\/wp-json\/wp\/v2\/comments?post=893"}],"wp:featuredmedia":[{"embeddable":true,"href":"https:\/\/tssinformatique.tn\/index.php\/wp-json\/wp\/v2\/media\/894"}],"wp:attachment":[{"href":"https:\/\/tssinformatique.tn\/index.php\/wp-json\/wp\/v2\/media?parent=893"}],"wp:term":[{"taxonomy":"pwb-brand","embeddable":true,"href":"https:\/\/tssinformatique.tn\/index.php\/wp-json\/wp\/v2\/pwb-brand?post=893"},{"taxonomy":"product_brand","embeddable":true,"href":"https:\/\/tssinformatique.tn\/index.php\/wp-json\/wp\/v2\/product_brand?post=893"},{"taxonomy":"product_cat","embeddable":true,"href":"https:\/\/tssinformatique.tn\/index.php\/wp-json\/wp\/v2\/product_cat?post=893"},{"taxonomy":"product_tag","embeddable":true,"href":"https:\/\/tssinformatique.tn\/index.php\/wp-json\/wp\/v2\/product_tag?post=893"}],"curies":[{"name":"wp","href":"https:\/\/api.w.org\/{rel}","templated":true}]}}