{"id":855,"date":"2024-07-09T19:09:49","date_gmt":"2024-07-09T19:09:49","guid":{"rendered":"http:\/\/localhost\/tss\/?post_type=product&#038;p=855"},"modified":"2025-05-27T10:45:32","modified_gmt":"2025-05-27T10:45:32","slug":"installation-cameras-de-surveillance","status":"publish","type":"product","link":"https:\/\/tssinformatique.tn\/index.php\/product\/installation-cameras-de-surveillance\/","title":{"rendered":"Installation cam\u00e9ras de surveillance"},"content":{"rendered":"<h2 class=\"category-description\" style=\"text-align: center;\">Installation De Cam\u00e9ras De Surveillance En Tunisie<\/h2>\n<p><img fetchpriority=\"high\" decoding=\"async\" class=\"size-medium wp-image-856 aligncenter\" src=\"https:\/\/tssinformatique.tn\/wp-content\/uploads\/2024\/07\/2-2-300x181.jpg\" alt=\"\" width=\"300\" height=\"181\" srcset=\"https:\/\/tssinformatique.tn\/wp-content\/uploads\/2024\/07\/2-2-300x181.jpg 300w, https:\/\/tssinformatique.tn\/wp-content\/uploads\/2024\/07\/2-2.jpg 564w\" sizes=\"(max-width: 300px) 100vw, 300px\" \/><\/p>\n<p>L&#8217;nstallation de\u00a0<strong>cam\u00e9ras de surveillance<\/strong>\u00a0est con\u00e7u pour aider les propri\u00e9taires d&#8217;entreprises et les particuliers \u00e0 prot\u00e9ger leurs propri\u00e9t\u00e9s \u00e0 l&#8217;int\u00e9rieur comme \u00e0 l&#8217;ext\u00e9rieur. Nous proposons une large gamme de cam\u00e9ras de surveillance pour r\u00e9pondre \u00e0 tous les besoins, y compris des\u00a0<strong>cam\u00e9ras de surveillance ext\u00e9rieures\u00a0<\/strong>pour surveiller les entr\u00e9es et les sorties, ainsi que des<strong>\u00a0cam\u00e9ras de surveillance int\u00e9rieures<\/strong>\u00a0pour surveiller les activit\u00e9s \u00e0 l&#8217;int\u00e9rieur de votre propri\u00e9t\u00e9.<\/p>\n<p>Notre \u00e9quipe d&#8217;installateurs de cam\u00e9ras de surveillance exp\u00e9riment\u00e9s s&#8217;assurera que les cam\u00e9ras sont install\u00e9es de mani\u00e8re professionnelle et s\u00e9curis\u00e9e pour fournir une surveillance optimale. Nous offrons \u00e9galement des services de maintenance pour garantir que votre syst\u00e8me de cam\u00e9ras de surveillance fonctionne de mani\u00e8re fiable et continue pour prot\u00e9ger votre propri\u00e9t\u00e9.<\/p>\n<p>Si vous cherchez \u00e0 am\u00e9liorer la s\u00e9curit\u00e9 de votre propri\u00e9t\u00e9 avec un syst\u00e8me de cam\u00e9ras de surveillance fiable et efficace, contactez-nous d\u00e8s aujourd&#8217;hui pour en savoir plus sur nos services d&#8217;installation de cam\u00e9ras de surveillance.<\/p>\n<hr \/>\n<h2 style=\"text-align: center;\">Installation De Cam\u00e9ras De Surveillance IP Et Analogique<\/h2>\n<p><img decoding=\"async\" class=\"alignnone size-medium wp-image-772 aligncenter\" src=\"https:\/\/tssinformatique.tn\/wp-content\/uploads\/2024\/07\/9-300x300.jpg\" alt=\"\" width=\"300\" height=\"300\" srcset=\"https:\/\/tssinformatique.tn\/wp-content\/uploads\/2024\/07\/9-300x300.jpg 300w, https:\/\/tssinformatique.tn\/wp-content\/uploads\/2024\/07\/9-150x150.jpg 150w, https:\/\/tssinformatique.tn\/wp-content\/uploads\/2024\/07\/9-600x600.jpg 600w, https:\/\/tssinformatique.tn\/wp-content\/uploads\/2024\/07\/9-100x100.jpg 100w, https:\/\/tssinformatique.tn\/wp-content\/uploads\/2024\/07\/9.jpg 736w\" sizes=\"(max-width: 300px) 100vw, 300px\" \/><\/p>\n<p>Nos experts en s\u00e9curit\u00e9 peuvent \u00e9galement installer des cam\u00e9ras de surveillance IP et analogique pour une surveillance \u00e0 distance, ce qui permet \u00e0 nos clients de visualiser en temps r\u00e9el les activit\u00e9s de leur propri\u00e9t\u00e9 depuis leur ordinateur ou leur smartphone. Nous offrons \u00e9galement des options de stockage pour les enregistrements de surveillance, y compris des disques durs locaux et des services de stockage en ligne.<\/p>\n<p>Nos techniciens sont exp\u00e9riment\u00e9s dans l&#8217;installation de cam\u00e9ras de surveillance IP et analogiques de haute qualit\u00e9. Nous utilisons des \u00e9quipements de pointe pour garantir une installation rapide et efficace, et nous nous engageons \u00e0 assurer la s\u00e9curit\u00e9 de votre propri\u00e9t\u00e9 en utilisant les meilleurs pratiques de l&#8217;industrie.<\/p>\n<h3>Installation Des Cam\u00e9ras De Surveillance IP<\/h3>\n<p>Nos\u00a0<strong>cam\u00e9ras de surveillance IP<\/strong>\u00a0sont \u00e9quip\u00e9es des derni\u00e8res technologies en mati\u00e8re de vid\u00e9osurveillance, telles que la reconnaissance faciale et la d\u00e9tection de mouvement. Elles sont \u00e9galement \u00e9quip\u00e9es de fonctionnalit\u00e9s de surveillance \u00e0 distance, vous permettant de visualiser votre propri\u00e9t\u00e9 en temps r\u00e9el \u00e0 partir de votre t\u00e9l\u00e9phone portable, votre tablette ou votre ordinateur.<\/p>\n<h3>Installation Des Cam\u00e9ras De Surveillance Analogique AHD<\/h3>\n<p>Nous proposons \u00e9galement des solutions de surveillance analogiques pour les clients qui pr\u00e9f\u00e8rent une solution plus traditionnelle. Nos\u00a0<strong>cam\u00e9ras analogiques<\/strong>\u00a0sont robustes et faciles \u00e0 utiliser, ce qui en fait une option id\u00e9ale pour les clients qui cherchent une solution simple et efficace de vid\u00e9osurveillance.<\/p>\n<hr \/>\n<p>&nbsp;<\/p>\n<div class=\"home-banner\">\n<div class=\"row\">\n<div class=\"col col-md-4 col-xs-12\"><\/div>\n<\/div>\n<\/div>\n","protected":false},"excerpt":{"rendered":"<p>Notre service d&#8217;installation de cam\u00e9ras de surveillance offre une solution de surveillance professionnelle pour votre propri\u00e9t\u00e9. Nous installons une vari\u00e9t\u00e9 de cam\u00e9ras haute d\u00e9finition pour garantir une s\u00e9curit\u00e9 optimale.<\/p>\n","protected":false},"featured_media":857,"comment_status":"open","ping_status":"closed","template":"","meta":[],"pwb-brand":[],"product_brand":[],"product_cat":[42],"product_tag":[],"class_list":{"0":"post-855","1":"product","2":"type-product","3":"status-publish","4":"has-post-thumbnail","6":"product_cat-services","8":"first","9":"instock","10":"shipping-taxable","11":"purchasable","12":"product-type-simple"},"brands":[],"_links":{"self":[{"href":"https:\/\/tssinformatique.tn\/index.php\/wp-json\/wp\/v2\/product\/855","targetHints":{"allow":["GET"]}}],"collection":[{"href":"https:\/\/tssinformatique.tn\/index.php\/wp-json\/wp\/v2\/product"}],"about":[{"href":"https:\/\/tssinformatique.tn\/index.php\/wp-json\/wp\/v2\/types\/product"}],"replies":[{"embeddable":true,"href":"https:\/\/tssinformatique.tn\/index.php\/wp-json\/wp\/v2\/comments?post=855"}],"wp:featuredmedia":[{"embeddable":true,"href":"https:\/\/tssinformatique.tn\/index.php\/wp-json\/wp\/v2\/media\/857"}],"wp:attachment":[{"href":"https:\/\/tssinformatique.tn\/index.php\/wp-json\/wp\/v2\/media?parent=855"}],"wp:term":[{"taxonomy":"pwb-brand","embeddable":true,"href":"https:\/\/tssinformatique.tn\/index.php\/wp-json\/wp\/v2\/pwb-brand?post=855"},{"taxonomy":"product_brand","embeddable":true,"href":"https:\/\/tssinformatique.tn\/index.php\/wp-json\/wp\/v2\/product_brand?post=855"},{"taxonomy":"product_cat","embeddable":true,"href":"https:\/\/tssinformatique.tn\/index.php\/wp-json\/wp\/v2\/product_cat?post=855"},{"taxonomy":"product_tag","embeddable":true,"href":"https:\/\/tssinformatique.tn\/index.php\/wp-json\/wp\/v2\/product_tag?post=855"}],"curies":[{"name":"wp","href":"https:\/\/api.w.org\/{rel}","templated":true}]}}