{"id":698,"date":"2024-07-09T11:50:59","date_gmt":"2024-07-09T11:50:59","guid":{"rendered":"http:\/\/localhost\/tss\/?post_type=product&#038;p=698"},"modified":"2025-07-14T14:32:32","modified_gmt":"2025-07-14T14:32:32","slug":"kit-4-cameras-de-surveillance-2mp-light-hikvision","status":"publish","type":"product","link":"https:\/\/tssinformatique.tn\/index.php\/product\/kit-4-cameras-de-surveillance-2mp-light-hikvision\/","title":{"rendered":"Kit 4 Cam\u00e9ras de surveillance 2MP Hikvision"},"content":{"rendered":"<h2 class=\"category-description\" style=\"text-align: center;\">Kit 4 Cam\u00e9ras De Surveillance 2Mp 1080p Light Hikvision Au Meilleur Prix En Tunisie<\/h2>\n<p><img fetchpriority=\"high\" decoding=\"async\" class=\"alignnone size-medium wp-image-677 aligncenter\" src=\"https:\/\/tssinformatique.tn\/wp-content\/uploads\/2024\/07\/hikvision-300x300.jpg\" alt=\"\" width=\"300\" height=\"300\" srcset=\"https:\/\/tssinformatique.tn\/wp-content\/uploads\/2024\/07\/hikvision-300x300.jpg 300w, https:\/\/tssinformatique.tn\/wp-content\/uploads\/2024\/07\/hikvision-150x150.jpg 150w, https:\/\/tssinformatique.tn\/wp-content\/uploads\/2024\/07\/hikvision-768x768.jpg 768w, https:\/\/tssinformatique.tn\/wp-content\/uploads\/2024\/07\/hikvision-600x600.jpg 600w, https:\/\/tssinformatique.tn\/wp-content\/uploads\/2024\/07\/hikvision-100x100.jpg 100w, https:\/\/tssinformatique.tn\/wp-content\/uploads\/2024\/07\/hikvision.jpg 800w\" sizes=\"(max-width: 300px) 100vw, 300px\" \/>Ce kit de surveillance Hikvision offre une r\u00e9solution Full HD 1080p pour des images nettes et claires, permettant une surveillance pr\u00e9cise jour et nuit. Avec ses cam\u00e9ras haute d\u00e9finition, vous b\u00e9n\u00e9ficiez d&#8217;une surveillance fiable et efficace, m\u00eame dans des conditions de faible luminosit\u00e9, gr\u00e2ce \u00e0 la technologie de vision nocturne avanc\u00e9e.<\/p>\n<p>Les cam\u00e9ras sont con\u00e7ues pour r\u00e9sister aux intemp\u00e9ries et aux conditions ext\u00e9rieures, assurant une surveillance continue et fiable, quel que soit l&#8217;environnement. De plus, leur installation et leur configuration sont simples, ce qui vous permet de mettre en place votre syst\u00e8me de surveillance rapidement et facilement.<\/p>\n<p>Le kit comprend \u00e9galement un enregistreur vid\u00e9o en r\u00e9seau (NVR) Hikvision, offrant une gestion centralis\u00e9e et un stockage s\u00e9curis\u00e9 de vos donn\u00e9es de surveillance.<\/p>\n<p>Gr\u00e2ce \u00e0 ses fonctionnalit\u00e9s avanc\u00e9es, telles que la d\u00e9tection de mouvement et l&#8217;acc\u00e8s \u00e0 distance via une application mobile, vous pouvez surveiller votre propri\u00e9t\u00e9 \u00e0 tout moment et de n&#8217;importe o\u00f9.<\/p>\n<p>Ne compromettez pas la s\u00e9curit\u00e9 de votre maison ou de votre entreprise.<\/p>\n<p>Optez pour la fiabilit\u00e9 et la qualit\u00e9 du kit de surveillance Hikvision 4 cam\u00e9ras 2MP 1080p Pro, disponible au meilleur prix en Tunisie sur notre site web. Commandez d\u00e8s maintenant et b\u00e9n\u00e9ficiez d&#8217;une tranquillit\u00e9 d&#8217;esprit totale en mati\u00e8re de s\u00e9curit\u00e9.<\/p>\n<hr \/>\n<h3 class=\"page-title\">1 Enregistreur Turbo HD XVR \u2013 1080p \u2013 4 Canaux DS-7104HGHI-K1<\/h3>\n<p><img decoding=\"async\" class=\"size-medium wp-image-701 aligncenter\" src=\"https:\/\/tssinformatique.tn\/wp-content\/uploads\/2024\/07\/3-300x300.jpg\" alt=\"\" width=\"300\" height=\"300\" srcset=\"https:\/\/tssinformatique.tn\/wp-content\/uploads\/2024\/07\/3-300x300.jpg 300w, https:\/\/tssinformatique.tn\/wp-content\/uploads\/2024\/07\/3-150x150.jpg 150w, https:\/\/tssinformatique.tn\/wp-content\/uploads\/2024\/07\/3-100x100.jpg 100w, https:\/\/tssinformatique.tn\/wp-content\/uploads\/2024\/07\/3.jpg 360w\" sizes=\"(max-width: 300px) 100vw, 300px\" \/><\/p>\n<hr \/>\n<h3 class=\"page-title\">4 Cam\u00e9ras De Surveillance 2 Bullet Turbo Et 2\u00a0 D\u00f4me Turbo HD 1080p<\/h3>\n<h3 class=\"page-title\"><img decoding=\"async\" class=\"size-medium wp-image-703 aligncenter\" src=\"https:\/\/tssinformatique.tn\/wp-content\/uploads\/2024\/07\/1-300x300.jpg\" alt=\"\" width=\"300\" height=\"300\" srcset=\"https:\/\/tssinformatique.tn\/wp-content\/uploads\/2024\/07\/1-300x300.jpg 300w, https:\/\/tssinformatique.tn\/wp-content\/uploads\/2024\/07\/1-150x150.jpg 150w, https:\/\/tssinformatique.tn\/wp-content\/uploads\/2024\/07\/1-100x100.jpg 100w, https:\/\/tssinformatique.tn\/wp-content\/uploads\/2024\/07\/1.jpg 360w\" sizes=\"(max-width: 300px) 100vw, 300px\" \/><\/h3>\n<hr \/>\n<p>&nbsp;<\/p>\n<p>&nbsp;<\/p>\n<p>&nbsp;<\/p>\n","protected":false},"excerpt":{"rendered":"<ul>\n<li>1 Enregistreur 4 canaux Hikvision Lite 2Mp<\/li>\n<li>4 cam\u00e9ras 2 D\u00f4me 2 Tube 2Mp<\/li>\n<li>1 Disque Dur 500G<\/li>\n<li>8 Fiches BNC<\/li>\n<li>4 Fiche Alimentation DC<\/li>\n<li>4\u00a0Bo\u00eete de jonction \u00e9tanche pour cam\u00e9ra<\/li>\n<li>1 Bloc d&#8217;alimentation 12V 5A<\/li>\n<\/ul>\n","protected":false},"featured_media":677,"comment_status":"open","ping_status":"closed","template":"","meta":[],"pwb-brand":[97],"product_brand":[],"product_cat":[88,90],"product_tag":[21,62,23],"class_list":{"0":"post-698","1":"product","2":"type-product","3":"status-publish","4":"has-post-thumbnail","6":"pwb-brand-hikvision","7":"product_cat-camera-de-surveillance","8":"product_cat-kit-videosurveillance-hikvision","9":"product_tag-camera","10":"product_tag-hikvision","11":"product_tag-surveillance","13":"first","14":"instock","15":"sale","16":"shipping-taxable","17":"purchasable","18":"product-type-variable","19":"has-default-attributes"},"brands":[{"id":97,"name":"hikvision","slug":"hikvision"}],"_links":{"self":[{"href":"https:\/\/tssinformatique.tn\/index.php\/wp-json\/wp\/v2\/product\/698","targetHints":{"allow":["GET"]}}],"collection":[{"href":"https:\/\/tssinformatique.tn\/index.php\/wp-json\/wp\/v2\/product"}],"about":[{"href":"https:\/\/tssinformatique.tn\/index.php\/wp-json\/wp\/v2\/types\/product"}],"replies":[{"embeddable":true,"href":"https:\/\/tssinformatique.tn\/index.php\/wp-json\/wp\/v2\/comments?post=698"}],"wp:featuredmedia":[{"embeddable":true,"href":"https:\/\/tssinformatique.tn\/index.php\/wp-json\/wp\/v2\/media\/677"}],"wp:attachment":[{"href":"https:\/\/tssinformatique.tn\/index.php\/wp-json\/wp\/v2\/media?parent=698"}],"wp:term":[{"taxonomy":"pwb-brand","embeddable":true,"href":"https:\/\/tssinformatique.tn\/index.php\/wp-json\/wp\/v2\/pwb-brand?post=698"},{"taxonomy":"product_brand","embeddable":true,"href":"https:\/\/tssinformatique.tn\/index.php\/wp-json\/wp\/v2\/product_brand?post=698"},{"taxonomy":"product_cat","embeddable":true,"href":"https:\/\/tssinformatique.tn\/index.php\/wp-json\/wp\/v2\/product_cat?post=698"},{"taxonomy":"product_tag","embeddable":true,"href":"https:\/\/tssinformatique.tn\/index.php\/wp-json\/wp\/v2\/product_tag?post=698"}],"curies":[{"name":"wp","href":"https:\/\/api.w.org\/{rel}","templated":true}]}}