{"id":23188,"date":"2026-04-08T17:27:58","date_gmt":"2026-04-08T17:27:58","guid":{"rendered":"https:\/\/tssinformatique.tn\/?post_type=product&#038;p=23188"},"modified":"2026-04-08T17:27:58","modified_gmt":"2026-04-08T17:27:58","slug":"armoire-reseau-6u-profondeur-400","status":"publish","type":"product","link":"https:\/\/tssinformatique.tn\/index.php\/product\/armoire-reseau-6u-profondeur-400\/","title":{"rendered":"Armoire R\u00e9seau 6U Profondeur 400"},"content":{"rendered":"","protected":false},"excerpt":{"rendered":"<ul style=\"font-weight: 400;\">\n<li>Capacit\u00e9 de chargement : 20 Kg de charge statique<\/li>\n<li>Structure rigide, largeur 312 mm et profondeur 300 mm assembl\u00e9e m\u00e9caniquement (viss\u00e9e, d\u00e9montable)<\/li>\n<li>Balais passe c\u00e2bles en partie sup\u00e9rieure et obturateur d\u00e9montable en partie inf\u00e9rieure pour le passage des c\u00e2bles<\/li>\n<li>Indice de protection : IP 20<\/li>\n<li>Porte avant simple en verre Securit, avec verrou.<\/li>\n<li>Panneaux lat\u00e9raux non d\u00e9montables<\/li>\n<li>1 paire de montants 10&#8221; (avant), trous carr\u00e9s (9,5 x 9,5 mm), r\u00e9glable en profondeur<\/li>\n<li>Kit de mise \u00e0 la terre<\/li>\n<\/ul>\n","protected":false},"featured_media":23190,"comment_status":"open","ping_status":"closed","template":"","meta":[],"pwb-brand":[],"product_brand":[],"product_cat":[96,88],"product_tag":[],"class_list":{"0":"post-23188","1":"product","2":"type-product","3":"status-publish","4":"has-post-thumbnail","6":"product_cat-cable-et-accessoires","7":"product_cat-camera-de-surveillance","9":"first","10":"instock","11":"shipping-taxable","12":"purchasable","13":"product-type-simple"},"brands":[],"_links":{"self":[{"href":"https:\/\/tssinformatique.tn\/index.php\/wp-json\/wp\/v2\/product\/23188","targetHints":{"allow":["GET"]}}],"collection":[{"href":"https:\/\/tssinformatique.tn\/index.php\/wp-json\/wp\/v2\/product"}],"about":[{"href":"https:\/\/tssinformatique.tn\/index.php\/wp-json\/wp\/v2\/types\/product"}],"replies":[{"embeddable":true,"href":"https:\/\/tssinformatique.tn\/index.php\/wp-json\/wp\/v2\/comments?post=23188"}],"wp:featuredmedia":[{"embeddable":true,"href":"https:\/\/tssinformatique.tn\/index.php\/wp-json\/wp\/v2\/media\/23190"}],"wp:attachment":[{"href":"https:\/\/tssinformatique.tn\/index.php\/wp-json\/wp\/v2\/media?parent=23188"}],"wp:term":[{"taxonomy":"pwb-brand","embeddable":true,"href":"https:\/\/tssinformatique.tn\/index.php\/wp-json\/wp\/v2\/pwb-brand?post=23188"},{"taxonomy":"product_brand","embeddable":true,"href":"https:\/\/tssinformatique.tn\/index.php\/wp-json\/wp\/v2\/product_brand?post=23188"},{"taxonomy":"product_cat","embeddable":true,"href":"https:\/\/tssinformatique.tn\/index.php\/wp-json\/wp\/v2\/product_cat?post=23188"},{"taxonomy":"product_tag","embeddable":true,"href":"https:\/\/tssinformatique.tn\/index.php\/wp-json\/wp\/v2\/product_tag?post=23188"}],"curies":[{"name":"wp","href":"https:\/\/api.w.org\/{rel}","templated":true}]}}