{"id":23164,"date":"2026-03-23T13:42:11","date_gmt":"2026-03-23T13:42:11","guid":{"rendered":"https:\/\/tssinformatique.tn\/?post_type=product&#038;p=23164"},"modified":"2026-03-23T13:42:11","modified_gmt":"2026-03-23T13:42:11","slug":"moniteur-videophone-dhi-vth2621g-p-dahua-ip","status":"publish","type":"product","link":"https:\/\/tssinformatique.tn\/index.php\/product\/moniteur-videophone-dhi-vth2621g-p-dahua-ip\/","title":{"rendered":"Moniteur VIDEOPHONE DHI-VTH2621G-P DAHUA IP"},"content":{"rendered":"","protected":false},"excerpt":{"rendered":"<p data-start=\"49\" data-end=\"74\"><strong data-start=\"49\" data-end=\"74\">Moniteur int\u00e9rieur IP<\/strong><\/p>\n<ul data-start=\"76\" data-end=\"301\">\n<li data-section-id=\"135rgna\" data-start=\"76\" data-end=\"122\">\u00c9cran tactile capacitif TFT 7&#8243;, 1024 \u00d7 600<\/li>\n<li data-section-id=\"i60ueg\" data-start=\"123\" data-end=\"182\">Entr\u00e9e d&#8217;alarme \u00e0 6 canaux et sortie d&#8217;alarme \u00e0 1 canal<\/li>\n<li data-section-id=\"ya5h55\" data-start=\"183\" data-end=\"196\">Norme PoE<\/li>\n<li data-section-id=\"1t8o2pj\" data-start=\"197\" data-end=\"233\">Station de porte et moniteur IPC<\/li>\n<li data-section-id=\"1wkdtdv\" data-start=\"234\" data-end=\"267\">D\u00e9codage vid\u00e9o H.265 et H.264<\/li>\n<li data-section-id=\"47cbd7\" data-start=\"268\" data-end=\"301\">Haute performance et rentable<\/li>\n<\/ul>\n","protected":false},"featured_media":23166,"comment_status":"open","ping_status":"closed","template":"","meta":[],"pwb-brand":[113],"product_brand":[],"product_cat":[58,41],"product_tag":[],"class_list":{"0":"post-23164","1":"product","2":"type-product","3":"status-publish","4":"has-post-thumbnail","6":"pwb-brand-dahua","7":"product_cat-videophone","8":"product_cat-videophone-interphone","10":"first","11":"instock","12":"shipping-taxable","13":"purchasable","14":"product-type-simple"},"brands":[{"id":113,"name":"dahua","slug":"dahua"}],"_links":{"self":[{"href":"https:\/\/tssinformatique.tn\/index.php\/wp-json\/wp\/v2\/product\/23164","targetHints":{"allow":["GET"]}}],"collection":[{"href":"https:\/\/tssinformatique.tn\/index.php\/wp-json\/wp\/v2\/product"}],"about":[{"href":"https:\/\/tssinformatique.tn\/index.php\/wp-json\/wp\/v2\/types\/product"}],"replies":[{"embeddable":true,"href":"https:\/\/tssinformatique.tn\/index.php\/wp-json\/wp\/v2\/comments?post=23164"}],"wp:featuredmedia":[{"embeddable":true,"href":"https:\/\/tssinformatique.tn\/index.php\/wp-json\/wp\/v2\/media\/23166"}],"wp:attachment":[{"href":"https:\/\/tssinformatique.tn\/index.php\/wp-json\/wp\/v2\/media?parent=23164"}],"wp:term":[{"taxonomy":"pwb-brand","embeddable":true,"href":"https:\/\/tssinformatique.tn\/index.php\/wp-json\/wp\/v2\/pwb-brand?post=23164"},{"taxonomy":"product_brand","embeddable":true,"href":"https:\/\/tssinformatique.tn\/index.php\/wp-json\/wp\/v2\/product_brand?post=23164"},{"taxonomy":"product_cat","embeddable":true,"href":"https:\/\/tssinformatique.tn\/index.php\/wp-json\/wp\/v2\/product_cat?post=23164"},{"taxonomy":"product_tag","embeddable":true,"href":"https:\/\/tssinformatique.tn\/index.php\/wp-json\/wp\/v2\/product_tag?post=23164"}],"curies":[{"name":"wp","href":"https:\/\/api.w.org\/{rel}","templated":true}]}}