{"id":23159,"date":"2026-03-15T15:20:45","date_gmt":"2026-03-15T15:20:45","guid":{"rendered":"https:\/\/tssinformatique.tn\/?post_type=product&#038;p=23159"},"modified":"2026-03-15T15:20:45","modified_gmt":"2026-03-15T15:20:45","slug":"camera-dome-2mp-full-hd-hikvision-ir20","status":"publish","type":"product","link":"https:\/\/tssinformatique.tn\/index.php\/product\/camera-dome-2mp-full-hd-hikvision-ir20\/","title":{"rendered":"CAMERA DOME 2MP FULL HD HIKVISION IR20"},"content":{"rendered":"","protected":false},"excerpt":{"rendered":"<ul>\n<li>\u00a0\u00a0Imagerie de haute qualit\u00e9 avec 2 MP , r\u00e9solution 1920 x 1080<\/li>\n<li>\u00b7\u00a0\u00a0\u00a0\u00a0\u00a0\u00a0\u00a0\u00a0\u00a0Objectif fixe 2,8 mm , 3,6 mm<\/li>\n<li>\u00b7\u00a0\u00a0\u00a0\u00a0\u00a0\u00a0\u00a0\u00a0\u00a0Jusqu&#8217;\u00e0 20 m de distance IR pour une imagerie nocturne lumineuse<\/li>\n<li>\u00b7\u00a0\u00a0\u00a0\u00a0\u00a0\u00a0\u00a0\u00a0\u00a0Un port pour quatre\u00a0signaux\u00a0commutables ( TVI\/AHD\/CVI\/CVBS)<\/li>\n<li>\u00b7\u00a0\u00a0\u00a0\u00a0\u00a0\u00a0\u00a0\u00a0\u00a0R\u00e9sistant \u00e0 l&#8217;eau et \u00e0 la poussi\u00e8re (IP76)<\/li>\n<\/ul>\n","protected":false},"featured_media":23157,"comment_status":"open","ping_status":"closed","template":"","meta":[],"pwb-brand":[97],"product_brand":[],"product_cat":[88,142,93],"product_tag":[],"class_list":{"0":"post-23159","1":"product","2":"type-product","3":"status-publish","4":"has-post-thumbnail","6":"pwb-brand-hikvision","7":"product_cat-camera-de-surveillance","8":"product_cat-camera-hd","9":"product_cat-cameras","11":"first","12":"instock","13":"shipping-taxable","14":"purchasable","15":"product-type-simple"},"brands":[{"id":97,"name":"hikvision","slug":"hikvision"}],"_links":{"self":[{"href":"https:\/\/tssinformatique.tn\/index.php\/wp-json\/wp\/v2\/product\/23159","targetHints":{"allow":["GET"]}}],"collection":[{"href":"https:\/\/tssinformatique.tn\/index.php\/wp-json\/wp\/v2\/product"}],"about":[{"href":"https:\/\/tssinformatique.tn\/index.php\/wp-json\/wp\/v2\/types\/product"}],"replies":[{"embeddable":true,"href":"https:\/\/tssinformatique.tn\/index.php\/wp-json\/wp\/v2\/comments?post=23159"}],"wp:featuredmedia":[{"embeddable":true,"href":"https:\/\/tssinformatique.tn\/index.php\/wp-json\/wp\/v2\/media\/23157"}],"wp:attachment":[{"href":"https:\/\/tssinformatique.tn\/index.php\/wp-json\/wp\/v2\/media?parent=23159"}],"wp:term":[{"taxonomy":"pwb-brand","embeddable":true,"href":"https:\/\/tssinformatique.tn\/index.php\/wp-json\/wp\/v2\/pwb-brand?post=23159"},{"taxonomy":"product_brand","embeddable":true,"href":"https:\/\/tssinformatique.tn\/index.php\/wp-json\/wp\/v2\/product_brand?post=23159"},{"taxonomy":"product_cat","embeddable":true,"href":"https:\/\/tssinformatique.tn\/index.php\/wp-json\/wp\/v2\/product_cat?post=23159"},{"taxonomy":"product_tag","embeddable":true,"href":"https:\/\/tssinformatique.tn\/index.php\/wp-json\/wp\/v2\/product_tag?post=23159"}],"curies":[{"name":"wp","href":"https:\/\/api.w.org\/{rel}","templated":true}]}}