{"id":23145,"date":"2026-02-12T13:43:15","date_gmt":"2026-02-12T13:43:15","guid":{"rendered":"https:\/\/tssinformatique.tn\/?post_type=product&#038;p=23145"},"modified":"2026-04-02T14:16:31","modified_gmt":"2026-04-02T14:16:31","slug":"camera-imou-sans-fil-5mp-cruiser-4g","status":"publish","type":"product","link":"https:\/\/tssinformatique.tn\/index.php\/product\/camera-imou-sans-fil-5mp-cruiser-4g\/","title":{"rendered":"Camera IMOU Sans Fil 5MP Cruiser 4G"},"content":{"rendered":"<p>\ud83d\udcf8 Cam\u00e9ra motoris\u00e9e 4G haute r\u00e9solution \u2013 capteur 1\/3\u2033 Progressive Scan CMOS avec 5 MP (2880\u00d71620) pour des images nettes jour et nuit.<br \/>\n\ud83d\udd04 Rotation motoris\u00e9e Pan\/Tilt (355\u00b0 horizontal \/ 0\u201390\u00b0 vertical) pour une couverture panoramique large et contr\u00f4le \u00e0 distance.<br \/>\n\ud83c\udf19 Vision nocturne couleur + LED dissuasion \u2013 \u00e9clairage blanc + voyants rouge\/bleu jusqu\u2019\u00e0 30 m, avec modes avanc\u00e9s nuit.<br \/>\n\ud83d\udce1 Connectivit\u00e9 4G LTE + port Ethernet 100 Mbps \u2013 fonctionne sans Wi-Fi gr\u00e2ce \u00e0 SIM (bandes EU larges support\u00e9es).<br \/>\n\ud83d\udc64 D\u00e9tection intelligente &amp; autotracking \u2013 reconna\u00eet les humains et suit automatiquement les mouvements.<br \/>\n\ud83d\udd0a Audio bidirectionnel + sir\u00e8ne 110 dB \u2013 micro et haut-parleur int\u00e9gr\u00e9s, alertes sonores puissantes.<br \/>\n\ud83d\udcbe Stockage microSD jusqu\u2019\u00e0 512 Go \u2013 enregistrement local sans abonnement (carte non incluse).<br \/>\n\u2601\ufe0f ONVIF et app Imou Life \u2013 acc\u00e8s \u00e0 distance via smartphone (iOS\/Android) ou logiciel PC + compatible Alexa.<br \/>\n\u2699\ufe0f Codec H.265\/H.264, fonctions avanc\u00e9es de d\u00e9tection et zones configurables pour optimisation vid\u00e9o et alertes.<br \/>\n\u2614 \u00c9tanche IP66 pour ext\u00e9rieur \u2013 r\u00e9siste pluie, poussi\u00e8re et temp\u00e9ratures de -20 \u00b0C \u00e0 +50 \u00b0C.<br \/>\n\ud83d\udccf Dimension compacte ~126\u00d7159\u00d7196 mm, poids ~446 g \u2013 installation facile sur murs ou poteaux.<\/p>\n","protected":false},"excerpt":{"rendered":"<article class=\"text-token-text-primary w-full focus:outline-none [--shadow-height:45px] has-data-writing-block:pointer-events-none has-data-writing-block:-mt-(--shadow-height) has-data-writing-block:pt-(--shadow-height) [&amp;:has([data-writing-block])&gt;*]:pointer-events-auto scroll-mt-(--header-height)\" dir=\"auto\" tabindex=\"-1\" data-turn-id=\"59a9fb32-05c0-41d0-b8d9-4003aec626f2\" data-testid=\"conversation-turn-1\" data-scroll-anchor=\"false\" data-turn=\"user\"><\/article>\n<article class=\"text-token-text-primary w-full focus:outline-none [--shadow-height:45px] has-data-writing-block:pointer-events-none has-data-writing-block:-mt-(--shadow-height) has-data-writing-block:pt-(--shadow-height) [&amp;:has([data-writing-block])&gt;*]:pointer-events-auto [content-visibility:auto] supports-[content-visibility:auto]:[contain-intrinsic-size:auto_100lvh] scroll-mt-[calc(var(--header-height)+min(200px,max(70px,20svh)))]\" dir=\"auto\" tabindex=\"-1\" data-turn-id=\"07e5843e-8038-4777-9213-2b3720580f9f\" data-testid=\"conversation-turn-2\" data-scroll-anchor=\"true\" data-turn=\"assistant\">\n<div class=\"text-base my-auto mx-auto pb-10 [--thread-content-margin:--spacing(4)] @w-sm\/main:[--thread-content-margin:--spacing(6)] @w-lg\/main:[--thread-content-margin:--spacing(16)] px-(--thread-content-margin)\">\n<div class=\"[--thread-content-max-width:40rem] @w-lg\/main:[--thread-content-max-width:48rem] mx-auto max-w-(--thread-content-max-width) flex-1 group\/turn-messages focus-visible:outline-hidden relative flex w-full min-w-0 flex-col agent-turn\" tabindex=\"-1\">\n<div class=\"flex max-w-full flex-col grow\">\n<div class=\"min-h-8 text-message relative flex w-full flex-col items-end gap-2 text-start break-words whitespace-normal [.text-message+&amp;]:mt-1\" dir=\"auto\" data-message-author-role=\"assistant\" data-message-id=\"d187e12e-9a3c-4fb5-9bc6-f2999c161ed5\" data-message-model-slug=\"gpt-5-2\">\n<div class=\"flex w-full flex-col gap-1 empty:hidden first:pt-[1px]\">\n<div class=\"markdown prose dark:prose-invert w-full wrap-break-word dark markdown-new-styling\">\n<ul data-start=\"0\" data-end=\"865\" data-is-last-node=\"\" data-is-only-node=\"\">\n<li data-start=\"0\" data-end=\"116\">\n<p data-start=\"2\" data-end=\"116\">Cam\u00e9ra de surveillance ext\u00e9rieure sans fil avec connexion <strong data-start=\"60\" data-end=\"80\">4G via carte SIM<\/strong>, id\u00e9ale pour les zones sans Wi-Fi<\/p>\n<\/li>\n<li data-start=\"117\" data-end=\"187\">\n<p data-start=\"119\" data-end=\"187\">R\u00e9solution <strong data-start=\"130\" data-end=\"151\">5MP (2880 \u00d7 1620)<\/strong> pour une image nette et d\u00e9taill\u00e9e<\/p>\n<\/li>\n<li data-start=\"188\" data-end=\"239\">\n<p data-start=\"190\" data-end=\"239\">Objectif <strong data-start=\"199\" data-end=\"209\">3,6 mm<\/strong> offrant un bon angle de vue<\/p>\n<\/li>\n<li data-start=\"240\" data-end=\"316\">\n<p data-start=\"242\" data-end=\"316\"><strong data-start=\"242\" data-end=\"274\" data-is-only-node=\"\">Vision nocturne jusqu\u2019\u00e0 30 m<\/strong> avec LED infrarouges et \u00e9clairage blanc<\/p>\n<\/li>\n<li data-start=\"317\" data-end=\"390\">\n<p data-start=\"319\" data-end=\"390\"><strong data-start=\"319\" data-end=\"357\" data-is-only-node=\"\">Lumi\u00e8res d\u2019alerte rouges et bleues<\/strong> int\u00e9gr\u00e9es pour effet dissuasif<\/p>\n<\/li>\n<li data-start=\"391\" data-end=\"444\">\n<p data-start=\"393\" data-end=\"444\"><strong data-start=\"393\" data-end=\"412\" data-is-only-node=\"\">Sir\u00e8ne int\u00e9gr\u00e9e<\/strong> activable en cas de d\u00e9tection<\/p>\n<\/li>\n<li data-start=\"445\" data-end=\"520\">\n<p data-start=\"447\" data-end=\"520\"><strong data-start=\"447\" data-end=\"483\" data-is-only-node=\"\">Suivi automatique des mouvements<\/strong> pour une surveillance intelligente<\/p>\n<\/li>\n<li data-start=\"521\" data-end=\"577\">\n<p data-start=\"523\" data-end=\"577\"><strong data-start=\"523\" data-end=\"547\" data-is-only-node=\"\">Audio bidirectionnel<\/strong> pour communiquer \u00e0 distance<\/p>\n<\/li>\n<li data-start=\"578\" data-end=\"633\">\n<p data-start=\"580\" data-end=\"633\">Enregistrement sur <strong data-start=\"599\" data-end=\"631\">carte microSD jusqu\u2019\u00e0 512 Go<\/strong><\/p>\n<\/li>\n<li data-start=\"634\" data-end=\"692\">\n<p data-start=\"636\" data-end=\"692\">Compression vid\u00e9o <strong data-start=\"654\" data-end=\"663\">H.265<\/strong> pour optimiser le stockage<\/p>\n<\/li>\n<li data-start=\"693\" data-end=\"726\">\n<p data-start=\"695\" data-end=\"726\">Compatible <strong data-start=\"706\" data-end=\"724\">ONVIF et Alexa<\/strong><\/p>\n<\/li>\n<li data-start=\"727\" data-end=\"787\">\n<p data-start=\"729\" data-end=\"787\">Gestion et visualisation via l\u2019application <strong data-start=\"772\" data-end=\"785\">IMOU Life<\/strong><\/p>\n<\/li>\n<li data-start=\"788\" data-end=\"865\" data-is-last-node=\"\">\n<p data-start=\"790\" data-end=\"865\" data-is-last-node=\"\">Certification <strong data-start=\"804\" data-end=\"812\">IP66<\/strong>, r\u00e9sistante aux intemp\u00e9ries et adapt\u00e9e \u00e0 l\u2019ext\u00e9rieur<\/p>\n<\/li>\n<\/ul>\n<\/div>\n<\/div>\n<\/div>\n<\/div>\n<\/div>\n<\/div>\n<\/article>\n","protected":false},"featured_media":22712,"comment_status":"open","ping_status":"closed","template":"","meta":[],"pwb-brand":[144],"product_brand":[],"product_cat":[88,143,93],"product_tag":[],"class_list":{"0":"post-23145","1":"product","2":"type-product","3":"status-publish","4":"has-post-thumbnail","6":"pwb-brand-imou","7":"product_cat-camera-de-surveillance","8":"product_cat-camera-wifi","9":"product_cat-cameras","11":"first","12":"instock","13":"shipping-taxable","14":"purchasable","15":"product-type-simple"},"brands":[{"id":144,"name":"IMOU","slug":"imou"}],"_links":{"self":[{"href":"https:\/\/tssinformatique.tn\/index.php\/wp-json\/wp\/v2\/product\/23145","targetHints":{"allow":["GET"]}}],"collection":[{"href":"https:\/\/tssinformatique.tn\/index.php\/wp-json\/wp\/v2\/product"}],"about":[{"href":"https:\/\/tssinformatique.tn\/index.php\/wp-json\/wp\/v2\/types\/product"}],"replies":[{"embeddable":true,"href":"https:\/\/tssinformatique.tn\/index.php\/wp-json\/wp\/v2\/comments?post=23145"}],"wp:featuredmedia":[{"embeddable":true,"href":"https:\/\/tssinformatique.tn\/index.php\/wp-json\/wp\/v2\/media\/22712"}],"wp:attachment":[{"href":"https:\/\/tssinformatique.tn\/index.php\/wp-json\/wp\/v2\/media?parent=23145"}],"wp:term":[{"taxonomy":"pwb-brand","embeddable":true,"href":"https:\/\/tssinformatique.tn\/index.php\/wp-json\/wp\/v2\/pwb-brand?post=23145"},{"taxonomy":"product_brand","embeddable":true,"href":"https:\/\/tssinformatique.tn\/index.php\/wp-json\/wp\/v2\/product_brand?post=23145"},{"taxonomy":"product_cat","embeddable":true,"href":"https:\/\/tssinformatique.tn\/index.php\/wp-json\/wp\/v2\/product_cat?post=23145"},{"taxonomy":"product_tag","embeddable":true,"href":"https:\/\/tssinformatique.tn\/index.php\/wp-json\/wp\/v2\/product_tag?post=23145"}],"curies":[{"name":"wp","href":"https:\/\/api.w.org\/{rel}","templated":true}]}}