{"id":23101,"date":"2025-10-07T00:31:34","date_gmt":"2025-10-07T00:31:34","guid":{"rendered":"https:\/\/tssinformatique.tn\/?post_type=product&#038;p=23101"},"modified":"2025-10-07T00:31:34","modified_gmt":"2025-10-07T00:31:34","slug":"detecteur-de-fumee-ajax-sans-fil","status":"publish","type":"product","link":"https:\/\/tssinformatique.tn\/index.php\/product\/detecteur-de-fumee-ajax-sans-fil\/","title":{"rendered":"DETECTEUR DE FUMEE AJAX SANS FIL"},"content":{"rendered":"","protected":false},"excerpt":{"rendered":"<p>D\u00e9tecteur d&#8217;incendie sans fil avec capteur de temp\u00e9rature qui surveille la s\u00e9curit\u00e9 dans la pi\u00e8ce 24 heures sur 24 et signale imm\u00e9diatement la fum\u00e9e et les \u00e9l\u00e9vations brusques de temp\u00e9rature.<\/p>\n","protected":false},"featured_media":23102,"comment_status":"open","ping_status":"closed","template":"","meta":[],"pwb-brand":[116],"product_brand":[],"product_cat":[45,39],"product_tag":[],"class_list":{"0":"post-23101","1":"product","2":"type-product","3":"status-publish","4":"has-post-thumbnail","6":"pwb-brand-ajax","7":"product_cat-detecteur-de-mouvement","8":"product_cat-systeme-alarme-maison","10":"first","11":"instock","12":"shipping-taxable","13":"purchasable","14":"product-type-simple"},"brands":[{"id":116,"name":"Ajax","slug":"ajax"}],"_links":{"self":[{"href":"https:\/\/tssinformatique.tn\/index.php\/wp-json\/wp\/v2\/product\/23101","targetHints":{"allow":["GET"]}}],"collection":[{"href":"https:\/\/tssinformatique.tn\/index.php\/wp-json\/wp\/v2\/product"}],"about":[{"href":"https:\/\/tssinformatique.tn\/index.php\/wp-json\/wp\/v2\/types\/product"}],"replies":[{"embeddable":true,"href":"https:\/\/tssinformatique.tn\/index.php\/wp-json\/wp\/v2\/comments?post=23101"}],"wp:featuredmedia":[{"embeddable":true,"href":"https:\/\/tssinformatique.tn\/index.php\/wp-json\/wp\/v2\/media\/23102"}],"wp:attachment":[{"href":"https:\/\/tssinformatique.tn\/index.php\/wp-json\/wp\/v2\/media?parent=23101"}],"wp:term":[{"taxonomy":"pwb-brand","embeddable":true,"href":"https:\/\/tssinformatique.tn\/index.php\/wp-json\/wp\/v2\/pwb-brand?post=23101"},{"taxonomy":"product_brand","embeddable":true,"href":"https:\/\/tssinformatique.tn\/index.php\/wp-json\/wp\/v2\/product_brand?post=23101"},{"taxonomy":"product_cat","embeddable":true,"href":"https:\/\/tssinformatique.tn\/index.php\/wp-json\/wp\/v2\/product_cat?post=23101"},{"taxonomy":"product_tag","embeddable":true,"href":"https:\/\/tssinformatique.tn\/index.php\/wp-json\/wp\/v2\/product_tag?post=23101"}],"curies":[{"name":"wp","href":"https:\/\/api.w.org\/{rel}","templated":true}]}}