{"id":23099,"date":"2025-10-07T00:30:28","date_gmt":"2025-10-07T00:30:28","guid":{"rendered":"https:\/\/tssinformatique.tn\/?post_type=product&#038;p=23099"},"modified":"2025-10-07T00:30:28","modified_gmt":"2025-10-07T00:30:28","slug":"contact-sans-fil-ajax","status":"publish","type":"product","link":"https:\/\/tssinformatique.tn\/index.php\/product\/contact-sans-fil-ajax\/","title":{"rendered":"Contact sans fil Ajax"},"content":{"rendered":"","protected":false},"excerpt":{"rendered":"<p>D\u00e9tecteur d\u2019ouverture sans fil qui signale les premiers signes d&#8217;intrusion dans la pi\u00e8ce par effraction d&#8217;une porte ou d&#8217;une fen\u00eatre. Il peut \u00eatre mont\u00e9 sur tous les types de portes, y compris sur une base m\u00e9tallique.<\/p>\n","protected":false},"featured_media":23100,"comment_status":"open","ping_status":"closed","template":"","meta":[],"pwb-brand":[116],"product_brand":[],"product_cat":[45,39],"product_tag":[],"class_list":{"0":"post-23099","1":"product","2":"type-product","3":"status-publish","4":"has-post-thumbnail","6":"pwb-brand-ajax","7":"product_cat-detecteur-de-mouvement","8":"product_cat-systeme-alarme-maison","10":"first","11":"instock","12":"shipping-taxable","13":"purchasable","14":"product-type-simple"},"brands":[{"id":116,"name":"Ajax","slug":"ajax"}],"_links":{"self":[{"href":"https:\/\/tssinformatique.tn\/index.php\/wp-json\/wp\/v2\/product\/23099","targetHints":{"allow":["GET"]}}],"collection":[{"href":"https:\/\/tssinformatique.tn\/index.php\/wp-json\/wp\/v2\/product"}],"about":[{"href":"https:\/\/tssinformatique.tn\/index.php\/wp-json\/wp\/v2\/types\/product"}],"replies":[{"embeddable":true,"href":"https:\/\/tssinformatique.tn\/index.php\/wp-json\/wp\/v2\/comments?post=23099"}],"wp:featuredmedia":[{"embeddable":true,"href":"https:\/\/tssinformatique.tn\/index.php\/wp-json\/wp\/v2\/media\/23100"}],"wp:attachment":[{"href":"https:\/\/tssinformatique.tn\/index.php\/wp-json\/wp\/v2\/media?parent=23099"}],"wp:term":[{"taxonomy":"pwb-brand","embeddable":true,"href":"https:\/\/tssinformatique.tn\/index.php\/wp-json\/wp\/v2\/pwb-brand?post=23099"},{"taxonomy":"product_brand","embeddable":true,"href":"https:\/\/tssinformatique.tn\/index.php\/wp-json\/wp\/v2\/product_brand?post=23099"},{"taxonomy":"product_cat","embeddable":true,"href":"https:\/\/tssinformatique.tn\/index.php\/wp-json\/wp\/v2\/product_cat?post=23099"},{"taxonomy":"product_tag","embeddable":true,"href":"https:\/\/tssinformatique.tn\/index.php\/wp-json\/wp\/v2\/product_tag?post=23099"}],"curies":[{"name":"wp","href":"https:\/\/api.w.org\/{rel}","templated":true}]}}