{"id":23094,"date":"2025-10-07T00:27:11","date_gmt":"2025-10-07T00:27:11","guid":{"rendered":"https:\/\/tssinformatique.tn\/?post_type=product&#038;p=23094"},"modified":"2025-10-07T00:27:11","modified_gmt":"2025-10-07T00:27:11","slug":"sirene-ajax-sans-fil-exterieure","status":"publish","type":"product","link":"https:\/\/tssinformatique.tn\/index.php\/product\/sirene-ajax-sans-fil-exterieure\/","title":{"rendered":"SIRENE AJAX SANS FIL EXTERIEURE"},"content":{"rendered":"","protected":false},"excerpt":{"rendered":"<ul>\n<li>Sir\u00e8ne ext\u00e9rieure sans fil qui signale un danger par le son et la lumi\u00e8re<\/li>\n<li>Sir\u00e8ne pour installation en ext\u00e9rieur pour d\u00e9clencher une alarme afin que tout le monde puisse entendre<\/li>\n<\/ul>\n","protected":false},"featured_media":23096,"comment_status":"open","ping_status":"closed","template":"","meta":[],"pwb-brand":[116],"product_brand":[],"product_cat":[46,39],"product_tag":[],"class_list":{"0":"post-23094","1":"product","2":"type-product","3":"status-publish","4":"has-post-thumbnail","6":"pwb-brand-ajax","7":"product_cat-sirenes-alarme","8":"product_cat-systeme-alarme-maison","10":"first","11":"instock","12":"shipping-taxable","13":"purchasable","14":"product-type-simple"},"brands":[{"id":116,"name":"Ajax","slug":"ajax"}],"_links":{"self":[{"href":"https:\/\/tssinformatique.tn\/index.php\/wp-json\/wp\/v2\/product\/23094","targetHints":{"allow":["GET"]}}],"collection":[{"href":"https:\/\/tssinformatique.tn\/index.php\/wp-json\/wp\/v2\/product"}],"about":[{"href":"https:\/\/tssinformatique.tn\/index.php\/wp-json\/wp\/v2\/types\/product"}],"replies":[{"embeddable":true,"href":"https:\/\/tssinformatique.tn\/index.php\/wp-json\/wp\/v2\/comments?post=23094"}],"wp:featuredmedia":[{"embeddable":true,"href":"https:\/\/tssinformatique.tn\/index.php\/wp-json\/wp\/v2\/media\/23096"}],"wp:attachment":[{"href":"https:\/\/tssinformatique.tn\/index.php\/wp-json\/wp\/v2\/media?parent=23094"}],"wp:term":[{"taxonomy":"pwb-brand","embeddable":true,"href":"https:\/\/tssinformatique.tn\/index.php\/wp-json\/wp\/v2\/pwb-brand?post=23094"},{"taxonomy":"product_brand","embeddable":true,"href":"https:\/\/tssinformatique.tn\/index.php\/wp-json\/wp\/v2\/product_brand?post=23094"},{"taxonomy":"product_cat","embeddable":true,"href":"https:\/\/tssinformatique.tn\/index.php\/wp-json\/wp\/v2\/product_cat?post=23094"},{"taxonomy":"product_tag","embeddable":true,"href":"https:\/\/tssinformatique.tn\/index.php\/wp-json\/wp\/v2\/product_tag?post=23094"}],"curies":[{"name":"wp","href":"https:\/\/api.w.org\/{rel}","templated":true}]}}