{"id":23091,"date":"2025-10-07T00:25:13","date_gmt":"2025-10-07T00:25:13","guid":{"rendered":"https:\/\/tssinformatique.tn\/?post_type=product&#038;p=23091"},"modified":"2025-10-07T00:25:13","modified_gmt":"2025-10-07T00:25:13","slug":"clavier-ajax-sans-fil","status":"publish","type":"product","link":"https:\/\/tssinformatique.tn\/index.php\/product\/clavier-ajax-sans-fil\/","title":{"rendered":"CLAVIER AJAX SANS FIL"},"content":{"rendered":"","protected":false},"excerpt":{"rendered":"<pre style=\"font-weight: 400;\">Install\u00e9 \u00e0 l'int\u00e9rieur du domicile, KeyPad est un clavier sans fil qui commande l'armement et le d\u00e9sarmement de la centrale alarme Ajax\r\n\r\nSes divers dispositifs de s\u00e9curit\u00e9 prot\u00e8gent le clavier de toute tentative de sabotage du syst\u00e8me et de votre maison.<\/pre>\n","protected":false},"featured_media":23092,"comment_status":"open","ping_status":"closed","template":"","meta":[],"pwb-brand":[116],"product_brand":[],"product_cat":[47,39],"product_tag":[],"class_list":{"0":"post-23091","1":"product","2":"type-product","3":"status-publish","4":"has-post-thumbnail","6":"pwb-brand-ajax","7":"product_cat-clavier-alarme","8":"product_cat-systeme-alarme-maison","10":"first","11":"instock","12":"shipping-taxable","13":"purchasable","14":"product-type-simple"},"brands":[{"id":116,"name":"Ajax","slug":"ajax"}],"_links":{"self":[{"href":"https:\/\/tssinformatique.tn\/index.php\/wp-json\/wp\/v2\/product\/23091","targetHints":{"allow":["GET"]}}],"collection":[{"href":"https:\/\/tssinformatique.tn\/index.php\/wp-json\/wp\/v2\/product"}],"about":[{"href":"https:\/\/tssinformatique.tn\/index.php\/wp-json\/wp\/v2\/types\/product"}],"replies":[{"embeddable":true,"href":"https:\/\/tssinformatique.tn\/index.php\/wp-json\/wp\/v2\/comments?post=23091"}],"wp:featuredmedia":[{"embeddable":true,"href":"https:\/\/tssinformatique.tn\/index.php\/wp-json\/wp\/v2\/media\/23092"}],"wp:attachment":[{"href":"https:\/\/tssinformatique.tn\/index.php\/wp-json\/wp\/v2\/media?parent=23091"}],"wp:term":[{"taxonomy":"pwb-brand","embeddable":true,"href":"https:\/\/tssinformatique.tn\/index.php\/wp-json\/wp\/v2\/pwb-brand?post=23091"},{"taxonomy":"product_brand","embeddable":true,"href":"https:\/\/tssinformatique.tn\/index.php\/wp-json\/wp\/v2\/product_brand?post=23091"},{"taxonomy":"product_cat","embeddable":true,"href":"https:\/\/tssinformatique.tn\/index.php\/wp-json\/wp\/v2\/product_cat?post=23091"},{"taxonomy":"product_tag","embeddable":true,"href":"https:\/\/tssinformatique.tn\/index.php\/wp-json\/wp\/v2\/product_tag?post=23091"}],"curies":[{"name":"wp","href":"https:\/\/api.w.org\/{rel}","templated":true}]}}