{"id":23079,"date":"2025-10-07T00:13:35","date_gmt":"2025-10-07T00:13:35","guid":{"rendered":"https:\/\/tssinformatique.tn\/?post_type=product&#038;p=23079"},"modified":"2026-03-31T15:36:42","modified_gmt":"2026-03-31T15:36:42","slug":"kit-alarme-dahua-sans-fil","status":"publish","type":"product","link":"https:\/\/tssinformatique.tn\/index.php\/product\/kit-alarme-dahua-sans-fil\/","title":{"rendered":"KIT ALARME DAHUA SANS FIL"},"content":{"rendered":"<table id=\"table001\" class=\"NEW-TABLE TableOverride-1 tab-drag\">\n<tbody>\n<tr>\n<td colspan=\"60\">Entr\u00e9e et sortie<\/td>\n<\/tr>\n<tr>\n<td colspan=\"18\">Zone de protection sans fil<\/td>\n<td colspan=\"42\">Concentrateur : p\u00e9riph\u00e9riques sans fil \u00e0 150 canaux (6 sir\u00e8nes, 64 porte-cl\u00e9s sans fil)<\/td>\n<\/tr>\n<tr>\n<td colspan=\"60\">Port<\/td>\n<\/tr>\n<tr>\n<td colspan=\"18\">Avertisseur sonore<\/td>\n<td colspan=\"42\">Moyeu\u00a0: Int\u00e9gr\u00e9<\/td>\n<\/tr>\n<tr>\n<td colspan=\"18\">Bouton<\/td>\n<td colspan=\"42\">Concentrateur : 1 \u00d7 r\u00e9initialisation, 1 \u00d7 alimentation, 1 \u00d7 AP<br \/>\nPorte-cl\u00e9s : 4 (Maison, Absent, D\u00e9sarmement et SOS)<br \/>\nD\u00e9tecteur de porte : 1 \u00d7 bouton d&#8217;alimentation<br \/>\nD\u00e9tecteur PIR : 1 \u00d7 bouton d&#8217;alimentation<\/td>\n<\/tr>\n<tr>\n<td colspan=\"18\">Voyant<\/td>\n<td colspan=\"42\">Concentrateur : 1 pour plusieurs \u00e9tats (alarme, armement, d\u00e9sarmement, mise en r\u00e9seau et dysfonctionnement)<br \/>\nT\u00e9l\u00e9commande : 1 \u00d7 indicateur d&#8217;\u00e9tat bicolore (vert : normal, rouge : anormal)<br \/>\nD\u00e9tecteur de porte : 1 \u00d7 indicateur d&#8217;alarme vert<br \/>\nD\u00e9tecteur PIR : 1 \u00d7 vert indicateur d&#8217;alarme<\/td>\n<\/tr>\n<tr>\n<td colspan=\"18\">Batterie de stockage<\/td>\n<td colspan=\"42\">Moyeu\u00a0: batterie au lithium int\u00e9gr\u00e9e<\/td>\n<\/tr>\n<tr>\n<td colspan=\"18\">Mode r\u00e9seau<\/td>\n<td colspan=\"42\">SIM unique (GSM\u00a0: 900\/1\u00a0800\u00a0MHz, WCDMA\u00a0: B1\/B5\/B8, LTE-FDD\u00a0: B1\/B3\/B5\/B7\/B8\/B20, LTE-TDD\u00a0: B38\/B40\/B41)\u00a0;\u00a0double SIM simple veille<\/td>\n<\/tr>\n<tr>\n<td colspan=\"18\">Port r\u00e9seau<\/td>\n<td colspan=\"42\">Concentrateur : 1 \u00d7 port Ethernet RJ-45 10 M\/100 M<\/td>\n<\/tr>\n<tr>\n<td colspan=\"60\">Fonction<\/td>\n<\/tr>\n<tr>\n<td colspan=\"18\">Protocole r\u00e9seau<\/td>\n<td colspan=\"42\">Concentrateur\u00a0: TCP\/IP, y compris PPTP, L2TP, DHCP, UPNP et NTP<\/td>\n<\/tr>\n<tr>\n<td colspan=\"18\">Offline Cache<\/td>\n<td colspan=\"42\">Moyeu\u00a0: Max.\u00a050 entr\u00e9es (ANR)<\/td>\n<\/tr>\n<tr>\n<td colspan=\"18\">Protection contre les pannes de courant pour les param\u00e8tres configur\u00e9s<\/td>\n<td colspan=\"42\">Moyeu : Oui<\/td>\n<\/tr>\n<tr>\n<td colspan=\"18\">Mise \u00e0 jour \u00e0 distance<\/td>\n<td colspan=\"42\">Tous\u00a0: mise \u00e0 jour cloud<\/td>\n<\/tr>\n<tr>\n<td colspan=\"18\">Liaison vid\u00e9o<\/td>\n<td colspan=\"42\">Moyeu : Oui<\/td>\n<\/tr>\n<tr>\n<td colspan=\"18\">SMS<\/td>\n<td colspan=\"42\">Hub : Oui (jusqu&#8217;\u00e0 5 num\u00e9ros de t\u00e9l\u00e9phone)<\/td>\n<\/tr>\n<tr>\n<td colspan=\"18\">Appel t\u00e9l\u00e9phonique<\/td>\n<td colspan=\"42\">Hub : Oui (jusqu&#8217;\u00e0 5 num\u00e9ros de t\u00e9l\u00e9phone)<\/td>\n<\/tr>\n<tr>\n<td colspan=\"18\">Alarme de batterie faible<\/td>\n<td colspan=\"42\">Tous : Oui<\/td>\n<\/tr>\n<tr>\n<td colspan=\"18\">Alarme de sabotage<\/td>\n<td colspan=\"42\">Hub : Oui<br \/>\nD\u00e9tecteur de porte : Oui<br \/>\nD\u00e9tecteur PIR : Oui<\/td>\n<\/tr>\n<tr>\n<td colspan=\"18\">Gestion des utilisateurs<\/td>\n<td colspan=\"42\">Hub\u00a0: fonction de partage pour les utilisateurs de l&#8217;application<\/td>\n<\/tr>\n<tr>\n<td colspan=\"18\">Recherche<\/td>\n<td colspan=\"42\">Hub\u00a0: Recherche de messages push, de l&#8217;\u00e9tat de l&#8217;appareil et de la version du programme.\u00a0D\u00e9tection de la force du signal.<br \/>\nPorte-cl\u00e9s : D\u00e9tection de la force du signal<br \/>\nD\u00e9tecteur de porte : D\u00e9tection de la force du signal<br \/>\nD\u00e9tecteur PIR : D\u00e9tection de la force du signal<\/td>\n<\/tr>\n<tr>\n<td colspan=\"18\">Armer et d\u00e9sarmer<\/td>\n<td colspan=\"42\">Hub\u00a0: application\u00a0;\u00a0porte-cl\u00e9s;\u00a0calendrier<\/td>\n<\/tr>\n<tr>\n<td colspan=\"60\">Sans fil<\/td>\n<\/tr>\n<tr>\n<td colspan=\"18\">Fr\u00e9quence porteuse<\/td>\n<td colspan=\"42\">Tous\u00a0: 868,0\u00a0MHz\u2013868,6\u00a0MHz<\/td>\n<\/tr>\n<tr>\n<td colspan=\"18\">Distance de communication<\/td>\n<td colspan=\"42\">Concentrateur : jusqu&#8217;\u00e0 2 000 m (6 561,68 pieds) dans un espace ouvert<br \/>\nPorte-cl\u00e9s : jusqu&#8217;\u00e0 900 m (2 952,76 pieds) dans un espace ouvert<br \/>\nD\u00e9tecteur de porte : jusqu&#8217;\u00e0 1 200 m (3 937,01 pieds) dans un espace ouvert<br \/>\nD\u00e9tecteur PIR : jusqu&#8217;\u00e0 1 600 m (5 249,34 pi) dans un espace ouvert<\/td>\n<\/tr>\n<tr>\n<td colspan=\"18\">M\u00e9canisme de communication<\/td>\n<td colspan=\"42\">Tout\u00a0: bidirectionnel<\/td>\n<\/tr>\n<tr>\n<td colspan=\"18\">Mode de cryptage<\/td>\n<td colspan=\"42\">Tous\u00a0: AES128<\/td>\n<\/tr>\n<tr>\n<td colspan=\"18\">Saut de fr\u00e9quence<\/td>\n<td colspan=\"42\">Tous : Oui<\/td>\n<\/tr>\n<tr>\n<td colspan=\"18\">Wifi<\/td>\n<td colspan=\"42\">Moyeu : 2.4G<\/td>\n<\/tr>\n<tr>\n<td colspan=\"60\">P\u00e9riph\u00e9riques<\/td>\n<\/tr>\n<tr>\n<td colspan=\"18\">Zone externe<\/td>\n<td colspan=\"42\">D\u00e9tecteur de porte\u00a0: entr\u00e9e \u00e0 contact sec \u00e0 1\u00a0canal<\/td>\n<\/tr>\n<tr>\n<td colspan=\"60\">Temp\u00e9rature<\/td>\n<\/tr>\n<tr>\n<td colspan=\"18\">Plage de mesure (temp\u00e9rature)<\/td>\n<td colspan=\"42\">D\u00e9tecteur de porte : \u201315 \u00b0C \u00e0 +65 \u00b0C (+18,8 \u00b0F \u00e0 +149 \u00b0F) (int\u00e9rieur)<br \/>\nD\u00e9tecteur PIR : \u201315 \u00b0C \u00e0 +65 \u00b0C (+18,8 \u00b0F \u00e0 +149 \u00b0F) ( int\u00e9rieur)<\/td>\n<\/tr>\n<tr>\n<td colspan=\"18\">Pr\u00e9cision de mesure (temp\u00e9rature)<\/td>\n<td colspan=\"42\">D\u00e9tecteur de porte : \u00b1 1 \u00b0C (\u00b1 33,8 \u00b0F)<br \/>\nD\u00e9tecteur PIR : \u00b1 1 \u00b0C (\u00b1 33,8 \u00b0F)<\/td>\n<\/tr>\n<tr>\n<td colspan=\"18\">R\u00e9solution (temp\u00e9rature)<\/td>\n<td colspan=\"42\">D\u00e9tecteur de porte : 1 \u00b0C (33,8 \u00b0F)<br \/>\nD\u00e9tecteur PIR : 1 \u00b0C (33,8 \u00b0F)<\/td>\n<\/tr>\n<tr>\n<td colspan=\"60\">sp\u00e9cification<\/td>\n<\/tr>\n<tr>\n<td colspan=\"18\">Capteur<\/td>\n<td colspan=\"42\">D\u00e9tecteur de porte : Interrupteur Reed<br \/>\nD\u00e9tecteur PIR : Capteur PIR \u00e0 faible bruit \u00e0 deux \u00e9l\u00e9ments<\/td>\n<\/tr>\n<tr>\n<td colspan=\"18\">Mode d&#8217;essai<\/td>\n<td colspan=\"42\">D\u00e9tecteur de porte : Oui<br \/>\nD\u00e9tecteur PIR : Oui<\/td>\n<\/tr>\n<tr>\n<td colspan=\"18\">Sc\u00e9nario<\/td>\n<td colspan=\"42\">D\u00e9tecteur de porte : Portes non m\u00e9talliques<\/td>\n<\/tr>\n<tr>\n<td colspan=\"18\">Distance de d\u00e9placement<\/td>\n<td colspan=\"42\">D\u00e9tecteur de porte : &lt; 40 mm (1,57&#8243;)<\/td>\n<\/tr>\n<tr>\n<td colspan=\"18\">Mode de d\u00e9tection<\/td>\n<td colspan=\"42\">D\u00e9tecteur PIR\u00a0: PIR<\/td>\n<\/tr>\n<tr>\n<td colspan=\"18\">Port\u00e9e de d\u00e9tection<\/td>\n<td colspan=\"42\">D\u00e9tecteur PIR : 12 m (39,37 pi) (90\u00b0) avec une hauteur d&#8217;installation de 2,2 m (7,21 pi)<\/td>\n<\/tr>\n<tr>\n<td colspan=\"18\">Vitesse de d\u00e9tection<\/td>\n<td colspan=\"42\">D\u00e9tecteur PIR : 0,3 m\/s\u20133 m\/s (0,98 pi\/s\u20139,84 pi\/s)<\/td>\n<\/tr>\n<tr>\n<td colspan=\"18\">Niveau d&#8217;immunit\u00e9 aux animaux domestiques<\/td>\n<td colspan=\"42\">D\u00e9tecteur PIR : \u2264 18 kg (39,68 lb)<\/td>\n<\/tr>\n<tr>\n<td colspan=\"18\">Niveau de r\u00e9sistance \u00e0 la lumi\u00e8re blanche<\/td>\n<td colspan=\"42\">D\u00e9tecteur PIR : 6500 lx<\/td>\n<\/tr>\n<tr>\n<td colspan=\"18\">Compensation de temp\u00e9rature num\u00e9rique bidirectionnelle<\/td>\n<td colspan=\"42\">D\u00e9tecteur PIR : Oui, pas d&#8217;att\u00e9nuation de la distance de d\u00e9tection \u00e0 haute temp\u00e9rature<\/td>\n<\/tr>\n<tr>\n<td colspan=\"18\">Sensibilit\u00e9<\/td>\n<td colspan=\"42\">D\u00e9tecteur PIR : 3 niveaux r\u00e9glables<\/td>\n<\/tr>\n<tr>\n<td colspan=\"60\">G\u00e9n\u00e9ral<\/td>\n<\/tr>\n<tr>\n<td colspan=\"18\">Source de courant<\/td>\n<td colspan=\"42\">Concentrateur : 12 V CC, 1,5 A (les adaptateurs d&#8217;alimentation pour l&#8217;Europe, le Royaume-Uni et les \u00c9tats-Unis sont en option)<br \/>\nT\u00e9l\u00e9commande : pile CR2032<br \/>\nD\u00e9tecteur de porte : pile CR123A<br \/>\nD\u00e9tecteur PIR : pile CR123A<\/td>\n<\/tr>\n<tr>\n<td colspan=\"18\">Vie de la batterie<\/td>\n<td colspan=\"42\">Concentrateur\u00a0: Batterie de stockage en veille pendant 12\u00a0heures<br \/>\nT\u00e9l\u00e9commande\u00a0: 5\u00a0ans<br \/>\nD\u00e9tecteur de porte\u00a0: 5\u00a0ans<br \/>\nD\u00e9tecteur PIR\u00a0: 4\u00a0ans<\/td>\n<\/tr>\n<tr>\n<td colspan=\"18\">Consommation d&#8217;\u00e9nergie<\/td>\n<td colspan=\"42\">Porte-cl\u00e9s\u00a0: Max.\u00a0100 mW<br \/>\nD\u00e9tecteur de porte : Max.<br \/>\nD\u00e9tecteur PIR\u00a0125 mW : Max.\u00a0120mW<\/td>\n<\/tr>\n<tr>\n<td colspan=\"18\">Environnement d&#8217;exploitation<\/td>\n<td colspan=\"42\">Concentrateur : \u201310 \u00b0C \u00e0 +50 \u00b0C (+14 \u00b0F \u00e0 +122 \u00b0F) (int\u00e9rieur)<br \/>\nT\u00e9l\u00e9commande : \u201310 \u00b0C \u00e0 +55 \u00b0C (+14 \u00b0F \u00e0 +131 \u00b0F) (int\u00e9rieur)<br \/>\nD\u00e9tecteur de porte : \u201310 \u00b0C \u00e0 +55 \u00b0C (+14 \u00b0F \u00e0 +131 \u00b0F) (int\u00e9rieur)<br \/>\nD\u00e9tecteur PIR : \u201310 \u00b0C \u00e0 +55 \u00b0C (+14 \u00b0F \u00e0 +131 \u00b0F) ( int\u00e9rieur)<\/td>\n<\/tr>\n<tr>\n<td colspan=\"18\">humidit\u00e9 d&#8217;exploitation<\/td>\n<td colspan=\"42\">Tous\u00a0: 10\u00a0% \u00e0 90\u00a0% (HR)<\/td>\n<\/tr>\n<tr>\n<td colspan=\"18\">dimensions du produit<\/td>\n<td colspan=\"42\">Moyeu : 163,0 mm \u00d7 163,0 mm \u00d7 32,0 mm (6,42&#8243;&#8221; \u00d7 6,42&#8243;&#8221; \u00d7 1,26&#8243;&#8221;) (L \u00d7 l \u00d7 H) T\u00e9l\u00e9commande : 60,0 mm \u00d7 39,5 mm \u00d7 15,0 mm (2,36&#8243;&#8221; \u00d7<br \/>\n1,56&#8243;&#8221; \u00d7 0,59 &#8220;&#8221;) (L \u00d7 l \u00d7 H)<br \/>\nD\u00e9tecteur de porte : 100,2 mm \u00d7 20,8 mm \u00d7 20,3 mm (3,94&#8243;&#8221; \u00d7 0,82&#8243;&#8221; \u00d7 0,80&#8243;&#8221;) (L \u00d7 l \u00d7 H) D\u00e9tecteur PIR : 104,0<br \/>\nmm \u00d7 60,0 mm \u00d7 50,0 mm (4,09&#8243;&#8221; \u00d7 2,36&#8243;&#8221; \u00d7 1,97&#8243;&#8221;) (L \u00d7 l \u00d7 H)<\/td>\n<\/tr>\n<tr>\n<td colspan=\"18\">Dimensions de l&#8217;emballage<\/td>\n<td colspan=\"42\">Moyeu : 219,0 mm \u00d7 187,0 mm \u00d7 91,0 mm (8,62&#8243;&#8221; \u00d7 7,36&#8243;&#8221; \u00d7 3,58&#8243;&#8221;) (L \u00d7 l \u00d7 H) T\u00e9l\u00e9commande : 135,0 mm \u00d7 98,5 mm \u00d7 27,8 mm (5,31&#8243;&#8221; \u00d7 3,88&#8243;&#8221; \u00d7<br \/>\n1,09 &#8220;&#8221;) (L \u00d7 l \u00d7 H)<br \/>\nD\u00e9tecteur de porte : 135,0 mm \u00d7 98,5 mm \u00d7 27,8 mm (5,31&#8243;&#8221; \u00d7 3,88&#8243;&#8221; \u00d7 1,09&#8243;&#8221;) (L \u00d7 l \u00d7 H)<br \/>\nD\u00e9tecteur PIR : 135,0 mm \u00d7 98,5 mm \u00d7 56,8 mm (5,31&#8243;&#8221; \u00d7 3,88&#8243;&#8221; \u00d7 2,24&#8243;&#8221;) (L \u00d7 l \u00d7 H)<\/td>\n<\/tr>\n<tr>\n<td colspan=\"18\">Installation<\/td>\n<td colspan=\"42\">Concentrateur\u00a0: support mural\u00a0;\u00a0D\u00e9tecteur de porte de bureau<br \/>\n: Montage sur support<br \/>\nD\u00e9tecteur PIR : Montage mural<\/td>\n<\/tr>\n<tr>\n<td colspan=\"18\">Poids net<\/td>\n<td colspan=\"42\">Concentrateur : 0,38 kg (0,84 lb)<br \/>\nT\u00e9l\u00e9commande : 20 g (0,04 lb)<br \/>\nD\u00e9tecteur de porte : 70 g (0,15 lb)<br \/>\nD\u00e9tecteur PIR : 100 g (0,22 lb)<\/td>\n<\/tr>\n<tr>\n<td colspan=\"18\">Poids brut<\/td>\n<td colspan=\"42\">Concentrateur : 0,8 kg (1,76 lb)<br \/>\nT\u00e9l\u00e9commande : 65 g (0,14 lb)<br \/>\nD\u00e9tecteur de porte : 115 g (0,25 lb)<br \/>\nD\u00e9tecteur PIR : 170 g (0,37 lb)<\/td>\n<\/tr>\n<tr>\n<td colspan=\"18\">Enveloppe<\/td>\n<td colspan=\"42\">Tout : PC + ABS<\/td>\n<\/tr>\n<tr>\n<td colspan=\"18\">Certificats<\/td>\n<td colspan=\"42\">All: CE<\/td>\n<\/tr>\n<\/tbody>\n<\/table>\n","protected":false},"excerpt":{"rendered":"<ul>\n<li>KIT ALARME SANS FILS DAHUA<br \/>\n1 Centrale d\u2019alarme Dahua<br \/>\n1 D\u00e9tecteur de mouvement<br \/>\n1 D\u00e9tecteur d\u2019ouverture sans fil<br \/>\n1 T\u00e9l\u00e9commande<br \/>\n1 Sir\u00e8ne Externe<\/li>\n<\/ul>\n","protected":false},"featured_media":23090,"comment_status":"open","ping_status":"closed","template":"","meta":[],"pwb-brand":[113],"product_brand":[],"product_cat":[44,39],"product_tag":[],"class_list":{"0":"post-23079","1":"product","2":"type-product","3":"status-publish","4":"has-post-thumbnail","6":"pwb-brand-dahua","7":"product_cat-alarme-sans-fil","8":"product_cat-systeme-alarme-maison","10":"first","11":"instock","12":"sale","13":"shipping-taxable","14":"purchasable","15":"product-type-simple"},"brands":[{"id":113,"name":"dahua","slug":"dahua"}],"_links":{"self":[{"href":"https:\/\/tssinformatique.tn\/index.php\/wp-json\/wp\/v2\/product\/23079","targetHints":{"allow":["GET"]}}],"collection":[{"href":"https:\/\/tssinformatique.tn\/index.php\/wp-json\/wp\/v2\/product"}],"about":[{"href":"https:\/\/tssinformatique.tn\/index.php\/wp-json\/wp\/v2\/types\/product"}],"replies":[{"embeddable":true,"href":"https:\/\/tssinformatique.tn\/index.php\/wp-json\/wp\/v2\/comments?post=23079"}],"wp:featuredmedia":[{"embeddable":true,"href":"https:\/\/tssinformatique.tn\/index.php\/wp-json\/wp\/v2\/media\/23090"}],"wp:attachment":[{"href":"https:\/\/tssinformatique.tn\/index.php\/wp-json\/wp\/v2\/media?parent=23079"}],"wp:term":[{"taxonomy":"pwb-brand","embeddable":true,"href":"https:\/\/tssinformatique.tn\/index.php\/wp-json\/wp\/v2\/pwb-brand?post=23079"},{"taxonomy":"product_brand","embeddable":true,"href":"https:\/\/tssinformatique.tn\/index.php\/wp-json\/wp\/v2\/product_brand?post=23079"},{"taxonomy":"product_cat","embeddable":true,"href":"https:\/\/tssinformatique.tn\/index.php\/wp-json\/wp\/v2\/product_cat?post=23079"},{"taxonomy":"product_tag","embeddable":true,"href":"https:\/\/tssinformatique.tn\/index.php\/wp-json\/wp\/v2\/product_tag?post=23079"}],"curies":[{"name":"wp","href":"https:\/\/api.w.org\/{rel}","templated":true}]}}