{"id":23048,"date":"2025-10-06T14:02:34","date_gmt":"2025-10-06T14:02:34","guid":{"rendered":"https:\/\/tssinformatique.tn\/?post_type=product&#038;p=23048"},"modified":"2026-02-20T14:20:47","modified_gmt":"2026-02-20T14:20:47","slug":"carte-rfid-13-56mhz-nfc","status":"publish","type":"product","link":"https:\/\/tssinformatique.tn\/index.php\/product\/carte-rfid-13-56mhz-nfc\/","title":{"rendered":"Carte RFID 13.56MHz NFC"},"content":{"rendered":"","protected":false},"excerpt":{"rendered":"<div id=\"tabs-description\" class=\"tab-pane show active\" role=\"tabpanel\">\n<p>Carte RFID 13.56Mhz , Il s\u2019agit d\u2019une carte RFID 13,56 MHz utilis\u00e9e pour la transmission sans contact de donn\u00e9es et fournit de l\u2019\u00e9nergie sans batterie n\u00e9cessaire. Sa distance de fonctionnement est jusqu\u2019\u00e0 1 m\u00e8tre selon la g\u00e9om\u00e9trie de l\u2019antenne. La fr\u00e9quence de fonctionnement est de 13,56 MHz et la vitesse de transfert des donn\u00e9es est de 106 kbit\/s<\/p>\n<\/div>\n<div id=\"tabs-1\" class=\"tab-pane\" role=\"tabpanel\"><\/div>\n","protected":false},"featured_media":23049,"comment_status":"open","ping_status":"closed","template":"","meta":[],"pwb-brand":[],"product_brand":[],"product_cat":[158,133],"product_tag":[],"class_list":{"0":"post-23048","1":"product","2":"type-product","3":"status-publish","4":"has-post-thumbnail","6":"product_cat-accessoires-controle-dacces","7":"product_cat-pointeuse-et-controle-daccess","9":"first","10":"instock","11":"shipping-taxable","12":"purchasable","13":"product-type-simple"},"brands":[],"_links":{"self":[{"href":"https:\/\/tssinformatique.tn\/index.php\/wp-json\/wp\/v2\/product\/23048","targetHints":{"allow":["GET"]}}],"collection":[{"href":"https:\/\/tssinformatique.tn\/index.php\/wp-json\/wp\/v2\/product"}],"about":[{"href":"https:\/\/tssinformatique.tn\/index.php\/wp-json\/wp\/v2\/types\/product"}],"replies":[{"embeddable":true,"href":"https:\/\/tssinformatique.tn\/index.php\/wp-json\/wp\/v2\/comments?post=23048"}],"wp:featuredmedia":[{"embeddable":true,"href":"https:\/\/tssinformatique.tn\/index.php\/wp-json\/wp\/v2\/media\/23049"}],"wp:attachment":[{"href":"https:\/\/tssinformatique.tn\/index.php\/wp-json\/wp\/v2\/media?parent=23048"}],"wp:term":[{"taxonomy":"pwb-brand","embeddable":true,"href":"https:\/\/tssinformatique.tn\/index.php\/wp-json\/wp\/v2\/pwb-brand?post=23048"},{"taxonomy":"product_brand","embeddable":true,"href":"https:\/\/tssinformatique.tn\/index.php\/wp-json\/wp\/v2\/product_brand?post=23048"},{"taxonomy":"product_cat","embeddable":true,"href":"https:\/\/tssinformatique.tn\/index.php\/wp-json\/wp\/v2\/product_cat?post=23048"},{"taxonomy":"product_tag","embeddable":true,"href":"https:\/\/tssinformatique.tn\/index.php\/wp-json\/wp\/v2\/product_tag?post=23048"}],"curies":[{"name":"wp","href":"https:\/\/api.w.org\/{rel}","templated":true}]}}