{"id":22810,"date":"2025-07-07T00:51:12","date_gmt":"2025-07-07T00:51:12","guid":{"rendered":"https:\/\/tssinformatique.tn\/?post_type=product&#038;p=22810"},"modified":"2025-07-07T00:53:00","modified_gmt":"2025-07-07T00:53:00","slug":"serrure-de-porte-intelligente-wifi-avec-empreinte-schutz","status":"publish","type":"product","link":"https:\/\/tssinformatique.tn\/index.php\/product\/serrure-de-porte-intelligente-wifi-avec-empreinte-schutz\/","title":{"rendered":"Serrure de porte intelligente WIFI avec empreinte  SCHUTZ"},"content":{"rendered":"<p><a href=\"https:\/\/tssinformatique.tn\/wp-content\/uploads\/2025\/07\/User-Manual-Tuya-Serratura-Biometrica-Smart-WiFi-Reversibile-con-Blocco-Maniglia.pdf\">User Manual<\/a><\/p>\n<table width=\"100%\">\n<thead>\n<tr>\n<th colspan=\"2\">SHL-ENZO-EUB Smart Lock Product Description<\/th>\n<\/tr>\n<\/thead>\n<tbody>\n<tr>\n<td>Product Color<\/td>\n<td>Black<\/td>\n<\/tr>\n<tr>\n<td>Product Material<\/td>\n<td>Aluminum Alloy<\/td>\n<\/tr>\n<tr>\n<td>Fingerprint Sensor<\/td>\n<td>Semiconductor<\/td>\n<\/tr>\n<tr>\n<td>Typical Quiescent Current<\/td>\n<td>55 microamps<\/td>\n<\/tr>\n<tr>\n<td>Working Current<\/td>\n<td>280 mA (strong driving capability)<\/td>\n<\/tr>\n<tr>\n<td>Fingerprint Storage Capacity<\/td>\n<td>100<\/td>\n<\/tr>\n<tr>\n<td>Password Storage Capacity<\/td>\n<td>100<\/td>\n<\/tr>\n<tr>\n<td>Card Storage Capacity<\/td>\n<td>100<\/td>\n<\/tr>\n<tr>\n<td>Number of Door Opening Remote Controls<\/td>\n<td>30<\/td>\n<\/tr>\n<tr>\n<td>Opening Method<\/td>\n<td>Fingerprint, Password, Card, Mechanical Key<\/td>\n<\/tr>\n<tr>\n<td>Resolution<\/td>\n<td>500 DPI<\/td>\n<\/tr>\n<tr>\n<td>Rejection Rate<\/td>\n<td>0.15%<\/td>\n<\/tr>\n<tr>\n<td>False Recognition Rate<\/td>\n<td>0.00004%<\/td>\n<\/tr>\n<tr>\n<td>Power Supply Type<\/td>\n<td>4 AA Batteries<\/td>\n<\/tr>\n<tr>\n<td>Emergency Power Supply<\/td>\n<td>USB Charging<\/td>\n<\/tr>\n<tr>\n<td>Working Temperature<\/td>\n<td>-10 to 60 \u2103<\/td>\n<\/tr>\n<tr>\n<td>Relative Temperature<\/td>\n<td>20% to 93%<\/td>\n<\/tr>\n<\/tbody>\n<\/table>\n","protected":false},"excerpt":{"rendered":"<p class=\"text-muted my-2\">Serrure de porte intelligente num\u00e9rique d&#8217;empreinte digitale \u00e9lectronique de s\u00e9curit\u00e9 biom\u00e9trique num\u00e9rique sans cl\u00e9 d&#8217;application de WIFI Tuya for l&#8217;usage ext\u00e9rieur \u00e0 la maison<\/p>\n<form action=\"https:\/\/www.cdsecurity.tn\/shop\/cart\/update\" method=\"POST\">\n<div class=\"js_product js_main_product mb-3\">\n<div>\n<div class=\"product_price mt-2 mb-3 d-inline-block\"><a href=\"https:\/\/tssinformatique.tn\/wp-content\/uploads\/2025\/07\/SHL-ENZO-EUB-datasheet-2.pdf\">Fiche Technique<\/a><\/div>\n<\/div>\n<\/div>\n<\/form>\n","protected":false},"featured_media":22814,"comment_status":"open","ping_status":"closed","template":"","meta":[],"pwb-brand":[],"product_brand":[],"product_cat":[135,133],"product_tag":[],"class_list":{"0":"post-22810","1":"product","2":"type-product","3":"status-publish","4":"has-post-thumbnail","6":"product_cat-controle-dacces","7":"product_cat-pointeuse-et-controle-daccess","9":"first","10":"instock","11":"shipping-taxable","12":"purchasable","13":"product-type-simple"},"brands":[],"_links":{"self":[{"href":"https:\/\/tssinformatique.tn\/index.php\/wp-json\/wp\/v2\/product\/22810","targetHints":{"allow":["GET"]}}],"collection":[{"href":"https:\/\/tssinformatique.tn\/index.php\/wp-json\/wp\/v2\/product"}],"about":[{"href":"https:\/\/tssinformatique.tn\/index.php\/wp-json\/wp\/v2\/types\/product"}],"replies":[{"embeddable":true,"href":"https:\/\/tssinformatique.tn\/index.php\/wp-json\/wp\/v2\/comments?post=22810"}],"wp:featuredmedia":[{"embeddable":true,"href":"https:\/\/tssinformatique.tn\/index.php\/wp-json\/wp\/v2\/media\/22814"}],"wp:attachment":[{"href":"https:\/\/tssinformatique.tn\/index.php\/wp-json\/wp\/v2\/media?parent=22810"}],"wp:term":[{"taxonomy":"pwb-brand","embeddable":true,"href":"https:\/\/tssinformatique.tn\/index.php\/wp-json\/wp\/v2\/pwb-brand?post=22810"},{"taxonomy":"product_brand","embeddable":true,"href":"https:\/\/tssinformatique.tn\/index.php\/wp-json\/wp\/v2\/product_brand?post=22810"},{"taxonomy":"product_cat","embeddable":true,"href":"https:\/\/tssinformatique.tn\/index.php\/wp-json\/wp\/v2\/product_cat?post=22810"},{"taxonomy":"product_tag","embeddable":true,"href":"https:\/\/tssinformatique.tn\/index.php\/wp-json\/wp\/v2\/product_tag?post=22810"}],"curies":[{"name":"wp","href":"https:\/\/api.w.org\/{rel}","templated":true}]}}