{"id":22808,"date":"2025-07-07T00:01:33","date_gmt":"2025-07-07T00:01:33","guid":{"rendered":"https:\/\/tssinformatique.tn\/?post_type=product&#038;p=22808"},"modified":"2026-03-31T15:49:41","modified_gmt":"2026-03-31T15:49:41","slug":"kit-alarme-hybride-hikvision-pha64-kit-wb","status":"publish","type":"product","link":"https:\/\/tssinformatique.tn\/index.php\/product\/kit-alarme-hybride-hikvision-pha64-kit-wb\/","title":{"rendered":"KIT ALARME HYBRIDE HIKVISION PHA64-KIT-WB"},"content":{"rendered":"<p data-start=\"164\" data-end=\"467\">Le <strong data-start=\"167\" data-end=\"204\">panneau de contr\u00f4le AX Hybrid Pro<\/strong> est un syst\u00e8me d&#8217;alarme filaire permettant l\u2019ajout de d\u00e9tecteurs sans fil. C\u2019est le <strong data-start=\"289\" data-end=\"320\">premier panneau de contr\u00f4le<\/strong> compatible avec la technologie <strong data-start=\"352\" data-end=\"376\">RS-485 haute vitesse<\/strong>, utilis\u00e9e pour transmettre des vid\u00e9os\/images de v\u00e9rification \u00e0 partir de capteurs PIR-CAM.<\/p>\n<p data-start=\"469\" data-end=\"708\">Ce panneau hybride prend \u00e9galement en charge une <strong data-start=\"518\" data-end=\"555\">biblioth\u00e8que vocale personnalis\u00e9e<\/strong> : les utilisateurs peuvent y t\u00e9l\u00e9charger leurs propres fichiers audio qui seront diffus\u00e9s lors d\u2019un appel t\u00e9l\u00e9phonique en cas de d\u00e9clenchement d\u2019alarme.<\/p>\n<h3 data-start=\"710\" data-end=\"747\"><strong data-start=\"714\" data-end=\"747\">Fonctionnalit\u00e9s principales :<\/strong><\/h3>\n<ul data-start=\"749\" data-end=\"2049\">\n<li data-start=\"749\" data-end=\"798\">\n<p data-start=\"751\" data-end=\"798\"><strong data-start=\"751\" data-end=\"780\">8 zones filaires directes<\/strong> sur le panneau.<\/p>\n<\/li>\n<li data-start=\"799\" data-end=\"895\">\n<p data-start=\"801\" data-end=\"895\"><strong data-start=\"801\" data-end=\"832\">Extensible jusqu\u2019\u00e0 64 zones<\/strong> (56 zones sans fil ou filaires via des modules d\u2019extension).<\/p>\n<\/li>\n<li data-start=\"896\" data-end=\"983\">\n<p data-start=\"898\" data-end=\"983\"><strong data-start=\"898\" data-end=\"921\">2 sorties int\u00e9gr\u00e9es<\/strong> + jusqu\u2019\u00e0 <strong data-start=\"932\" data-end=\"980\">62 sorties filaires\/sans fil suppl\u00e9mentaires<\/strong>.<\/p>\n<\/li>\n<li data-start=\"984\" data-end=\"1081\">\n<p data-start=\"986\" data-end=\"1081\">Compatible avec le nouveau <strong data-start=\"1013\" data-end=\"1059\">d\u00e9tecteur PIR + CAM filaire DS-PDPC12P-EG2<\/strong> (jusqu\u2019\u00e0 8 unit\u00e9s).<\/p>\n<\/li>\n<li data-start=\"1082\" data-end=\"1358\">\n<p data-start=\"1084\" data-end=\"1358\">Supporte l\u2019ajout de <strong data-start=\"1104\" data-end=\"1120\">4 cam\u00e9ras IP<\/strong> au panneau pour une <strong data-start=\"1141\" data-end=\"1164\">vid\u00e9o de 7 secondes<\/strong> lors du d\u00e9clenchement d\u2019un d\u00e9tecteur (pr\u00e9-alarme de 5 sec + post-alarme de 2 sec ou pr\u00e9-alarme de 2 sec + post-alarme de 5 sec), avec envoi vers <strong data-start=\"1310\" data-end=\"1355\">email ou application mobile (Hik-Connect)<\/strong>.<\/p>\n<\/li>\n<li data-start=\"1359\" data-end=\"1432\">\n<p data-start=\"1361\" data-end=\"1432\">Compatible avec les <strong data-start=\"1381\" data-end=\"1413\">expanseurs de zones sans fil<\/strong> (DS-PM1-RT-HWB).<\/p>\n<\/li>\n<li data-start=\"1433\" data-end=\"1508\">\n<p data-start=\"1435\" data-end=\"1508\">Compatible avec les <strong data-start=\"1455\" data-end=\"1489\">expanseurs de 8 zones filaires<\/strong> (DS-PM1-I8O2-H).<\/p>\n<\/li>\n<li data-start=\"1509\" data-end=\"1565\">\n<p data-start=\"1511\" data-end=\"1565\">Supporte <strong data-start=\"1520\" data-end=\"1540\">1 sir\u00e8ne filaire<\/strong> connect\u00e9e directement.<\/p>\n<\/li>\n<li data-start=\"1566\" data-end=\"1733\">\n<p data-start=\"1568\" data-end=\"1733\">Prise en charge de <strong data-start=\"1587\" data-end=\"1618\">64 t\u00e9l\u00e9commandes DS-PKF1-WB<\/strong> pour l\u2019armement\/d\u00e9sarmement (n\u00e9cessite au moins un module r\u00e9cepteur DS-PM1-RT-HWB ou un clavier DS-PK1-LRT-HWB).<\/p>\n<\/li>\n<li data-start=\"1734\" data-end=\"1814\">\n<p data-start=\"1736\" data-end=\"1814\">Prise en charge de <strong data-start=\"1755\" data-end=\"1773\">64 tags Mifare<\/strong> (n\u00e9cessite un clavier DS-PK1-LRT-HWB).<\/p>\n<\/li>\n<li data-start=\"1815\" data-end=\"1907\">\n<p data-start=\"1817\" data-end=\"1907\">Notifications via <strong data-start=\"1835\" data-end=\"1867\">application Hik-Connect, SMS<\/strong> (avec module DS-PM2-S(AU)) ou locale.<\/p>\n<\/li>\n<li data-start=\"1908\" data-end=\"1938\">\n<p data-start=\"1910\" data-end=\"1938\">Jusqu\u2019\u00e0 <strong data-start=\"1918\" data-end=\"1935\">32 partitions<\/strong>.<\/p>\n<\/li>\n<li data-start=\"1939\" data-end=\"1990\">\n<p data-start=\"1941\" data-end=\"1990\">Supporte jusqu\u2019\u00e0 <strong data-start=\"1958\" data-end=\"1987\">8 claviers DS-PK1-LRT-HWB<\/strong>.<\/p>\n<\/li>\n<li data-start=\"1991\" data-end=\"2049\">\n<p data-start=\"1993\" data-end=\"2049\"><strong data-start=\"1993\" data-end=\"2028\">Batterie de secours non incluse<\/strong> (vendue s\u00e9par\u00e9ment)<\/p>\n<p><iframe title=\"Sistema de alarma de seguridad AX Hybrid PRO mayor flexibilidad con un gran rendimiento\" width=\"1290\" height=\"726\" src=\"https:\/\/www.youtube.com\/embed\/aV_E0Xy9xZg?start=139&#038;feature=oembed\" frameborder=\"0\" allow=\"accelerometer; autoplay; clipboard-write; encrypted-media; gyroscope; picture-in-picture; web-share\" referrerpolicy=\"strict-origin-when-cross-origin\" allowfullscreen><\/iframe><\/li>\n<\/ul>\n","protected":false},"excerpt":{"rendered":"<h3 data-start=\"2056\" data-end=\"2080\"><strong data-start=\"2060\" data-end=\"2080\">Contenu du Kit :<\/strong><\/h3>\n<ul data-start=\"2082\" data-end=\"2495\">\n<li data-start=\"2082\" data-end=\"2149\">\n<p data-start=\"2084\" data-end=\"2149\"><strong data-start=\"2084\" data-end=\"2103\">1 x DS-PHA64-LP<\/strong> : Panneau d&#8217;alarme Ax Hybrid Pro \u2013 64 zones<\/p>\n<\/li>\n<li data-start=\"2150\" data-end=\"2218\">\n<p data-start=\"2152\" data-end=\"2218\"><strong data-start=\"2152\" data-end=\"2174\">1 x DS-PK1-LRT-HWB<\/strong> : Clavier LCD avec lecteur de tag int\u00e9gr\u00e9<\/p>\n<\/li>\n<li data-start=\"2219\" data-end=\"2288\">\n<p data-start=\"2221\" data-end=\"2288\"><strong data-start=\"2221\" data-end=\"2241\">1 x DS-PD1-MC-WS<\/strong> : Contact magn\u00e9tique pour portes et fen\u00eatres<\/p>\n<\/li>\n<li data-start=\"2289\" data-end=\"2373\">\n<p data-start=\"2291\" data-end=\"2373\"><strong data-start=\"2291\" data-end=\"2311\">2 x DS-PDP18-EG2<\/strong> : D\u00e9tecteurs PIR filaires pour int\u00e9rieur (port\u00e9e max. 18 m)<\/p>\n<\/li>\n<li data-start=\"2374\" data-end=\"2443\">\n<p data-start=\"2376\" data-end=\"2443\"><strong data-start=\"2376\" data-end=\"2394\">1 x DS-PKF1-WB<\/strong> : T\u00e9l\u00e9commande sans fil (armement\/d\u00e9sarmement)<\/p>\n<\/li>\n<li data-start=\"2444\" data-end=\"2495\">\n<p data-start=\"2446\" data-end=\"2495\"><strong data-start=\"2446\" data-end=\"2462\">2 x DS-PT-M1<\/strong> : Tags pour armement\/d\u00e9sarmement<\/p>\n<\/li>\n<\/ul>\n","protected":false},"featured_media":22809,"comment_status":"open","ping_status":"closed","template":"","meta":[],"pwb-brand":[97],"product_brand":[],"product_cat":[43,39],"product_tag":[],"class_list":{"0":"post-22808","1":"product","2":"type-product","3":"status-publish","4":"has-post-thumbnail","6":"pwb-brand-hikvision","7":"product_cat-alarme-filaire","8":"product_cat-systeme-alarme-maison","10":"first","11":"instock","12":"shipping-taxable","13":"purchasable","14":"product-type-simple"},"brands":[{"id":97,"name":"hikvision","slug":"hikvision"}],"_links":{"self":[{"href":"https:\/\/tssinformatique.tn\/index.php\/wp-json\/wp\/v2\/product\/22808","targetHints":{"allow":["GET"]}}],"collection":[{"href":"https:\/\/tssinformatique.tn\/index.php\/wp-json\/wp\/v2\/product"}],"about":[{"href":"https:\/\/tssinformatique.tn\/index.php\/wp-json\/wp\/v2\/types\/product"}],"replies":[{"embeddable":true,"href":"https:\/\/tssinformatique.tn\/index.php\/wp-json\/wp\/v2\/comments?post=22808"}],"wp:featuredmedia":[{"embeddable":true,"href":"https:\/\/tssinformatique.tn\/index.php\/wp-json\/wp\/v2\/media\/22809"}],"wp:attachment":[{"href":"https:\/\/tssinformatique.tn\/index.php\/wp-json\/wp\/v2\/media?parent=22808"}],"wp:term":[{"taxonomy":"pwb-brand","embeddable":true,"href":"https:\/\/tssinformatique.tn\/index.php\/wp-json\/wp\/v2\/pwb-brand?post=22808"},{"taxonomy":"product_brand","embeddable":true,"href":"https:\/\/tssinformatique.tn\/index.php\/wp-json\/wp\/v2\/product_brand?post=22808"},{"taxonomy":"product_cat","embeddable":true,"href":"https:\/\/tssinformatique.tn\/index.php\/wp-json\/wp\/v2\/product_cat?post=22808"},{"taxonomy":"product_tag","embeddable":true,"href":"https:\/\/tssinformatique.tn\/index.php\/wp-json\/wp\/v2\/product_tag?post=22808"}],"curies":[{"name":"wp","href":"https:\/\/api.w.org\/{rel}","templated":true}]}}