{"id":22783,"date":"2025-07-02T19:29:02","date_gmt":"2025-07-02T19:29:02","guid":{"rendered":"https:\/\/tssinformatique.tn\/?post_type=product&#038;p=22783"},"modified":"2026-02-20T14:43:50","modified_gmt":"2026-02-20T14:43:50","slug":"disque-dur-de-surveillance-western-digital-4-to","status":"publish","type":"product","link":"https:\/\/tssinformatique.tn\/index.php\/product\/disque-dur-de-surveillance-western-digital-4-to\/","title":{"rendered":"Disque Dur de surveillance Western Digital 4 To"},"content":{"rendered":"<p><a href=\"https:\/\/en.wikipedia.org\/wiki\/Western_Digital\">Le disque dur<\/a>\u00a0 interne Western Digital Scorpio d\u00e9gage les meilleures performances dans sa cat\u00e9gorie avec une faible consommation \u00e9lectrique comparable \u00e0 celle des disques d\u2019ordinateurs portables beaucoup plus lents. De surcro\u00eet, vous appr\u00e9cierez le disque de 2,5 pouces le plus silencieux sur le march\u00e9 avec une technologie de protection des donn\u00e9es en temps r\u00e9el pour assurer la s\u00e9curit\u00e9 de vos donn\u00e9es<\/p>\n<p>.<img fetchpriority=\"high\" decoding=\"async\" class=\"alignnone wp-image-22784\" src=\"https:\/\/tssinformatique.tn\/wp-content\/uploads\/2025\/07\/western-digital-purple-surveillance-4to-64mo-cache-300x300.png\" alt=\"\" width=\"257\" height=\"257\" srcset=\"https:\/\/tssinformatique.tn\/wp-content\/uploads\/2025\/07\/western-digital-purple-surveillance-4to-64mo-cache-300x300.png 300w, https:\/\/tssinformatique.tn\/wp-content\/uploads\/2025\/07\/western-digital-purple-surveillance-4to-64mo-cache-150x150.png 150w, https:\/\/tssinformatique.tn\/wp-content\/uploads\/2025\/07\/western-digital-purple-surveillance-4to-64mo-cache-768x768.png 768w, https:\/\/tssinformatique.tn\/wp-content\/uploads\/2025\/07\/western-digital-purple-surveillance-4to-64mo-cache-600x600.png 600w, https:\/\/tssinformatique.tn\/wp-content\/uploads\/2025\/07\/western-digital-purple-surveillance-4to-64mo-cache-100x100.png 100w, https:\/\/tssinformatique.tn\/wp-content\/uploads\/2025\/07\/western-digital-purple-surveillance-4to-64mo-cache.png 800w\" sizes=\"(max-width: 257px) 100vw, 257px\" \/><\/p>\n","protected":false},"excerpt":{"rendered":"<ul>\n<li>Capacit\u00e9 4 To<\/li>\n<li>Format 3.5<\/li>\n<li>Vitesse de rotation 7200 RPM<\/li>\n<li>Taille du cache 64 Mo<\/li>\n<li>Utilisation pour NAS<\/li>\n<li>Prend en charge jusqu\u2019\u00e0 64 cam\u00e9ras<\/li>\n<\/ul>\n","protected":false},"featured_media":22784,"comment_status":"open","ping_status":"closed","template":"","meta":[],"pwb-brand":[],"product_brand":[],"product_cat":[88,132],"product_tag":[],"class_list":{"0":"post-22783","1":"product","2":"type-product","3":"status-publish","4":"has-post-thumbnail","6":"product_cat-camera-de-surveillance","7":"product_cat-disques-internes-pour-videosurveillance","9":"first","10":"instock","11":"shipping-taxable","12":"purchasable","13":"product-type-simple"},"brands":[],"_links":{"self":[{"href":"https:\/\/tssinformatique.tn\/index.php\/wp-json\/wp\/v2\/product\/22783","targetHints":{"allow":["GET"]}}],"collection":[{"href":"https:\/\/tssinformatique.tn\/index.php\/wp-json\/wp\/v2\/product"}],"about":[{"href":"https:\/\/tssinformatique.tn\/index.php\/wp-json\/wp\/v2\/types\/product"}],"replies":[{"embeddable":true,"href":"https:\/\/tssinformatique.tn\/index.php\/wp-json\/wp\/v2\/comments?post=22783"}],"wp:featuredmedia":[{"embeddable":true,"href":"https:\/\/tssinformatique.tn\/index.php\/wp-json\/wp\/v2\/media\/22784"}],"wp:attachment":[{"href":"https:\/\/tssinformatique.tn\/index.php\/wp-json\/wp\/v2\/media?parent=22783"}],"wp:term":[{"taxonomy":"pwb-brand","embeddable":true,"href":"https:\/\/tssinformatique.tn\/index.php\/wp-json\/wp\/v2\/pwb-brand?post=22783"},{"taxonomy":"product_brand","embeddable":true,"href":"https:\/\/tssinformatique.tn\/index.php\/wp-json\/wp\/v2\/product_brand?post=22783"},{"taxonomy":"product_cat","embeddable":true,"href":"https:\/\/tssinformatique.tn\/index.php\/wp-json\/wp\/v2\/product_cat?post=22783"},{"taxonomy":"product_tag","embeddable":true,"href":"https:\/\/tssinformatique.tn\/index.php\/wp-json\/wp\/v2\/product_tag?post=22783"}],"curies":[{"name":"wp","href":"https:\/\/api.w.org\/{rel}","templated":true}]}}