{"id":22760,"date":"2025-05-19T18:21:31","date_gmt":"2025-05-19T18:21:31","guid":{"rendered":"https:\/\/tssinformatique.tn\/?post_type=product&#038;p=22760"},"modified":"2025-07-02T20:30:58","modified_gmt":"2025-07-02T20:30:58","slug":"nvr-hilook-4-entrees-2mp","status":"publish","type":"product","link":"https:\/\/tssinformatique.tn\/index.php\/product\/nvr-hilook-4-entrees-2mp\/","title":{"rendered":"NVR HILOOK \u2013 4 canaux PoE"},"content":{"rendered":"<table class=\"table table-striped\">\n<tbody>\n<tr>\n<td><strong>Vid\u00e9o Et Audio<\/strong><\/td>\n<td><\/td>\n<\/tr>\n<tr>\n<td>Entr\u00e9e Vid\u00e9o IP<\/td>\n<td>4 voies<\/td>\n<\/tr>\n<tr>\n<td>R\u00e9solution<\/td>\n<td>jusqu&#8217;\u00e0 6 MP<\/td>\n<\/tr>\n<tr>\n<td>Bande Passante Entrante \/\u00a0 Sortante<\/td>\n<td>40 Mbit\/s \/ 60 Mbit\/s<\/td>\n<\/tr>\n<tr>\n<td>Sortie HDMI<br \/>\nSortie VGA<\/td>\n<td>1 canal, 1 920 \u00d7 1 080p\/60 Hz, 1 600 \u00d7 1 200\/60 Hz, 1 280 \u00d7 1 024\/60 Hz, 1 280 \u00d7 720\/60 Hz<br \/>\n1 canal, 1 920 \u00d7 1 080p\/60 Hz, 1 600 \u00d7 1 200\/60 Hz, 1 280 \u00d7 1 024\/60 Hz, 1 280 \u00d7 720\/60 Hz<\/td>\n<\/tr>\n<tr>\n<td>Mode De Sortie Vid\u00e9o<\/td>\n<td>Sortie simultan\u00e9e HDMI\/VGA<\/td>\n<\/tr>\n<tr>\n<td>Bitrate Audio<\/td>\n<td>64 Kbit\/s<\/td>\n<\/tr>\n<tr>\n<td><strong>D\u00e9codage<\/strong><\/td>\n<td><\/td>\n<\/tr>\n<tr>\n<td>R\u00e9solution D&#8217;enregistrement<\/p>\n<p>&nbsp;<\/td>\n<td>6 MP\/4 MP\/3 MP\/1080p\/UXGA \/720p\/VGA\/4CIF\/DCIF\/2CIF\/CIF\/QCIF<\/td>\n<\/tr>\n<tr>\n<td>Lecture Synchrone<\/td>\n<td>4 voies<\/td>\n<\/tr>\n<tr>\n<td>Capacit\u00e9 De D\u00e9codage<\/td>\n<td>4 canaux \u00e0 1080p (30 ips) ou 2 canaux \u00e0 4 MP (30 ips) ou 1 canal \u00e0 6 MP (30 ips)<\/td>\n<\/tr>\n<tr>\n<td>Type De Flux<\/td>\n<td>Vid\u00e9o, vid\u00e9o et audio<\/td>\n<\/tr>\n<tr>\n<td>Format De D\u00e9codage<\/td>\n<td>H.265+\/H.265\/H.264+\/H.264<\/td>\n<\/tr>\n<tr>\n<td><strong>R\u00e9seau<\/strong><\/td>\n<td><\/td>\n<\/tr>\n<tr>\n<td>Connexion \u00c0 Distance<\/td>\n<td>16<\/td>\n<\/tr>\n<tr>\n<td>Protocole R\u00e9seau<\/td>\n<td>TCP\/IP, DHCP, HiLookVision, DNS, DDNS, NTP, SADP, SMTP, UPnP\u2122<\/td>\n<\/tr>\n<tr>\n<td>Interface R\u00e9seau<\/td>\n<td>1, interface Ethernet auto-adaptative RJ-45 10\/100 Mbps<\/td>\n<\/tr>\n<tr>\n<td><strong>PoE<\/strong><\/td>\n<td><\/td>\n<\/tr>\n<tr>\n<td>Interface<\/td>\n<td>4, interface Ethernet auto-adaptative RJ-45 10\/100 Mbps<\/td>\n<\/tr>\n<tr>\n<td>Pouvoir<\/td>\n<td>\u2264 36 W<\/td>\n<\/tr>\n<tr>\n<td>Standard<\/td>\n<td>IEEE 802.3 af\/at<\/td>\n<\/tr>\n<tr>\n<td><strong>Interface Auxiliaire<\/strong><\/td>\n<td><\/td>\n<\/tr>\n<tr>\n<td>SATA<\/td>\n<td>1 interface SATA<\/td>\n<\/tr>\n<tr>\n<td>Capacit\u00e9<\/td>\n<td>Jusqu&#8217;\u00e0 6 To de capacit\u00e9 pour chaque disque<\/td>\n<\/tr>\n<tr>\n<td>Entr\u00e9e\/Sortie D&#8217;alarme<\/td>\n<td>N \/ A<\/td>\n<\/tr>\n<tr>\n<td>Interface USB<\/td>\n<td>Panneau arri\u00e8re : 2 \u00d7 USB 2.0<\/td>\n<\/tr>\n<tr>\n<td><strong>G\u00e9n\u00e9ral<\/strong><\/td>\n<td><\/td>\n<\/tr>\n<tr>\n<td>Dimensions<\/td>\n<td>265 \u00d7 225 \u00d7 48 mm (10,4&#8243; \u00d7 8,9&#8243; \u00d7 1,9&#8243;)<\/td>\n<\/tr>\n<tr>\n<td>Poids<\/td>\n<td>\u2264 1 kg (sans disque dur, 2,2 lb.)<\/td>\n<\/tr>\n<\/tbody>\n<\/table>\n","protected":false},"excerpt":{"rendered":"<p><strong>Enregistreur HILOOK NVR-104MH-D\/4P 1U \/ 4 canaux \/ 4 PoE<\/strong>\u00a0&#8211; NVR Mini 1U 4 PoE 4 canaux &#8211; Compression vid\u00e9o H.265+\/H.265\/H.264+\/H.264 &#8211; Jusqu&#8217;\u00e0 40 Mbps de bande passante entrante et 60 Mbps de bande passante sortante &#8211; Jusqu&#8217;\u00e0 4 entr\u00e9es de cam\u00e9ra r\u00e9seau &#8211; Capacit\u00e9 de d\u00e9codage jusqu&#8217;\u00e0 4 canaux 1080p &#8211; Sortie simultan\u00e9e HDMI et VGA &#8211;\u00a0<strong>Garantie 1 an<\/strong><\/p>\n","protected":false},"featured_media":22761,"comment_status":"open","ping_status":"closed","template":"","meta":[],"pwb-brand":[119],"product_brand":[],"product_cat":[88,94,95],"product_tag":[],"class_list":{"0":"post-22760","1":"product","2":"type-product","3":"status-publish","4":"has-post-thumbnail","6":"pwb-brand-hilook","7":"product_cat-camera-de-surveillance","8":"product_cat-enregistreur-dvr-nvr","9":"product_cat-enregistreur-numerique-nvr","11":"first","12":"instock","13":"shipping-taxable","14":"purchasable","15":"product-type-simple"},"brands":[{"id":119,"name":"HiLook","slug":"hilook"}],"_links":{"self":[{"href":"https:\/\/tssinformatique.tn\/index.php\/wp-json\/wp\/v2\/product\/22760","targetHints":{"allow":["GET"]}}],"collection":[{"href":"https:\/\/tssinformatique.tn\/index.php\/wp-json\/wp\/v2\/product"}],"about":[{"href":"https:\/\/tssinformatique.tn\/index.php\/wp-json\/wp\/v2\/types\/product"}],"replies":[{"embeddable":true,"href":"https:\/\/tssinformatique.tn\/index.php\/wp-json\/wp\/v2\/comments?post=22760"}],"wp:featuredmedia":[{"embeddable":true,"href":"https:\/\/tssinformatique.tn\/index.php\/wp-json\/wp\/v2\/media\/22761"}],"wp:attachment":[{"href":"https:\/\/tssinformatique.tn\/index.php\/wp-json\/wp\/v2\/media?parent=22760"}],"wp:term":[{"taxonomy":"pwb-brand","embeddable":true,"href":"https:\/\/tssinformatique.tn\/index.php\/wp-json\/wp\/v2\/pwb-brand?post=22760"},{"taxonomy":"product_brand","embeddable":true,"href":"https:\/\/tssinformatique.tn\/index.php\/wp-json\/wp\/v2\/product_brand?post=22760"},{"taxonomy":"product_cat","embeddable":true,"href":"https:\/\/tssinformatique.tn\/index.php\/wp-json\/wp\/v2\/product_cat?post=22760"},{"taxonomy":"product_tag","embeddable":true,"href":"https:\/\/tssinformatique.tn\/index.php\/wp-json\/wp\/v2\/product_tag?post=22760"}],"curies":[{"name":"wp","href":"https:\/\/api.w.org\/{rel}","templated":true}]}}