{"id":22740,"date":"2025-03-30T21:53:02","date_gmt":"2025-03-30T21:53:02","guid":{"rendered":"https:\/\/tssinformatique.tn\/?post_type=product&#038;p=22740"},"modified":"2026-03-23T14:49:26","modified_gmt":"2026-03-23T14:49:26","slug":"boite-de-jonction-etanche","status":"publish","type":"product","link":"https:\/\/tssinformatique.tn\/index.php\/product\/boite-de-jonction-etanche\/","title":{"rendered":"BOITE DE JONCTION CARRE SIMPLE"},"content":{"rendered":"","protected":false},"excerpt":{"rendered":"<div class=\"oe_structure\">\n<p><strong>bo\u00eete de jonction pour cam\u00e9ra<\/strong>\u00a0prot\u00e8ge et cache les connexions des cam\u00e9ras de surveillance, garantissant une installation propre et r\u00e9sistante aux intemp\u00e9ries. Id\u00e9ale pour les installations ext\u00e9rieures.<\/p>\n<\/div>\n<form action=\"https:\/\/ssc.tn\/shop\/cart\/update\" method=\"POST\">\n<div class=\"js_product js_main_product mb-3\">\n<div>\n<div class=\"product_price mt-2 mb-3 d-inline-block\"><\/div>\n<\/div>\n<\/div>\n<\/form>\n","protected":false},"featured_media":22741,"comment_status":"open","ping_status":"closed","template":"","meta":[],"pwb-brand":[],"product_brand":[],"product_cat":[96,88],"product_tag":[],"class_list":{"0":"post-22740","1":"product","2":"type-product","3":"status-publish","4":"has-post-thumbnail","6":"product_cat-cable-et-accessoires","7":"product_cat-camera-de-surveillance","9":"first","10":"instock","11":"shipping-taxable","12":"purchasable","13":"product-type-simple"},"brands":[],"_links":{"self":[{"href":"https:\/\/tssinformatique.tn\/index.php\/wp-json\/wp\/v2\/product\/22740","targetHints":{"allow":["GET"]}}],"collection":[{"href":"https:\/\/tssinformatique.tn\/index.php\/wp-json\/wp\/v2\/product"}],"about":[{"href":"https:\/\/tssinformatique.tn\/index.php\/wp-json\/wp\/v2\/types\/product"}],"replies":[{"embeddable":true,"href":"https:\/\/tssinformatique.tn\/index.php\/wp-json\/wp\/v2\/comments?post=22740"}],"wp:featuredmedia":[{"embeddable":true,"href":"https:\/\/tssinformatique.tn\/index.php\/wp-json\/wp\/v2\/media\/22741"}],"wp:attachment":[{"href":"https:\/\/tssinformatique.tn\/index.php\/wp-json\/wp\/v2\/media?parent=22740"}],"wp:term":[{"taxonomy":"pwb-brand","embeddable":true,"href":"https:\/\/tssinformatique.tn\/index.php\/wp-json\/wp\/v2\/pwb-brand?post=22740"},{"taxonomy":"product_brand","embeddable":true,"href":"https:\/\/tssinformatique.tn\/index.php\/wp-json\/wp\/v2\/product_brand?post=22740"},{"taxonomy":"product_cat","embeddable":true,"href":"https:\/\/tssinformatique.tn\/index.php\/wp-json\/wp\/v2\/product_cat?post=22740"},{"taxonomy":"product_tag","embeddable":true,"href":"https:\/\/tssinformatique.tn\/index.php\/wp-json\/wp\/v2\/product_tag?post=22740"}],"curies":[{"name":"wp","href":"https:\/\/api.w.org\/{rel}","templated":true}]}}