{"id":22736,"date":"2025-03-30T21:43:10","date_gmt":"2025-03-30T21:43:10","guid":{"rendered":"https:\/\/tssinformatique.tn\/?post_type=product&#038;p=22736"},"modified":"2025-03-30T21:46:17","modified_gmt":"2025-03-30T21:46:17","slug":"22736","status":"publish","type":"product","link":"https:\/\/tssinformatique.tn\/index.php\/product\/22736\/","title":{"rendered":"Pointeuse \u00e0 Empreinte Digital HIKVISION DS-K1T804EF"},"content":{"rendered":"<p>Le terminal d\u2019empreintes digitales de la s\u00e9rie Pro DS-K1T804AEF de Hikvision offre un contr\u00f4le d\u2019acc\u00e8s s\u00e9curis\u00e9 contr\u00f4le d\u2019acc\u00e8s par empreinte digitale avec un \u00e9cran LCD de 2,4 pouces pour afficher l\u2019heure, la date et les r\u00e9sultats d\u2019authentification. .<\/p>\n<table class=\"woocommerce-product-attributes shop_attributes\" aria-label=\"D\u00e9tails du produit\">\n<tbody>\n<tr class=\"woocommerce-product-attributes-item woocommerce-product-attributes-item--attribute_empreintes-digitales\">\n<th class=\"woocommerce-product-attributes-item__label\" scope=\"row\"><span class=\"wd-attr-name\"><span class=\"wd-attr-name-label\">Empreintes digitales<\/span><\/span><\/th>\n<td class=\"woocommerce-product-attributes-item__value\">3000<\/td>\n<\/tr>\n<tr class=\"woocommerce-product-attributes-item woocommerce-product-attributes-item--attribute_cartes\">\n<th class=\"woocommerce-product-attributes-item__label\" scope=\"row\"><span class=\"wd-attr-name\"><span class=\"wd-attr-name-label\">Cartes<\/span><\/span><\/th>\n<td class=\"woocommerce-product-attributes-item__value\">3000<\/td>\n<\/tr>\n<tr class=\"woocommerce-product-attributes-item woocommerce-product-attributes-item--attribute_%c3%a9v%c3%a9nements-de-stockage\">\n<th class=\"woocommerce-product-attributes-item__label\" scope=\"row\"><span class=\"wd-attr-name\"><span class=\"wd-attr-name-label\">\u00c9v\u00e9nements de stockage<\/span><\/span><\/th>\n<td class=\"woocommerce-product-attributes-item__value\">100000<\/td>\n<\/tr>\n<tr class=\"woocommerce-product-attributes-item woocommerce-product-attributes-item--attribute_lecteur-de-carte\">\n<th class=\"woocommerce-product-attributes-item__label\" scope=\"row\"><span class=\"wd-attr-name\"><span class=\"wd-attr-name-label\">Lecteur de carte<\/span><\/span><\/th>\n<td class=\"woocommerce-product-attributes-item__value\">Int\u00e9gr\u00e9 pour carte EM<\/td>\n<\/tr>\n<tr class=\"woocommerce-product-attributes-item woocommerce-product-attributes-item--attribute_communication\">\n<th class=\"woocommerce-product-attributes-item__label\" scope=\"row\"><span class=\"wd-attr-name\"><span class=\"wd-attr-name-label\">Communication<\/span><\/span><\/th>\n<td class=\"woocommerce-product-attributes-item__value\">TCP\/IP et Wi-Fi<\/td>\n<\/tr>\n<tr class=\"woocommerce-product-attributes-item woocommerce-product-attributes-item--attribute_interfaces\">\n<th class=\"woocommerce-product-attributes-item__label\" scope=\"row\"><span class=\"wd-attr-name\"><span class=\"wd-attr-name-label\">Interfaces<\/span><\/span><\/th>\n<td class=\"woocommerce-product-attributes-item__value\">RS-485, Wiegand<\/td>\n<\/tr>\n<tr class=\"woocommerce-product-attributes-item woocommerce-product-attributes-item--attribute_interface-dalarme\">\n<th class=\"woocommerce-product-attributes-item__label\" scope=\"row\"><span class=\"wd-attr-name\"><span class=\"wd-attr-name-label\">Interface d&#8217;alarme<\/span><\/span><\/th>\n<td class=\"woocommerce-product-attributes-item__value\">Entr\u00e9e et sortie<\/td>\n<\/tr>\n<tr class=\"woocommerce-product-attributes-item woocommerce-product-attributes-item--attribute_standards\">\n<th class=\"woocommerce-product-attributes-item__label\" scope=\"row\"><span class=\"wd-attr-name\"><span class=\"wd-attr-name-label\">Standards<\/span><\/span><\/th>\n<td class=\"woocommerce-product-attributes-item__value\">ISUP5.0, ISAPI<\/td>\n<\/tr>\n<\/tbody>\n<\/table>\n","protected":false},"excerpt":{"rendered":"<p>\u00c9cran ACL: <strong>2,4 pouces (\u00e9cran d&#8217;affichage ACL-TFT 320 \u00d7 240)<\/strong>; Stockage de\u00a0<strong>max. 3000 utilisateurs, max. 3000 empreintes digitales et Max. 100 000 enregistrements d&#8217;\u00e9v\u00e9nements<\/strong>;\u00a0<em><strong>32 p\u00e9riodes de travail normales\/32 p\u00e9riodes de travail<\/strong><\/em>;\u00a0<strong>Rapport de pr\u00e9sence automatique<\/strong>; Prend en charge la carte\u00a0<strong>EM<\/strong>;; Interface de communication\u00a0<strong>Wi-Fi, TCP\/IP, RS-485 (pour unit\u00e9 de commande de porte s\u00e9curis\u00e9e), sortie Wiegand (w26\/w34) et entr\u00e9e (Wiegand 26\/34)<\/strong>; Taux de transmission TCP\/IP:\u00a0<strong>10\/100 Mbps<\/strong>,\u00a0<strong>autoadaptatif; RS-485: 19 200 bps-N-8-1;<\/strong>\u00a0<strong>Audio 1 sonnette et 1 haut-parleur<\/strong>; Dimensions:\u00a0<strong>205 x 76.5 x 37 mm<\/strong><\/p>\n","protected":false},"featured_media":22737,"comment_status":"open","ping_status":"closed","template":"","meta":[],"pwb-brand":[97],"product_brand":[],"product_cat":[134,133],"product_tag":[],"class_list":{"0":"post-22736","1":"product","2":"type-product","3":"status-publish","4":"has-post-thumbnail","6":"pwb-brand-hikvision","7":"product_cat-pointeuse","8":"product_cat-pointeuse-et-controle-daccess","10":"first","11":"instock","12":"shipping-taxable","13":"purchasable","14":"product-type-simple"},"brands":[{"id":97,"name":"hikvision","slug":"hikvision"}],"_links":{"self":[{"href":"https:\/\/tssinformatique.tn\/index.php\/wp-json\/wp\/v2\/product\/22736","targetHints":{"allow":["GET"]}}],"collection":[{"href":"https:\/\/tssinformatique.tn\/index.php\/wp-json\/wp\/v2\/product"}],"about":[{"href":"https:\/\/tssinformatique.tn\/index.php\/wp-json\/wp\/v2\/types\/product"}],"replies":[{"embeddable":true,"href":"https:\/\/tssinformatique.tn\/index.php\/wp-json\/wp\/v2\/comments?post=22736"}],"wp:featuredmedia":[{"embeddable":true,"href":"https:\/\/tssinformatique.tn\/index.php\/wp-json\/wp\/v2\/media\/22737"}],"wp:attachment":[{"href":"https:\/\/tssinformatique.tn\/index.php\/wp-json\/wp\/v2\/media?parent=22736"}],"wp:term":[{"taxonomy":"pwb-brand","embeddable":true,"href":"https:\/\/tssinformatique.tn\/index.php\/wp-json\/wp\/v2\/pwb-brand?post=22736"},{"taxonomy":"product_brand","embeddable":true,"href":"https:\/\/tssinformatique.tn\/index.php\/wp-json\/wp\/v2\/product_brand?post=22736"},{"taxonomy":"product_cat","embeddable":true,"href":"https:\/\/tssinformatique.tn\/index.php\/wp-json\/wp\/v2\/product_cat?post=22736"},{"taxonomy":"product_tag","embeddable":true,"href":"https:\/\/tssinformatique.tn\/index.php\/wp-json\/wp\/v2\/product_tag?post=22736"}],"curies":[{"name":"wp","href":"https:\/\/api.w.org\/{rel}","templated":true}]}}