{"id":22695,"date":"2025-03-20T14:03:59","date_gmt":"2025-03-20T14:03:59","guid":{"rendered":"https:\/\/tssinformatique.tn\/?post_type=product&#038;p=22695"},"modified":"2026-03-31T15:34:13","modified_gmt":"2026-03-31T15:34:13","slug":"alarme-maison-sans-fil-ajax-ds-pwa64-l-wb-installation-gratuite","status":"publish","type":"product","link":"https:\/\/tssinformatique.tn\/index.php\/product\/alarme-maison-sans-fil-ajax-ds-pwa64-l-wb-installation-gratuite\/","title":{"rendered":"Alarme maison sans fil AJAX  + Installation Gratuite"},"content":{"rendered":"<h3>Protocole de communication:<\/h3>\n<p>Bijoutier (868\/915 MHz en fonction de la pays de distribution)<br \/>\nPlage de fonctionnement: jusqu\u2019\u00e0 2000 m (en surface d\u00e9gag\u00e9e)<br \/>\nBatterie de secours: Li-Ion 2 Ah (autonomie de la batterie jusqu\u2019\u00e0 10 heures *)<br \/>\nApplications disponibles: i OS 7.1 ou version ult\u00e9rieure, Android 4.1 .<br \/>\nNombre maximum d\u2019utilisateurs: 10.<br \/>\nNombre maximum d\u2019appareils connect\u00e9s: 100.<\/p>\n<h6>Protection anti-sabotage.<\/h6>\n<p>D\u00e9marrage rapide \u00e0 tout ce dont vous avez besoin pour prot\u00e9ger vos promesses. Sensible d\u00e9tecteurs surveillent le mouvement \u00e0 l\u2019int\u00e9rieur, tandis qu\u2019un puissant hub les connecte au monde ext\u00e9rieur.<\/p>\n<p>Une large gamme de produits de s\u00e9curit\u00e9 sont disponibles pour s\u2019int\u00e9grer \u00e0 la<br \/>\n\u00c9cosyst\u00e8me Ajax avec la KIT ALARME SANS FILS AJAX COMPLET.<br \/>\nLe concentrateur contr\u00f4le d\u2019autres appareils et collecte des donn\u00e9es \u00e0 l\u2019aide de technologies sans fil \u00e9volu\u00e9es.<\/p>\n<p>Il analyse les menaces, limite les fausses alarmes et informe vous en cas de menace r\u00e9elle.<\/p>\n<p>Les technologies anti-sabotage font de Ajax Hub et du locaux prot\u00e9g\u00e9s \u00e0 l\u2019aide de technologies de la KIT ALARME SANS FILS<br \/>\nLe syst\u00e8me fonctionne m\u00eame lorsque la connexion est tr\u00e8s pauvre: 0,5 kbit \/ s de GPRS suffit<br \/>\nAlors la communication bidirectionnelle avec les appareils qui permet pour des tests p\u00e9riodiques et une personnalisation facile.<\/p>\n<p>D\u2019autre part La mise \u00e0 jour du logiciel et des logiciels est gratuite et automatique.<br \/>\nContr\u00f4le via un trousseau d\u2019applications distantes et gratuites pour smartphone (iOS \/ Android) ou par un navigateur Ajax Hub qui stocke l\u2019historique de tous les \u00e9v\u00e9nements remarqu\u00e9s par le syst\u00e8me.<\/p>\n<p>La technologie vous rappelle d\u2019armer le syst\u00e8me de s\u00e9curit\u00e9 lorsque vous quittez et le d\u00e9sarmez apr\u00e8s ton retour<\/p>\n","protected":false},"excerpt":{"rendered":"<p>KIT ALARME SANS FILS AJAX<br \/>\n1 Centrale d&#8217;alarme Ajax Hub<br \/>\n1 D\u00e9tecteur de mouvement<br \/>\n1 D\u00e9tecteur d&#8217;ouverture sans fil<br \/>\n1 T\u00e9l\u00e9commande<br \/>\n1 Sir\u00e8ne Externe<\/p>\n","protected":false},"featured_media":23178,"comment_status":"open","ping_status":"closed","template":"","meta":[],"pwb-brand":[116],"product_brand":[],"product_cat":[44,39],"product_tag":[],"class_list":{"0":"post-22695","1":"product","2":"type-product","3":"status-publish","4":"has-post-thumbnail","6":"pwb-brand-ajax","7":"product_cat-alarme-sans-fil","8":"product_cat-systeme-alarme-maison","10":"first","11":"instock","12":"sale","13":"shipping-taxable","14":"purchasable","15":"product-type-simple"},"brands":[{"id":116,"name":"Ajax","slug":"ajax"}],"_links":{"self":[{"href":"https:\/\/tssinformatique.tn\/index.php\/wp-json\/wp\/v2\/product\/22695","targetHints":{"allow":["GET"]}}],"collection":[{"href":"https:\/\/tssinformatique.tn\/index.php\/wp-json\/wp\/v2\/product"}],"about":[{"href":"https:\/\/tssinformatique.tn\/index.php\/wp-json\/wp\/v2\/types\/product"}],"replies":[{"embeddable":true,"href":"https:\/\/tssinformatique.tn\/index.php\/wp-json\/wp\/v2\/comments?post=22695"}],"wp:featuredmedia":[{"embeddable":true,"href":"https:\/\/tssinformatique.tn\/index.php\/wp-json\/wp\/v2\/media\/23178"}],"wp:attachment":[{"href":"https:\/\/tssinformatique.tn\/index.php\/wp-json\/wp\/v2\/media?parent=22695"}],"wp:term":[{"taxonomy":"pwb-brand","embeddable":true,"href":"https:\/\/tssinformatique.tn\/index.php\/wp-json\/wp\/v2\/pwb-brand?post=22695"},{"taxonomy":"product_brand","embeddable":true,"href":"https:\/\/tssinformatique.tn\/index.php\/wp-json\/wp\/v2\/product_brand?post=22695"},{"taxonomy":"product_cat","embeddable":true,"href":"https:\/\/tssinformatique.tn\/index.php\/wp-json\/wp\/v2\/product_cat?post=22695"},{"taxonomy":"product_tag","embeddable":true,"href":"https:\/\/tssinformatique.tn\/index.php\/wp-json\/wp\/v2\/product_tag?post=22695"}],"curies":[{"name":"wp","href":"https:\/\/api.w.org\/{rel}","templated":true}]}}