{"id":22641,"date":"2025-03-20T02:05:39","date_gmt":"2025-03-20T02:05:39","guid":{"rendered":"https:\/\/tssinformatique.tn\/?post_type=product&#038;p=22641"},"modified":"2026-04-25T13:54:44","modified_gmt":"2026-04-25T12:54:44","slug":"carte-memoire-64go-class-10-microsdxc","status":"publish","type":"product","link":"https:\/\/tssinformatique.tn\/index.php\/product\/carte-memoire-64go-class-10-microsdxc\/","title":{"rendered":"Carte M\u00e9moire 64Go Class 10 MicroSDXC"},"content":{"rendered":"","protected":false},"excerpt":{"rendered":"<p>Carte M\u00e9moire Avec Adaptateur &#8211; Capacit\u00e9 de Stockage:<strong>\u00a064 Go\u00a0<\/strong>&#8211; Facteur de forme:\u00a0<strong>micro SDXC\u00a0<\/strong>&#8211; Vitesse SD:\u00a0<strong>Class 10<\/strong>\u00a0&#8211; Vitesse de lecture:\u00a0<strong>85 Mo\/s<\/strong>\u00a0&#8211; Vitesse d&#8217;\u00e9criture:\u00a0<strong>25 Mo\/s<\/strong>\u00a0.<\/p>\n","protected":false},"featured_media":22649,"comment_status":"open","ping_status":"closed","template":"","meta":[],"pwb-brand":[],"product_brand":[],"product_cat":[88,143],"product_tag":[],"class_list":{"0":"post-22641","1":"product","2":"type-product","3":"status-publish","4":"has-post-thumbnail","6":"product_cat-camera-de-surveillance","7":"product_cat-camera-wifi","9":"first","10":"instock","11":"shipping-taxable","12":"purchasable","13":"product-type-simple"},"brands":[],"_links":{"self":[{"href":"https:\/\/tssinformatique.tn\/index.php\/wp-json\/wp\/v2\/product\/22641","targetHints":{"allow":["GET"]}}],"collection":[{"href":"https:\/\/tssinformatique.tn\/index.php\/wp-json\/wp\/v2\/product"}],"about":[{"href":"https:\/\/tssinformatique.tn\/index.php\/wp-json\/wp\/v2\/types\/product"}],"replies":[{"embeddable":true,"href":"https:\/\/tssinformatique.tn\/index.php\/wp-json\/wp\/v2\/comments?post=22641"}],"wp:featuredmedia":[{"embeddable":true,"href":"https:\/\/tssinformatique.tn\/index.php\/wp-json\/wp\/v2\/media\/22649"}],"wp:attachment":[{"href":"https:\/\/tssinformatique.tn\/index.php\/wp-json\/wp\/v2\/media?parent=22641"}],"wp:term":[{"taxonomy":"pwb-brand","embeddable":true,"href":"https:\/\/tssinformatique.tn\/index.php\/wp-json\/wp\/v2\/pwb-brand?post=22641"},{"taxonomy":"product_brand","embeddable":true,"href":"https:\/\/tssinformatique.tn\/index.php\/wp-json\/wp\/v2\/product_brand?post=22641"},{"taxonomy":"product_cat","embeddable":true,"href":"https:\/\/tssinformatique.tn\/index.php\/wp-json\/wp\/v2\/product_cat?post=22641"},{"taxonomy":"product_tag","embeddable":true,"href":"https:\/\/tssinformatique.tn\/index.php\/wp-json\/wp\/v2\/product_tag?post=22641"}],"curies":[{"name":"wp","href":"https:\/\/api.w.org\/{rel}","templated":true}]}}