{"id":22622,"date":"2025-03-20T01:13:04","date_gmt":"2025-03-20T01:13:04","guid":{"rendered":"https:\/\/tssinformatique.tn\/?post_type=product&#038;p=22622"},"modified":"2026-04-19T11:39:59","modified_gmt":"2026-04-19T11:39:59","slug":"plaque-de-rue-hikvision-2-bouton","status":"publish","type":"product","link":"https:\/\/tssinformatique.tn\/index.php\/product\/plaque-de-rue-hikvision-2-bouton\/","title":{"rendered":"PLAQUE DE RUE HIKVISION 2 BOUTON"},"content":{"rendered":"","protected":false},"excerpt":{"rendered":"<ul>\n<li style=\"font-weight: 400;\">Prise en charge du Wi-Fi, configuration pratique et aucun c\u00e2blage requis<\/li>\n<li style=\"font-weight: 400;\">Prise en charge de la configuration Web<\/li>\n<li style=\"font-weight: 400;\">Alliage d&#8217;aluminium, design Nice Industry, IP65, IK08, 3 indicateurs int\u00e9gr\u00e9s\u00a0;<\/li>\n<li style=\"font-weight: 400;\">Lecteur de carte Mifare interne, contr\u00f4le d&#8217;acc\u00e8s de la station int\u00e9rieure 2 canaux\u00a0;<\/li>\n<li style=\"font-weight: 400;\">Suppression du bruit et annulation d&#8217;\u00e9cho<\/li>\n<li style=\"font-weight: 400;\">Cam\u00e9ra HD 2MP avec suppl\u00e9ment IR<\/li>\n<li style=\"font-weight: 400;\">PoE standard\/ 12 Vcc<\/li>\n<\/ul>\n","protected":false},"featured_media":22624,"comment_status":"open","ping_status":"closed","template":"","meta":[],"pwb-brand":[],"product_brand":[],"product_cat":[58,41],"product_tag":[],"class_list":{"0":"post-22622","1":"product","2":"type-product","3":"status-publish","4":"has-post-thumbnail","6":"product_cat-videophone","7":"product_cat-videophone-interphone","9":"first","10":"outofstock","11":"shipping-taxable","12":"purchasable","13":"product-type-simple"},"brands":[],"_links":{"self":[{"href":"https:\/\/tssinformatique.tn\/index.php\/wp-json\/wp\/v2\/product\/22622","targetHints":{"allow":["GET"]}}],"collection":[{"href":"https:\/\/tssinformatique.tn\/index.php\/wp-json\/wp\/v2\/product"}],"about":[{"href":"https:\/\/tssinformatique.tn\/index.php\/wp-json\/wp\/v2\/types\/product"}],"replies":[{"embeddable":true,"href":"https:\/\/tssinformatique.tn\/index.php\/wp-json\/wp\/v2\/comments?post=22622"}],"wp:featuredmedia":[{"embeddable":true,"href":"https:\/\/tssinformatique.tn\/index.php\/wp-json\/wp\/v2\/media\/22624"}],"wp:attachment":[{"href":"https:\/\/tssinformatique.tn\/index.php\/wp-json\/wp\/v2\/media?parent=22622"}],"wp:term":[{"taxonomy":"pwb-brand","embeddable":true,"href":"https:\/\/tssinformatique.tn\/index.php\/wp-json\/wp\/v2\/pwb-brand?post=22622"},{"taxonomy":"product_brand","embeddable":true,"href":"https:\/\/tssinformatique.tn\/index.php\/wp-json\/wp\/v2\/product_brand?post=22622"},{"taxonomy":"product_cat","embeddable":true,"href":"https:\/\/tssinformatique.tn\/index.php\/wp-json\/wp\/v2\/product_cat?post=22622"},{"taxonomy":"product_tag","embeddable":true,"href":"https:\/\/tssinformatique.tn\/index.php\/wp-json\/wp\/v2\/product_tag?post=22622"}],"curies":[{"name":"wp","href":"https:\/\/api.w.org\/{rel}","templated":true}]}}