{"id":22620,"date":"2025-03-20T01:09:01","date_gmt":"2025-03-20T01:09:01","guid":{"rendered":"https:\/\/tssinformatique.tn\/?post_type=product&#038;p=22620"},"modified":"2026-04-19T11:39:47","modified_gmt":"2026-04-19T11:39:47","slug":"plaque-de-rue-1-bouton","status":"publish","type":"product","link":"https:\/\/tssinformatique.tn\/index.php\/product\/plaque-de-rue-1-bouton\/","title":{"rendered":"PLAQUE DE RUE HIKVISION 1 BOUTON"},"content":{"rendered":"<p>Intercom vid\u00e9o &#8211;\u00a0<strong>Marque :<\/strong>\u00a0\u200eHikvision &#8211;\u00a0<strong>R\u00e9f\u00e9rence :<\/strong>\u00a0\u200eDS-KV8113-WME1(B) &#8211;\u00a0<strong>Taille :<\/strong>\u00a0\u200e1 Unit\u00e9 (Lot de 1) &#8211;\u00a0<strong>Mati\u00e8re :<\/strong>\u00a0\u200eM\u00e9tal &#8211; Type d&#8217;alimentation : C\u00e2ble \u00e9lectrique &#8211; Tension : \u200e12 Volts &#8211;\u00a0<strong>Type d&#8217;ampoule :<\/strong>\u00a0Infrarouge &#8211;\u00a0<strong>Type de prise \u00e9lectrique :<\/strong>\u00a0Montage mural &#8211;\u00a0<strong>Fonctions sp\u00e9ciales :<\/strong>\u00a0\u200eVision nocturne, D\u00e9tecteur de mouvement &#8211; Disponibilit\u00e9 des pi\u00e8ces d\u00e9tach\u00e9es : \u200eInformation indisponible sur les pi\u00e8ces d\u00e9tach\u00e9es &#8211; Environnement d&#8217;application Ext\u00e9rieur &#8211;\u00a0<strong>Consommation d&#8217;\u00e9nergie :<\/strong>\u00a0&lt; 10W &#8211;\u00a0<strong>Dimensions :<\/strong>\u00a0174 mm \u00d7 91 mm \u00d7 29 mm &#8211;\u00a0<strong>Poids :<\/strong>\u00a00.68g<\/p>\n","protected":false},"excerpt":{"rendered":"<h2 class=\"prod_name prod_name-content\">1 Button Metal Villa Door Station<\/h2>\n<div class=\"product_description-content\">\n<ul class=\"product_description_item-list\">\n<li class=\"product_description_item\">Support Wifi, convenient setting up and no wiring required<\/li>\n<li class=\"product_description_item\">Support web configuration<\/li>\n<li class=\"product_description_item\">Aluminum alloy, Nice industry design, IP65, IK08, 3 indicator integrated<\/li>\n<li class=\"product_description_item\">Internal Mifare card reader, 1-ch Indoor station access control<\/li>\n<li class=\"product_description_item\">Noise suppression and echo cancellation<\/li>\n<li class=\"product_description_item\">2MP HD Camera with IR supplement<\/li>\n<li class=\"product_description_item\">Standard PoE\/12 VDC<\/li>\n<\/ul>\n<\/div>\n","protected":false},"featured_media":22623,"comment_status":"open","ping_status":"closed","template":"","meta":[],"pwb-brand":[97],"product_brand":[],"product_cat":[58,41],"product_tag":[],"class_list":{"0":"post-22620","1":"product","2":"type-product","3":"status-publish","4":"has-post-thumbnail","6":"pwb-brand-hikvision","7":"product_cat-videophone","8":"product_cat-videophone-interphone","10":"first","11":"outofstock","12":"shipping-taxable","13":"purchasable","14":"product-type-simple"},"brands":[{"id":97,"name":"hikvision","slug":"hikvision"}],"_links":{"self":[{"href":"https:\/\/tssinformatique.tn\/index.php\/wp-json\/wp\/v2\/product\/22620","targetHints":{"allow":["GET"]}}],"collection":[{"href":"https:\/\/tssinformatique.tn\/index.php\/wp-json\/wp\/v2\/product"}],"about":[{"href":"https:\/\/tssinformatique.tn\/index.php\/wp-json\/wp\/v2\/types\/product"}],"replies":[{"embeddable":true,"href":"https:\/\/tssinformatique.tn\/index.php\/wp-json\/wp\/v2\/comments?post=22620"}],"wp:featuredmedia":[{"embeddable":true,"href":"https:\/\/tssinformatique.tn\/index.php\/wp-json\/wp\/v2\/media\/22623"}],"wp:attachment":[{"href":"https:\/\/tssinformatique.tn\/index.php\/wp-json\/wp\/v2\/media?parent=22620"}],"wp:term":[{"taxonomy":"pwb-brand","embeddable":true,"href":"https:\/\/tssinformatique.tn\/index.php\/wp-json\/wp\/v2\/pwb-brand?post=22620"},{"taxonomy":"product_brand","embeddable":true,"href":"https:\/\/tssinformatique.tn\/index.php\/wp-json\/wp\/v2\/product_brand?post=22620"},{"taxonomy":"product_cat","embeddable":true,"href":"https:\/\/tssinformatique.tn\/index.php\/wp-json\/wp\/v2\/product_cat?post=22620"},{"taxonomy":"product_tag","embeddable":true,"href":"https:\/\/tssinformatique.tn\/index.php\/wp-json\/wp\/v2\/product_tag?post=22620"}],"curies":[{"name":"wp","href":"https:\/\/api.w.org\/{rel}","templated":true}]}}