{"id":22617,"date":"2025-03-20T01:03:42","date_gmt":"2025-03-20T01:03:42","guid":{"rendered":"https:\/\/tssinformatique.tn\/?post_type=product&#038;p=22617"},"modified":"2026-02-24T21:20:16","modified_gmt":"2026-02-24T21:20:16","slug":"moniteur-videophone-ds-kh6320-wte1-hikvision-ip","status":"publish","type":"product","link":"https:\/\/tssinformatique.tn\/index.php\/product\/moniteur-videophone-ds-kh6320-wte1-hikvision-ip\/","title":{"rendered":"Moniteur VIDEOPHONE DS-KH6320-WTE1 HIKVISION IP"},"content":{"rendered":"","protected":false},"excerpt":{"rendered":"<p>\u25cf Interface utilisateur V2.0 : facile d&#8217;utilisation<br \/>\n\u25cf \u00c9cran tactile couleur 7 pouces ayant pour r\u00e9solution 1024 \u00d7 600<br \/>\n\u25cf PoE standard<br \/>\n\u25cf Stockage des messages et des images prises dans la carte TF<br \/>\n\u25cf D\u00e9verrouillage \u00e0 distance via le logiciel ou l&#8217;application mobile du client<br \/>\n\u25cf Affichage en temps r\u00e9el des vid\u00e9os enregistr\u00e9es aux postes portiers par les cam\u00e9ras connect\u00e9es<br \/>\n\u25cf Prise en charge de la connexion \u00e0 un r\u00e9seau sans fil<\/p>\n","protected":false},"featured_media":22618,"comment_status":"open","ping_status":"closed","template":"","meta":[],"pwb-brand":[97],"product_brand":[],"product_cat":[58,41],"product_tag":[],"class_list":{"0":"post-22617","1":"product","2":"type-product","3":"status-publish","4":"has-post-thumbnail","6":"pwb-brand-hikvision","7":"product_cat-videophone","8":"product_cat-videophone-interphone","10":"first","11":"instock","12":"shipping-taxable","13":"purchasable","14":"product-type-simple"},"brands":[{"id":97,"name":"hikvision","slug":"hikvision"}],"_links":{"self":[{"href":"https:\/\/tssinformatique.tn\/index.php\/wp-json\/wp\/v2\/product\/22617","targetHints":{"allow":["GET"]}}],"collection":[{"href":"https:\/\/tssinformatique.tn\/index.php\/wp-json\/wp\/v2\/product"}],"about":[{"href":"https:\/\/tssinformatique.tn\/index.php\/wp-json\/wp\/v2\/types\/product"}],"replies":[{"embeddable":true,"href":"https:\/\/tssinformatique.tn\/index.php\/wp-json\/wp\/v2\/comments?post=22617"}],"wp:featuredmedia":[{"embeddable":true,"href":"https:\/\/tssinformatique.tn\/index.php\/wp-json\/wp\/v2\/media\/22618"}],"wp:attachment":[{"href":"https:\/\/tssinformatique.tn\/index.php\/wp-json\/wp\/v2\/media?parent=22617"}],"wp:term":[{"taxonomy":"pwb-brand","embeddable":true,"href":"https:\/\/tssinformatique.tn\/index.php\/wp-json\/wp\/v2\/pwb-brand?post=22617"},{"taxonomy":"product_brand","embeddable":true,"href":"https:\/\/tssinformatique.tn\/index.php\/wp-json\/wp\/v2\/product_brand?post=22617"},{"taxonomy":"product_cat","embeddable":true,"href":"https:\/\/tssinformatique.tn\/index.php\/wp-json\/wp\/v2\/product_cat?post=22617"},{"taxonomy":"product_tag","embeddable":true,"href":"https:\/\/tssinformatique.tn\/index.php\/wp-json\/wp\/v2\/product_tag?post=22617"}],"curies":[{"name":"wp","href":"https:\/\/api.w.org\/{rel}","templated":true}]}}