{"id":22437,"date":"2025-02-26T14:49:17","date_gmt":"2025-02-26T14:49:17","guid":{"rendered":"https:\/\/tssinformatique.tn\/?post_type=product&#038;p=22437"},"modified":"2025-03-30T21:46:58","modified_gmt":"2025-03-30T21:46:58","slug":"pointeuse-zkteco-k80","status":"publish","type":"product","link":"https:\/\/tssinformatique.tn\/index.php\/product\/pointeuse-zkteco-k80\/","title":{"rendered":"Pointeuse ZKTeco K80"},"content":{"rendered":"<table border=\"0\" width=\"594\" cellpadding=\"0\">\n<tbody>\n<tr>\n<td width=\"172\">Fingerprint Capacity<\/td>\n<td width=\"416\">3000<\/td>\n<\/tr>\n<tr>\n<td width=\"172\">ID Card Capacity<\/td>\n<td width=\"416\">3000<\/td>\n<\/tr>\n<tr>\n<td width=\"172\">Record Capacity<\/td>\n<td width=\"416\">100.000<\/td>\n<\/tr>\n<tr>\n<td width=\"172\">Display<\/td>\n<td width=\"416\">2.8-inch TFT Screen<\/td>\n<\/tr>\n<tr>\n<td width=\"172\">Communication<\/td>\n<td width=\"416\">TCP\/IP, USB-Host<\/td>\n<\/tr>\n<tr>\n<td width=\"172\">Standard Functions<\/td>\n<td width=\"416\">Work Codes, SMS, DST, Self-Serice<\/p>\n<p>Query,Automatic Status Switch,<\/p>\n<p>Scheduled-bell, T9 Input, 9 Digit User ID,<\/p>\n<p>Built-in Battery, Simple Access Control or<\/p>\n<p>External Bell<\/td>\n<\/tr>\n<tr>\n<td width=\"172\">Software<\/td>\n<td width=\"416\">ZKTime 5.0<\/td>\n<\/tr>\n<tr>\n<td width=\"172\">Power Supply<\/td>\n<td width=\"416\">DC 12V 1.5A<\/td>\n<\/tr>\n<tr>\n<td width=\"172\">Verification Speed<\/td>\n<td width=\"416\">&lt; 0.5 sec<\/td>\n<\/tr>\n<tr>\n<td width=\"172\">Operating Temperature<\/td>\n<td width=\"416\">0 \u2103 \u2013 45 \u2103<\/td>\n<\/tr>\n<tr>\n<td width=\"172\">Operating Humidity<\/td>\n<td width=\"416\">20% \u2013 80%<\/td>\n<\/tr>\n<tr>\n<td width=\"172\">Dimension (WxHxD)<\/td>\n<td width=\"416\">184*136*37.6(Length*Width*Thickness)<\/td>\n<\/tr>\n<\/tbody>\n<\/table>\n","protected":false},"excerpt":{"rendered":"<p>Communication : TCP\/IP-USB<br \/>\nIdentification : Carte RFID et<br \/>\nempreintes digitales<br \/>\nCapacit\u00e9 : 3000 cartes 3000<br \/>\nempr 100 000 \u00e9v\u00e9nements<br \/>\nSenseur anti-rayure<br \/>\nRelai int\u00e9gr\u00e9 pour sir\u00e8ne<br \/>\nAlgorithme V10 +<\/p>\n","protected":false},"featured_media":22438,"comment_status":"open","ping_status":"closed","template":"","meta":[],"pwb-brand":[112],"product_brand":[],"product_cat":[135,134,133],"product_tag":[],"class_list":{"0":"post-22437","1":"product","2":"type-product","3":"status-publish","4":"has-post-thumbnail","6":"pwb-brand-zkteco","7":"product_cat-controle-dacces","8":"product_cat-pointeuse","9":"product_cat-pointeuse-et-controle-daccess","11":"first","12":"instock","13":"shipping-taxable","14":"purchasable","15":"product-type-simple"},"brands":[{"id":112,"name":"ZKTeco","slug":"zkteco"}],"_links":{"self":[{"href":"https:\/\/tssinformatique.tn\/index.php\/wp-json\/wp\/v2\/product\/22437","targetHints":{"allow":["GET"]}}],"collection":[{"href":"https:\/\/tssinformatique.tn\/index.php\/wp-json\/wp\/v2\/product"}],"about":[{"href":"https:\/\/tssinformatique.tn\/index.php\/wp-json\/wp\/v2\/types\/product"}],"replies":[{"embeddable":true,"href":"https:\/\/tssinformatique.tn\/index.php\/wp-json\/wp\/v2\/comments?post=22437"}],"wp:featuredmedia":[{"embeddable":true,"href":"https:\/\/tssinformatique.tn\/index.php\/wp-json\/wp\/v2\/media\/22438"}],"wp:attachment":[{"href":"https:\/\/tssinformatique.tn\/index.php\/wp-json\/wp\/v2\/media?parent=22437"}],"wp:term":[{"taxonomy":"pwb-brand","embeddable":true,"href":"https:\/\/tssinformatique.tn\/index.php\/wp-json\/wp\/v2\/pwb-brand?post=22437"},{"taxonomy":"product_brand","embeddable":true,"href":"https:\/\/tssinformatique.tn\/index.php\/wp-json\/wp\/v2\/product_brand?post=22437"},{"taxonomy":"product_cat","embeddable":true,"href":"https:\/\/tssinformatique.tn\/index.php\/wp-json\/wp\/v2\/product_cat?post=22437"},{"taxonomy":"product_tag","embeddable":true,"href":"https:\/\/tssinformatique.tn\/index.php\/wp-json\/wp\/v2\/product_tag?post=22437"}],"curies":[{"name":"wp","href":"https:\/\/api.w.org\/{rel}","templated":true}]}}