{"id":22433,"date":"2025-02-25T22:54:45","date_gmt":"2025-02-25T22:54:45","guid":{"rendered":"https:\/\/tssinformatique.tn\/?post_type=product&#038;p=22433"},"modified":"2026-02-20T14:25:57","modified_gmt":"2026-02-20T14:25:57","slug":"controle-dacces-a-reconnaissance-faciale-zkteco-eface10","status":"publish","type":"product","link":"https:\/\/tssinformatique.tn\/index.php\/product\/controle-dacces-a-reconnaissance-faciale-zkteco-eface10\/","title":{"rendered":"Contr\u00f4le D&#8217;acc\u00e8s \u00c0 Reconnaissance Faciale Zkteco EFace10"},"content":{"rendered":"","protected":false},"excerpt":{"rendered":"<p>Contr\u00f4le de pr\u00e9sence et d&#8217;acc\u00e8s &#8211; Faciale, PIN et carte EM &#8211; \u00c9cran 4.3&#8243; tactile TFT &#8211; 500 visages | 150.000 registres &#8211; TCP\/IP, WiFi et USB | Modes de pr\u00e9sence &#8211; Logiciel ZKBioTime 8 2 dispositifs inclus<\/p>\n","protected":false},"featured_media":22434,"comment_status":"open","ping_status":"closed","template":"","meta":[],"pwb-brand":[112],"product_brand":[],"product_cat":[135,134,133],"product_tag":[],"class_list":{"0":"post-22433","1":"product","2":"type-product","3":"status-publish","4":"has-post-thumbnail","6":"pwb-brand-zkteco","7":"product_cat-controle-dacces","8":"product_cat-pointeuse","9":"product_cat-pointeuse-et-controle-daccess","11":"first","12":"instock","13":"shipping-taxable","14":"purchasable","15":"product-type-simple"},"brands":[{"id":112,"name":"ZKTeco","slug":"zkteco"}],"_links":{"self":[{"href":"https:\/\/tssinformatique.tn\/index.php\/wp-json\/wp\/v2\/product\/22433","targetHints":{"allow":["GET"]}}],"collection":[{"href":"https:\/\/tssinformatique.tn\/index.php\/wp-json\/wp\/v2\/product"}],"about":[{"href":"https:\/\/tssinformatique.tn\/index.php\/wp-json\/wp\/v2\/types\/product"}],"replies":[{"embeddable":true,"href":"https:\/\/tssinformatique.tn\/index.php\/wp-json\/wp\/v2\/comments?post=22433"}],"wp:featuredmedia":[{"embeddable":true,"href":"https:\/\/tssinformatique.tn\/index.php\/wp-json\/wp\/v2\/media\/22434"}],"wp:attachment":[{"href":"https:\/\/tssinformatique.tn\/index.php\/wp-json\/wp\/v2\/media?parent=22433"}],"wp:term":[{"taxonomy":"pwb-brand","embeddable":true,"href":"https:\/\/tssinformatique.tn\/index.php\/wp-json\/wp\/v2\/pwb-brand?post=22433"},{"taxonomy":"product_brand","embeddable":true,"href":"https:\/\/tssinformatique.tn\/index.php\/wp-json\/wp\/v2\/product_brand?post=22433"},{"taxonomy":"product_cat","embeddable":true,"href":"https:\/\/tssinformatique.tn\/index.php\/wp-json\/wp\/v2\/product_cat?post=22433"},{"taxonomy":"product_tag","embeddable":true,"href":"https:\/\/tssinformatique.tn\/index.php\/wp-json\/wp\/v2\/product_tag?post=22433"}],"curies":[{"name":"wp","href":"https:\/\/api.w.org\/{rel}","templated":true}]}}