{"id":22428,"date":"2025-02-25T22:48:46","date_gmt":"2025-02-25T22:48:46","guid":{"rendered":"https:\/\/tssinformatique.tn\/?post_type=product&#038;p=22428"},"modified":"2026-02-20T14:25:05","modified_gmt":"2026-02-20T14:25:05","slug":"pointeuse-biometrique-zkteco-k14","status":"publish","type":"product","link":"https:\/\/tssinformatique.tn\/index.php\/product\/pointeuse-biometrique-zkteco-k14\/","title":{"rendered":"Pointeuse Biom\u00e9trique ZKteco K14"},"content":{"rendered":"","protected":false},"excerpt":{"rendered":"<p>Dispositif de gestion de temps d&#8217;entr\u00e9e et de sortie des employ\u00e9s et contr\u00f4le d&#8217;acc\u00e8s des portes K14 de ZKteco. Logiciel de gestion et d&#8217;administration inclus.Communication : TCP\/IP-USB &#8211; Identification : Carte RFID et empreintes digitales &#8211; Capacit\u00e9 : 500 cartes 500 &#8211; empr 50 000 \u00e9v\u00e9nements &#8211; Senseur anti-rayure &#8211; Algorithme V10 +<\/p>\n","protected":false},"featured_media":22429,"comment_status":"open","ping_status":"closed","template":"","meta":[],"pwb-brand":[112],"product_brand":[],"product_cat":[135,134,133],"product_tag":[],"class_list":{"0":"post-22428","1":"product","2":"type-product","3":"status-publish","4":"has-post-thumbnail","6":"pwb-brand-zkteco","7":"product_cat-controle-dacces","8":"product_cat-pointeuse","9":"product_cat-pointeuse-et-controle-daccess","11":"first","12":"outofstock","13":"shipping-taxable","14":"product-type-simple"},"brands":[{"id":112,"name":"ZKTeco","slug":"zkteco"}],"_links":{"self":[{"href":"https:\/\/tssinformatique.tn\/index.php\/wp-json\/wp\/v2\/product\/22428","targetHints":{"allow":["GET"]}}],"collection":[{"href":"https:\/\/tssinformatique.tn\/index.php\/wp-json\/wp\/v2\/product"}],"about":[{"href":"https:\/\/tssinformatique.tn\/index.php\/wp-json\/wp\/v2\/types\/product"}],"replies":[{"embeddable":true,"href":"https:\/\/tssinformatique.tn\/index.php\/wp-json\/wp\/v2\/comments?post=22428"}],"wp:featuredmedia":[{"embeddable":true,"href":"https:\/\/tssinformatique.tn\/index.php\/wp-json\/wp\/v2\/media\/22429"}],"wp:attachment":[{"href":"https:\/\/tssinformatique.tn\/index.php\/wp-json\/wp\/v2\/media?parent=22428"}],"wp:term":[{"taxonomy":"pwb-brand","embeddable":true,"href":"https:\/\/tssinformatique.tn\/index.php\/wp-json\/wp\/v2\/pwb-brand?post=22428"},{"taxonomy":"product_brand","embeddable":true,"href":"https:\/\/tssinformatique.tn\/index.php\/wp-json\/wp\/v2\/product_brand?post=22428"},{"taxonomy":"product_cat","embeddable":true,"href":"https:\/\/tssinformatique.tn\/index.php\/wp-json\/wp\/v2\/product_cat?post=22428"},{"taxonomy":"product_tag","embeddable":true,"href":"https:\/\/tssinformatique.tn\/index.php\/wp-json\/wp\/v2\/product_tag?post=22428"}],"curies":[{"name":"wp","href":"https:\/\/api.w.org\/{rel}","templated":true}]}}