{"id":22135,"date":"2025-02-16T14:58:21","date_gmt":"2025-02-16T14:58:21","guid":{"rendered":"https:\/\/tssinformatique.tn\/?post_type=product&#038;p=22135"},"modified":"2025-10-18T17:32:02","modified_gmt":"2025-10-18T17:32:02","slug":"reparation-pc-portable","status":"publish","type":"product","link":"https:\/\/tssinformatique.tn\/index.php\/product\/reparation-pc-portable\/","title":{"rendered":"R\u00e9paration PC portable"},"content":{"rendered":"<h2 class=\"category-description\">Service De R\u00e9paration PC Portable De Qualit\u00e9 \u00c0 TSS<\/h2>\n<div class=\"home-banner\">\n<div class=\"row\">\n<div class=\"col col-md-4 col-xs-12\">\n<p>Votre PC portable est un outil essentiel de votre vie quotidienne, que ce soit pour le travail, les \u00e9tudes ou les loisirs. Chez loop.tn, nous comprenons \u00e0 quel point il est important pour vous de maintenir votre appareil en parfait \u00e9tat de fonctionnement.<\/p>\n<p>C&#8217;est pourquoi nous offrons un service de r\u00e9paration PC portable complet, rapide et fiable pour r\u00e9pondre \u00e0 tous vos besoins.<\/p>\n<p><strong>C&#8217;est l\u00e0 que TSS entre en jeu avec son service de r\u00e9paration Pc Portable.<\/strong><\/p>\n<p><b>Des Techniciens Sp\u00e9cialis\u00e9s et Exp\u00e9riment\u00e9s<\/b><strong>:<\/strong>\u00a0Nos techniciens sp\u00e9cialis\u00e9s poss\u00e8dent une expertise approfondie dans la r\u00e9paration de toutes les marques et mod\u00e8les de PC portables.<\/p>\n<p>Leur exp\u00e9rience leur permet de diagnostiquer rapidement les probl\u00e8mes et de fournir des solutions efficaces pour remettre votre appareil en \u00e9tat de marche.<\/p>\n<p><strong>Diagnostic Pr\u00e9cis et Devis Transparent :\u00a0<\/strong>Avant de commencer toute r\u00e9paration, nous effectuons un diagnostic complet de votre PC portable pour identifier les probl\u00e8mes sp\u00e9cifiques.<\/p>\n<p>Nous vous fournissons ensuite un devis d\u00e9taill\u00e9, transparent et sans engagement, vous donnant une vue claire des co\u00fbts associ\u00e9s \u00e0 la r\u00e9paration<\/p>\n<p><strong>Service Client\u00e8le Exceptionnel:<\/strong> Chez TSS, nous mettons un point d&#8217;honneur \u00e0 offrir un service client\u00e8le exceptionnel.<\/p>\n<p>Notre \u00e9quipe est toujours disponible pour r\u00e9pondre \u00e0 vos questions et vous fournir un soutien personnalis\u00e9 \u00e0 chaque \u00e9tape du processus de r\u00e9paration.<\/p>\n<\/div>\n<\/div>\n<\/div>\n","protected":false},"excerpt":{"rendered":"<p>Avez-vous des probl\u00e8mes avec votre PC portable ?<\/p>\n<p>Ne vous inqui\u00e9tez pas, chez loop.tn, nous offrons un service complet de r\u00e9paration de PC portables pour vous aider \u00e0 retrouver une performance optimale sans tracas.<\/p>\n","protected":false},"featured_media":22136,"comment_status":"open","ping_status":"closed","template":"","meta":[],"pwb-brand":[],"product_brand":[],"product_cat":[42],"product_tag":[],"class_list":{"0":"post-22135","1":"product","2":"type-product","3":"status-publish","4":"has-post-thumbnail","6":"product_cat-services","8":"first","9":"instock","10":"shipping-taxable","11":"product-type-simple"},"brands":[],"_links":{"self":[{"href":"https:\/\/tssinformatique.tn\/index.php\/wp-json\/wp\/v2\/product\/22135","targetHints":{"allow":["GET"]}}],"collection":[{"href":"https:\/\/tssinformatique.tn\/index.php\/wp-json\/wp\/v2\/product"}],"about":[{"href":"https:\/\/tssinformatique.tn\/index.php\/wp-json\/wp\/v2\/types\/product"}],"replies":[{"embeddable":true,"href":"https:\/\/tssinformatique.tn\/index.php\/wp-json\/wp\/v2\/comments?post=22135"}],"wp:featuredmedia":[{"embeddable":true,"href":"https:\/\/tssinformatique.tn\/index.php\/wp-json\/wp\/v2\/media\/22136"}],"wp:attachment":[{"href":"https:\/\/tssinformatique.tn\/index.php\/wp-json\/wp\/v2\/media?parent=22135"}],"wp:term":[{"taxonomy":"pwb-brand","embeddable":true,"href":"https:\/\/tssinformatique.tn\/index.php\/wp-json\/wp\/v2\/pwb-brand?post=22135"},{"taxonomy":"product_brand","embeddable":true,"href":"https:\/\/tssinformatique.tn\/index.php\/wp-json\/wp\/v2\/product_brand?post=22135"},{"taxonomy":"product_cat","embeddable":true,"href":"https:\/\/tssinformatique.tn\/index.php\/wp-json\/wp\/v2\/product_cat?post=22135"},{"taxonomy":"product_tag","embeddable":true,"href":"https:\/\/tssinformatique.tn\/index.php\/wp-json\/wp\/v2\/product_tag?post=22135"}],"curies":[{"name":"wp","href":"https:\/\/api.w.org\/{rel}","templated":true}]}}