{"id":22133,"date":"2025-02-16T14:51:27","date_gmt":"2025-02-16T14:51:27","guid":{"rendered":"https:\/\/tssinformatique.tn\/?post_type=product&#038;p=22133"},"modified":"2025-03-19T18:58:38","modified_gmt":"2025-03-19T18:58:38","slug":"reinitialisation-mot-de-passe-oublie-hikvision-tunisie","status":"publish","type":"product","link":"https:\/\/tssinformatique.tn\/index.php\/product\/reinitialisation-mot-de-passe-oublie-hikvision-tunisie\/","title":{"rendered":"R\u00e9initialisation mot de passe oubli\u00e9 Hikvision Tunisie"},"content":{"rendered":"<h2 class=\"category-description\">R\u00e9initialisation Mot De Passe Oubli\u00e9 Hikvision<\/h2>\n<div class=\"home-banner\">\n<div class=\"row\">\n<div class=\"col col-md-4 col-xs-12\">\n<div class=\"col col-md-8 col-xs-12\">\n<div class=\"banner-box\">\n<div class=\"flex flex-grow flex-col gap-3\">\n<div class=\"min-h-[20px] flex flex-col items-start gap-4 whitespace-pre-wrap break-words\">\n<div class=\"markdown prose w-full break-words dark:prose-invert light\">\n<p>Chez TSS Tunisie, nous comprenons que la perte ou l&#8217;oubli d&#8217;un mot de passe peut \u00eatre frustrant, en particulier lorsque vous avez configur\u00e9 votre cam\u00e9ra IP ou votre NVR Hikvision. Ne vous inqui\u00e9tez pas, notre \u00e9quipe d&#8217;experts est l\u00e0 pour vous aider \u00e0 r\u00e9initialiser votre mot de passe en toute simplicit\u00e9 et en toute s\u00e9curit\u00e9.<\/p>\n<p>Que vous soyez un particulier ou une entreprise, nous sommes l\u00e0 pour vous accompagner dans le processus de r\u00e9initialisation du mot de passe sur votre \u00e9quipement Hikvision. Notre objectif est de vous aider \u00e0 retrouver l&#8217;acc\u00e8s \u00e0 votre cam\u00e9ra IP ou \u00e0 votre NVR de mani\u00e8re efficace et sans tracas.<\/p>\n<p>Lorsque vous faites appel \u00e0 nos services de r\u00e9initialisation de mot de passe, vous b\u00e9n\u00e9ficiez de l&#8217;expertise de notre \u00e9quipe exp\u00e9riment\u00e9e. Nous sommes familiers avec les protocoles et les proc\u00e9dures de r\u00e9initialisation recommand\u00e9s par Hikvision, ce qui nous permet de r\u00e9soudre rapidement vos probl\u00e8mes de mot de passe.<\/p>\n<\/div>\n<\/div>\n<\/div>\n<\/div>\n<\/div>\n<\/div>\n<\/div>\n<\/div>\n","protected":false},"excerpt":{"rendered":"<div id=\"product-description-short-525\" class=\"product-description-short\">\n<p>Si vous avez besoin de changer le mot de passe sur votre \u00e9quipement Hikvision, notre \u00e9quipe d&#8217;experts est \u00e0 votre disposition. Nous vous guidons \u00e0 travers le processus de r\u00e9initialisation, en veillant \u00e0 ce que vous puissiez retrouver l&#8217;acc\u00e8s \u00e0 votre cam\u00e9ra IP ou \u00e0 votre NVR en un rien de temps.<\/p>\n<\/div>\n","protected":false},"featured_media":22134,"comment_status":"open","ping_status":"closed","template":"","meta":[],"pwb-brand":[97],"product_brand":[],"product_cat":[42],"product_tag":[],"class_list":{"0":"post-22133","1":"product","2":"type-product","3":"status-publish","4":"has-post-thumbnail","6":"pwb-brand-hikvision","7":"product_cat-services","9":"first","10":"instock","11":"shipping-taxable","12":"purchasable","13":"product-type-simple"},"brands":[{"id":97,"name":"hikvision","slug":"hikvision"}],"_links":{"self":[{"href":"https:\/\/tssinformatique.tn\/index.php\/wp-json\/wp\/v2\/product\/22133","targetHints":{"allow":["GET"]}}],"collection":[{"href":"https:\/\/tssinformatique.tn\/index.php\/wp-json\/wp\/v2\/product"}],"about":[{"href":"https:\/\/tssinformatique.tn\/index.php\/wp-json\/wp\/v2\/types\/product"}],"replies":[{"embeddable":true,"href":"https:\/\/tssinformatique.tn\/index.php\/wp-json\/wp\/v2\/comments?post=22133"}],"wp:featuredmedia":[{"embeddable":true,"href":"https:\/\/tssinformatique.tn\/index.php\/wp-json\/wp\/v2\/media\/22134"}],"wp:attachment":[{"href":"https:\/\/tssinformatique.tn\/index.php\/wp-json\/wp\/v2\/media?parent=22133"}],"wp:term":[{"taxonomy":"pwb-brand","embeddable":true,"href":"https:\/\/tssinformatique.tn\/index.php\/wp-json\/wp\/v2\/pwb-brand?post=22133"},{"taxonomy":"product_brand","embeddable":true,"href":"https:\/\/tssinformatique.tn\/index.php\/wp-json\/wp\/v2\/product_brand?post=22133"},{"taxonomy":"product_cat","embeddable":true,"href":"https:\/\/tssinformatique.tn\/index.php\/wp-json\/wp\/v2\/product_cat?post=22133"},{"taxonomy":"product_tag","embeddable":true,"href":"https:\/\/tssinformatique.tn\/index.php\/wp-json\/wp\/v2\/product_tag?post=22133"}],"curies":[{"name":"wp","href":"https:\/\/api.w.org\/{rel}","templated":true}]}}