{"id":22128,"date":"2025-02-16T14:34:39","date_gmt":"2025-02-16T14:34:39","guid":{"rendered":"https:\/\/tssinformatique.tn\/?post_type=product&#038;p=22128"},"modified":"2025-10-18T17:28:28","modified_gmt":"2025-10-18T17:28:28","slug":"installation-systeme-alarme-maison-en-tunisie","status":"publish","type":"product","link":"https:\/\/tssinformatique.tn\/index.php\/product\/installation-systeme-alarme-maison-en-tunisie\/","title":{"rendered":"Installation syst\u00e8me alarme maison en Tunisie"},"content":{"rendered":"<h2 class=\"category-description\">Installation Syst\u00e8me Alarme Maison En Tunisie<\/h2>\n<div class=\"home-banner\">\n<div class=\"row\">\n<div class=\"col col-md-4 col-xs-12\">\n<div class=\"banner-box\"><img fetchpriority=\"high\" decoding=\"async\" src=\"https:\/\/www.loop.tn\/img\/cms\/Installation-syst%C3%A8me-alarme-maison-filaire-et-sans-fil-tunisie.jpg\" alt=\"Installation syst\u00e8me alarme maison filaire et sans fil tunisie\" width=\"564\" height=\"341\" \/><\/div>\n<\/div>\n<div class=\"col col-md-8 col-xs-12\">\n<div class=\"banner-box\">\n<div class=\"flex flex-grow flex-col gap-3\">\n<div class=\"min-h-[20px] flex flex-col items-start gap-4 whitespace-pre-wrap break-words\">\n<div class=\"markdown prose w-full break-words dark:prose-invert light\">\n<p>Chez TSS , nous comprenons l&#8217;importance de la s\u00e9curit\u00e9 de votre maison. C&#8217;est pourquoi nous proposons un service d&#8217;installation de syst\u00e8me d&#8217;alarme maison personnalis\u00e9 pour prot\u00e9ger votre propri\u00e9t\u00e9 et vous offrir une tranquillit\u00e9 d&#8217;esprit totale.<\/p>\n<p>Notre \u00e9quipe exp\u00e9riment\u00e9e est sp\u00e9cialis\u00e9e dans l&#8217;installation professionnelle de syst\u00e8mes d&#8217;alarme maison. Nous travaillons en \u00e9troite collaboration avec vous pour comprendre vos besoins sp\u00e9cifiques en mati\u00e8re de s\u00e9curit\u00e9 et concevoir une solution adapt\u00e9e \u00e0 votre domicile.<\/p>\n<p>Que vous ayez besoin d&#8217;un syst\u00e8me d&#8217;alarme filaire ou sans fil, nous vous proposons une large gamme d&#8217;options pour r\u00e9pondre \u00e0 vos exigences. Notre \u00e9quipe s&#8217;occupera de l&#8217;installation soign\u00e9e des capteurs, des d\u00e9tecteurs de mouvement, des contacts magn\u00e9tiques et d&#8217;autres composants essentiels de votre syst\u00e8me d&#8217;alarme.<\/p>\n<p>Nous veillons \u00e0 ce que toutes les installations soient r\u00e9alis\u00e9es de mani\u00e8re professionnelle et s\u00e9curis\u00e9e, en garantissant une int\u00e9gration transparente avec votre maison. De plus, nous offrons des services de maintenance pour assurer le bon fonctionnement continu de votre syst\u00e8me d&#8217;alarme.<\/p>\n<h2 class=\"category-description\">Installation Syst\u00e8me Alarme Maison Filaire Et Sans Fil<\/h2>\n<div class=\"home-banner\">\n<div class=\"row\">\n<div class=\"col col-md-6 col-xs-12\">\n<div class=\"banner-box\">\n<div class=\"home-banner\">\n<div class=\"row\">\n<div class=\"col col-md-6 col-xs-12\">\n<div class=\"banner-box\">\n<p>Si vous recherchez une protection fiable et efficace pour votre maison, contactez-nous d\u00e8s aujourd&#8217;hui pour en savoir plus sur nos services d&#8217;installation de syst\u00e8mes d&#8217;alarme maison. Chez Loop Tunisie, nous sommes l\u00e0 pour vous aider \u00e0 prot\u00e9ger ce qui compte le plus pour vous.<\/p>\n<h3>Installation Syst\u00e8me Alarme Maison Filaire<\/h3>\n<p>Chez TSS , nous proposons des services d&#8217;installation professionnelle de syst\u00e8mes d&#8217;alarme maison filaires pour assurer la s\u00e9curit\u00e9 compl\u00e8te de votre domicile. Notre \u00e9quipe d&#8217;experts qualifi\u00e9s utilise les meilleures pratiques de l&#8217;industrie pour garantir une installation soign\u00e9e et s\u00e9curis\u00e9e de votre syst\u00e8me d&#8217;alarme filaire. Nous travaillons avec vous pour concevoir une solution sur mesure qui r\u00e9pond \u00e0 vos besoins sp\u00e9cifiques en mati\u00e8re de s\u00e9curit\u00e9. Que vous ayez besoin de d\u00e9tecteurs de mouvement, de contacts magn\u00e9tiques ou d&#8217;autres composants essentiels, nous veillons \u00e0 ce que votre syst\u00e8me d&#8217;alarme filaire soit install\u00e9 de mani\u00e8re professionnelle pour une tranquillit\u00e9 d&#8217;esprit totale.<\/p>\n<h3>Installation Syst\u00e8me Alarme Maison Sans Fil<\/h3>\n<p>La libert\u00e9 et la flexibilit\u00e9 sont essentielles lorsqu&#8217;il s&#8217;agit de la s\u00e9curit\u00e9 de votre maison. C&#8217;est pourquoi chez Loop Tunisie, nous proposons des services d&#8217;installation professionnelle de syst\u00e8mes d&#8217;alarme maison sans fil. Nos experts exp\u00e9riment\u00e9s utiliseront leur expertise pour installer votre syst\u00e8me d&#8217;alarme sans fil de mani\u00e8re fiable et s\u00e9curis\u00e9e. Avec des composants sans fil tels que des d\u00e9tecteurs de mouvement, des contacts magn\u00e9tiques et bien plus encore, vous pouvez prot\u00e9ger votre domicile sans les contraintes des c\u00e2bles. Nous vous guiderons tout au long du processus d&#8217;installation pour vous assurer d&#8217;obtenir un syst\u00e8me d&#8217;alarme sans fil efficace et performant qui r\u00e9pond \u00e0 vos besoins de s\u00e9curit\u00e9 sp\u00e9cifiques.<\/p>\n<\/div>\n<\/div>\n<div class=\"col col-md-6 col-xs-12\">\n<div class=\"banner-box\"><img decoding=\"async\" src=\"https:\/\/www.loop.tn\/img\/cms\/b76767f1e56046cde128e752a96ac40e.jpg\" alt=\"Installation de Cam\u00e9ras de Surveillance IP et analogique\" width=\"490\" height=\"490\" \/><\/div>\n<\/div>\n<\/div>\n<\/div>\n<p>&nbsp;<\/p>\n<h2>Frais D&#8217;Installation Variables<\/h2>\n<p>Chez TSS , nous comprenons que chaque client a des besoins uniques. C&#8217;est pourquoi nous offrons des services de consultation personnalis\u00e9s pour d\u00e9terminer les meilleurs syst\u00e8mes de s\u00e9curit\u00e9 pour votre propri\u00e9t\u00e9 et votre budget. Nous travaillons avec vous pour concevoir un syst\u00e8me d&#8217;alarme qui r\u00e9pond \u00e0 vos besoins sp\u00e9cifiques.<\/p>\n<p>Il est important de noter que les frais d&#8217;installation varient en fonction de chaque besoin sp\u00e9cifique. Nous sommes l\u00e0 pour vous aider \u00e0 trouver un syst\u00e8me d&#8217;alarme\u00a0 qui correspond \u00e0 votre budget et \u00e0 vos besoins, et nous vous fournirons un devis clair avant de commencer les travaux.<\/p>\n<\/div>\n<\/div>\n<\/div>\n<\/div>\n<\/div>\n<\/div>\n<\/div>\n<\/div>\n<\/div>\n<\/div>\n<\/div>\n","protected":false},"excerpt":{"rendered":"<div id=\"product-description-short-524\" class=\"product-description-short\">\n<p>Faites confiance \u00e0 TSS\u00a0 pour l&#8217;installation professionnelle de votre syst\u00e8me d&#8217;alarme maison. Nous mettons notre expertise \u00e0 votre service pour assurer la protection optimale de votre domicile. Nos \u00e9quipes qualifi\u00e9es vous accompagnent dans le choix des meilleurs \u00e9quipements et assurent une installation soign\u00e9e et s\u00e9curis\u00e9e<\/p>\n<\/div>\n","protected":false},"featured_media":22130,"comment_status":"open","ping_status":"closed","template":"","meta":[],"pwb-brand":[],"product_brand":[],"product_cat":[42],"product_tag":[],"class_list":{"0":"post-22128","1":"product","2":"type-product","3":"status-publish","4":"has-post-thumbnail","6":"product_cat-services","8":"first","9":"instock","10":"shipping-taxable","11":"purchasable","12":"product-type-simple"},"brands":[],"_links":{"self":[{"href":"https:\/\/tssinformatique.tn\/index.php\/wp-json\/wp\/v2\/product\/22128","targetHints":{"allow":["GET"]}}],"collection":[{"href":"https:\/\/tssinformatique.tn\/index.php\/wp-json\/wp\/v2\/product"}],"about":[{"href":"https:\/\/tssinformatique.tn\/index.php\/wp-json\/wp\/v2\/types\/product"}],"replies":[{"embeddable":true,"href":"https:\/\/tssinformatique.tn\/index.php\/wp-json\/wp\/v2\/comments?post=22128"}],"wp:featuredmedia":[{"embeddable":true,"href":"https:\/\/tssinformatique.tn\/index.php\/wp-json\/wp\/v2\/media\/22130"}],"wp:attachment":[{"href":"https:\/\/tssinformatique.tn\/index.php\/wp-json\/wp\/v2\/media?parent=22128"}],"wp:term":[{"taxonomy":"pwb-brand","embeddable":true,"href":"https:\/\/tssinformatique.tn\/index.php\/wp-json\/wp\/v2\/pwb-brand?post=22128"},{"taxonomy":"product_brand","embeddable":true,"href":"https:\/\/tssinformatique.tn\/index.php\/wp-json\/wp\/v2\/product_brand?post=22128"},{"taxonomy":"product_cat","embeddable":true,"href":"https:\/\/tssinformatique.tn\/index.php\/wp-json\/wp\/v2\/product_cat?post=22128"},{"taxonomy":"product_tag","embeddable":true,"href":"https:\/\/tssinformatique.tn\/index.php\/wp-json\/wp\/v2\/product_tag?post=22128"}],"curies":[{"name":"wp","href":"https:\/\/api.w.org\/{rel}","templated":true}]}}