{"id":22100,"date":"2025-02-16T11:48:17","date_gmt":"2025-02-16T11:48:17","guid":{"rendered":"https:\/\/tssinformatique.tn\/?post_type=product&#038;p=22100"},"modified":"2025-10-07T00:21:23","modified_gmt":"2025-10-07T00:21:23","slug":"telecommande-ds-pkf1-we-alarme-hikvision-ax-pro","status":"publish","type":"product","link":"https:\/\/tssinformatique.tn\/index.php\/product\/telecommande-ds-pkf1-we-alarme-hikvision-ax-pro\/","title":{"rendered":"T\u00e9l\u00e9commande DS-PKF1-WE Alarme Hikvision AX PRO"},"content":{"rendered":"<h2>T\u00e9l\u00e9commande\u00a0 DS-PKF1-WB Pour Alarme Hikvision AX PRO Disponible Au Meilleur Prix En Tunisie<\/h2>\n<p>T\u00e9l\u00e9commande DS-PKF1-WB pour alarme Hikvision AX PRO 4 boutons (armement, d\u00e9sarmement, d\u00e9sarmement partiel et une touche configurable pour fonction panic par exemple) pour centrale d&#8217;alarme AX PRO (non compatible avec la centrale d&#8217;alarme AX Hub). Cette\u00a0<span class=\"description_motneeded_2\">telecommande\u00a0<\/span>embarque la technologie de communication s\u00e9curis\u00e9e exclusive Tri-X compatible avec les alarmes sans fil AX-PRO 96 et 64. Communique jusqu&#8217;\u00e0 900 m (dans les zones ouvertes sans obstacle).<\/p>\n<p>&nbsp;<\/p>\n<h3 class=\"col label\">Fiche Technique Et Service<\/h3>\n<ul>\n<li>Communication radio bidirectionnelle Tri-X avec encryptage AES 128 bits<\/li>\n<li>Compatible AX Pro<\/li>\n<li>8 fonctions dont 6 programmables, commande de mise en et hors service totale<\/li>\n<li>Alimentation : 1 pile 3V CR2032 livr\u00e9e, autonomie : 3 ans<\/li>\n<li>Port\u00e9e radio 900m en champ libre, fr\u00e9quence 868 MHz<\/li>\n<li>Temp\u00e9rature -10\u00b0C +55\u00b0C, IP66<\/li>\n<li>Dimensions : L 35,2 x H 63,2 x P 11,2 mm<\/li>\n<li>Poids : 16g<\/li>\n<li>Conforme \u00e0 la norme EN 50131-1 Grade 3<\/li>\n<li>Garantie 2 ans<\/li>\n<\/ul>\n<p>&nbsp;<\/p>\n<p>&nbsp;<\/p>\n<p>&nbsp;<\/p>\n<p><span class=\"ztdTxt\">O\u00f9 trouver l\u2019offre Telecommande DS-PKF1-WB pour alarme Hikvision AX PRO au meilleur prix ? Dans le magasin TSS informatique &amp; security bien s\u00fbr ! Avec des prix au plus bas , comment ne pas craquer pour l&#8217;un de ces produits, \u00e0 l\u2019image de la bombe du jour . A chaque visite, retrouvez bons plans et promotions incroyables sur les plus grandes marques de cet univers\u00a0 alarme Hikvision AX PRO\u00a0, tel notre coup de c\u0153ur client du moment . Quel site offre le meilleur rapport qualit\u00e9\/prix pour votre achat Telecommande pour alarme Hikvision AX PRO pas cher ?\u00a0TSS, sans conteste, qui avec son offre fait plus que jamais la part belle aux \u00e9conomies.<\/span><\/p>\n","protected":false},"excerpt":{"rendered":"<ul>\n<li>Communication radio bidirectionnelle Tri-X avec encryptage AES 128 bits<\/li>\n<li>Compatible AX Pro<\/li>\n<li>8 fonctions dont 6 programmables, commande de mise en et hors service totale<\/li>\n<li>Alimentation : 1 pile 3V CR2032 livr\u00e9e, autonomie : 3 ans<\/li>\n<li>Port\u00e9e radio 900m en champ libre, fr\u00e9quence 868 MHz<\/li>\n<li>Temp\u00e9rature -10\u00b0C +55\u00b0C, IP66<\/li>\n<li>Dimensions : L 35,2 x H 63,2 x P 11,2 mm<\/li>\n<li>Poids : 16g<\/li>\n<li>Conforme \u00e0 la norme EN 50131-1 Grade 3<\/li>\n<li>Garantie 2 ans<\/li>\n<\/ul>\n","protected":false},"featured_media":22101,"comment_status":"open","ping_status":"closed","template":"","meta":[],"pwb-brand":[97],"product_brand":[],"product_cat":[47,39],"product_tag":[],"class_list":{"0":"post-22100","1":"product","2":"type-product","3":"status-publish","4":"has-post-thumbnail","6":"pwb-brand-hikvision","7":"product_cat-clavier-alarme","8":"product_cat-systeme-alarme-maison","10":"first","11":"instock","12":"shipping-taxable","13":"purchasable","14":"product-type-simple"},"brands":[{"id":97,"name":"hikvision","slug":"hikvision"}],"_links":{"self":[{"href":"https:\/\/tssinformatique.tn\/index.php\/wp-json\/wp\/v2\/product\/22100","targetHints":{"allow":["GET"]}}],"collection":[{"href":"https:\/\/tssinformatique.tn\/index.php\/wp-json\/wp\/v2\/product"}],"about":[{"href":"https:\/\/tssinformatique.tn\/index.php\/wp-json\/wp\/v2\/types\/product"}],"replies":[{"embeddable":true,"href":"https:\/\/tssinformatique.tn\/index.php\/wp-json\/wp\/v2\/comments?post=22100"}],"wp:featuredmedia":[{"embeddable":true,"href":"https:\/\/tssinformatique.tn\/index.php\/wp-json\/wp\/v2\/media\/22101"}],"wp:attachment":[{"href":"https:\/\/tssinformatique.tn\/index.php\/wp-json\/wp\/v2\/media?parent=22100"}],"wp:term":[{"taxonomy":"pwb-brand","embeddable":true,"href":"https:\/\/tssinformatique.tn\/index.php\/wp-json\/wp\/v2\/pwb-brand?post=22100"},{"taxonomy":"product_brand","embeddable":true,"href":"https:\/\/tssinformatique.tn\/index.php\/wp-json\/wp\/v2\/product_brand?post=22100"},{"taxonomy":"product_cat","embeddable":true,"href":"https:\/\/tssinformatique.tn\/index.php\/wp-json\/wp\/v2\/product_cat?post=22100"},{"taxonomy":"product_tag","embeddable":true,"href":"https:\/\/tssinformatique.tn\/index.php\/wp-json\/wp\/v2\/product_tag?post=22100"}],"curies":[{"name":"wp","href":"https:\/\/api.w.org\/{rel}","templated":true}]}}