{"id":22085,"date":"2025-02-16T10:09:40","date_gmt":"2025-02-16T10:09:40","guid":{"rendered":"https:\/\/tssinformatique.tn\/?post_type=product&#038;p=22085"},"modified":"2026-03-31T15:48:23","modified_gmt":"2026-03-31T15:48:23","slug":"alarme-maison-filair-8-zone-comelit","status":"publish","type":"product","link":"https:\/\/tssinformatique.tn\/index.php\/product\/alarme-maison-filair-8-zone-comelit\/","title":{"rendered":"Kit alarme sans fil Schultz  -Pour Boutique"},"content":{"rendered":"","protected":false},"excerpt":{"rendered":"<ul>\n<li>\n<p style=\"font-weight: 400;\">Kit de syst\u00e8me d&#8217;alarme domestique WiFi,\u00a0 : <b><strong>Composantes du kit\u00a0 \u00a0 \u00a0 \u00a0 \u00a0 \u00a0 \u00a0 \u00a0 \u00a0 \u00a0 \u00a0 \u00a0 \u00a0 \u00a0 \u00a0 \u00a0 \u00a0 \u00a0 \u00a0 \u00a0 \u00a0 \u00a0 \u00a0 \u00a0 \u00a0 \u00a0 \u00a0 \u00a0 \u00a0 \u00a0 \u00a0 \u00a0 \u00a0 \u00a0 \u00a0 \u00a0 \u00a0 \u00a0 \u00a0 \u00a0 \u00a0 \u00a0 \u00a0 \u00a0 \u00a0 \u00a0 \u00a0 \u00a0 \u00a0 \u00a0 \u00a0 \u00a0 \u00a0 <\/strong><\/b>\u00a0 1 x Centrale<br \/>\n1 x D\u00e9tecteur de mouvement<br \/>\n2 x T\u00e9l\u00e9commande intelligente sans fil \u00e0 6 fonctions de 868 MHz<br \/>\n2 x Contact sans fil<\/p>\n<p style=\"font-weight: 400;\">\n<\/li>\n<\/ul>\n","protected":false},"featured_media":23179,"comment_status":"open","ping_status":"closed","template":"","meta":[],"pwb-brand":[],"product_brand":[],"product_cat":[44,39],"product_tag":[],"class_list":{"0":"post-22085","1":"product","2":"type-product","3":"status-publish","4":"has-post-thumbnail","6":"product_cat-alarme-sans-fil","7":"product_cat-systeme-alarme-maison","9":"first","10":"instock","11":"shipping-taxable","12":"purchasable","13":"product-type-simple"},"brands":[],"_links":{"self":[{"href":"https:\/\/tssinformatique.tn\/index.php\/wp-json\/wp\/v2\/product\/22085","targetHints":{"allow":["GET"]}}],"collection":[{"href":"https:\/\/tssinformatique.tn\/index.php\/wp-json\/wp\/v2\/product"}],"about":[{"href":"https:\/\/tssinformatique.tn\/index.php\/wp-json\/wp\/v2\/types\/product"}],"replies":[{"embeddable":true,"href":"https:\/\/tssinformatique.tn\/index.php\/wp-json\/wp\/v2\/comments?post=22085"}],"wp:featuredmedia":[{"embeddable":true,"href":"https:\/\/tssinformatique.tn\/index.php\/wp-json\/wp\/v2\/media\/23179"}],"wp:attachment":[{"href":"https:\/\/tssinformatique.tn\/index.php\/wp-json\/wp\/v2\/media?parent=22085"}],"wp:term":[{"taxonomy":"pwb-brand","embeddable":true,"href":"https:\/\/tssinformatique.tn\/index.php\/wp-json\/wp\/v2\/pwb-brand?post=22085"},{"taxonomy":"product_brand","embeddable":true,"href":"https:\/\/tssinformatique.tn\/index.php\/wp-json\/wp\/v2\/product_brand?post=22085"},{"taxonomy":"product_cat","embeddable":true,"href":"https:\/\/tssinformatique.tn\/index.php\/wp-json\/wp\/v2\/product_cat?post=22085"},{"taxonomy":"product_tag","embeddable":true,"href":"https:\/\/tssinformatique.tn\/index.php\/wp-json\/wp\/v2\/product_tag?post=22085"}],"curies":[{"name":"wp","href":"https:\/\/api.w.org\/{rel}","templated":true}]}}