{"id":22043,"date":"2025-02-15T18:08:18","date_gmt":"2025-02-15T18:08:18","guid":{"rendered":"https:\/\/tssinformatique.tn\/?post_type=product&#038;p=22043"},"modified":"2025-02-15T18:21:30","modified_gmt":"2025-02-15T18:21:30","slug":"kit-videophone-ip-anti-vandale-ds-kis604-s-hikvision-2","status":"publish","type":"product","link":"https:\/\/tssinformatique.tn\/index.php\/product\/kit-videophone-ip-anti-vandale-ds-kis604-s-hikvision-2\/","title":{"rendered":"Kit Interphone 1 Poste Comelit"},"content":{"rendered":"<h2>Kit Interphone 1 Poste Comelit Disponible En Tunisie Au Meilleur Prix<\/h2>\n<div class=\"home-banner\">\n<div class=\"row\">\n<div class=\"col col-md-6 col-xs-12\">\n<div class=\"banner-box\">\n<p><img fetchpriority=\"high\" decoding=\"async\" src=\"https:\/\/www.loop.tn\/img\/cms\/interphone-Comelit-1-poste.png\" alt=\"Kit Interphone 1 Poste Comelit\" width=\"700\" height=\"443\" \/><\/p>\n<\/div>\n<\/div>\n<div class=\"col col-md-6 col-xs-12\">\n<div class=\"banner-box\">\n<div class=\"flex flex-grow flex-col gap-3\">\n<div class=\"min-h-[20px] flex flex-col items-start gap-4 whitespace-pre-wrap break-words\">\n<div class=\"markdown prose w-full break-words dark:prose-invert light\">\n<div class=\"flex flex-grow flex-col gap-3\">\n<div class=\"min-h-[20px] flex flex-col items-start gap-4 whitespace-pre-wrap break-words\">\n<div class=\"markdown prose w-full break-words dark:prose-invert light\">\n<p>Le kit interphone 1 poste Comelit est un syst\u00e8me de communication bidirectionnelle con\u00e7u pour faciliter les interactions entre les visiteurs et les occupants d&#8217;un b\u00e2timent r\u00e9sidentiel ou commercial. Il est g\u00e9n\u00e9ralement utilis\u00e9 comme un moyen de contr\u00f4le d&#8217;acc\u00e8s et de s\u00e9curit\u00e9 pour permettre aux occupants de communiquer avec les visiteurs avant de leur accorder l&#8217;entr\u00e9e.<\/p>\n<p>Le kit comprend un poste ext\u00e9rieur et un poste int\u00e9rieur. Le poste ext\u00e9rieur est install\u00e9 \u00e0 l&#8217;entr\u00e9e principale du b\u00e2timent et est \u00e9quip\u00e9 d&#8217;un microphone, d&#8217;un haut-parleur et d&#8217;un bouton d&#8217;appel. Les visiteurs peuvent appuyer sur le bouton pour \u00e9tablir une communication audio avec les occupants \u00e0 l&#8217;int\u00e9rieur.<\/p>\n<p>Le poste int\u00e9rieur est install\u00e9 \u00e0 l&#8217;int\u00e9rieur du b\u00e2timent, g\u00e9n\u00e9ralement pr\u00e8s de l&#8217;entr\u00e9e principale, pour permettre aux occupants de r\u00e9pondre aux appels des visiteurs. Il dispose \u00e9galement d&#8217;un microphone et d&#8217;un haut-parleur, ainsi que de commandes suppl\u00e9mentaires pour ouvrir la porte \u00e0 distance.<\/p>\n<p>Le kit Comelit offre une qualit\u00e9 audio claire et une facilit\u00e9 d&#8217;utilisation. Il peut \u00eatre int\u00e9gr\u00e9 \u00e0 d&#8217;autres syst\u00e8mes de s\u00e9curit\u00e9 existants, tels que des cam\u00e9ras de surveillance ou des syst\u00e8mes de contr\u00f4le d&#8217;acc\u00e8s, pour fournir une solution compl\u00e8te de communication et de s\u00e9curit\u00e9.<\/p>\n<\/div>\n<\/div>\n<\/div>\n<\/div>\n<\/div>\n<\/div>\n<\/div>\n<\/div>\n<\/div>\n<\/div>\n<h2>Le Design \u00c0 La Port\u00e9e De Tous.<\/h2>\n<div class=\"home-banner\">\n<div class=\"row\">\n<div class=\"col col-md-6 col-xs-12\">\n<div class=\"banner-box\">\n<p><img decoding=\"async\" src=\"https:\/\/www.loop.tn\/img\/cms\/Alarme-maison-filair-8-zone-Comelit_1.jpg\" alt=\"Le design \u00e0 la port\u00e9e de tous.\" width=\"700\" height=\"443\" \/><\/p>\n<\/div>\n<\/div>\n<div class=\"col col-md-6 col-xs-12\">\n<div class=\"col col-md-4 col-xs-12\">\n<div class=\"banner-box\"><img decoding=\"async\" src=\"https:\/\/www.loop.tn\/img\/cms\/regolazioni.png\" alt=\"Kit Interphone 1 Poste Comelit\" width=\"100\" height=\"60\" \/><span class=\"fullwidth\">R\u00e9glage<\/span><\/p>\n<p>&nbsp;<\/p>\n<p>Volume haut-parleur, volume micro, volume sonnerie.<\/p>\n<\/div>\n<\/div>\n<div class=\"col col-md-4 col-xs-12\">\n<div class=\"banner-box\"><img loading=\"lazy\" decoding=\"async\" src=\"https:\/\/www.loop.tn\/img\/cms\/pulsanti.png\" alt=\"Kit Interphone 1 Poste Comelit\" width=\"100\" height=\"60\" \/><span class=\"fullwidth\">Boutons<\/span><\/p>\n<p>Comprend un bouton ouvre-porte, bouton pour les services suppl\u00e9mentaires<\/p>\n<\/div>\n<\/div>\n<div class=\"col col-md-4 col-xs-12\">\n<div class=\"banner-box\"><img loading=\"lazy\" decoding=\"async\" src=\"https:\/\/www.loop.tn\/img\/cms\/optional-e-versioni.png\" alt=\"Kit Interphone 1 Poste Comelit\" width=\"100\" height=\"60\" \/><span class=\"fullwidth\">Options et versions<\/span><\/p>\n<p>En saillie et table (avec accessoire).<\/p>\n<\/div>\n<\/div>\n<\/div>\n<h6>T\u00c9L\u00c9CHARGEZ LA BROCHURE DU PRODUIT<\/h6>\n<p><a href=\"https:\/\/staticpro.comelitgroup.com\/storage\/2018\/01\/351\/2G32000663.pdf\"><img loading=\"lazy\" decoding=\"async\" src=\"https:\/\/comelitgroup.com\/wp-content\/uploads\/2015\/10\/arrow-down-big.png\" alt=\"\" width=\"53\" height=\"53\" \/><\/a><\/p>\n<p>&nbsp;<\/p>\n<p><img loading=\"lazy\" decoding=\"async\" src=\"https:\/\/www.loop.tn\/img\/cms\/POSTI-INTERNI-AUDIO-1920x613.jpg\" alt=\"interphone d\u2019int\u00e9rieur\" width=\"1920\" height=\"613\" \/><\/p>\n<\/div>\n<\/div>\n","protected":false},"excerpt":{"rendered":"<ul>\n<li>Poste int\u00e9rieur audio s\u00e9rie MINI pour syst\u00e8me traditionnel \u00e0 appel \u00e9lectronique,<\/li>\n<li>Bouton ouvre-porte et bouton suppl\u00e9mentaire pour les services suppl\u00e9mentaires.<\/li>\n<li>R\u00e9glage du volume et coupure sonnerie par s\u00e9lecteur \u00e0 3 positions.<\/li>\n<li>L&#8217;activation de la fonction coupure sonnerie est signal\u00e9e par un indicateur de couleur rouge.<\/li>\n<li>Dimensions : 105 x 191 x 28 mm<\/li>\n<\/ul>\n","protected":false},"featured_media":22046,"comment_status":"open","ping_status":"closed","template":"","meta":[],"pwb-brand":[118],"product_brand":[],"product_cat":[57,41],"product_tag":[],"class_list":{"0":"post-22043","1":"product","2":"type-product","3":"status-publish","4":"has-post-thumbnail","6":"pwb-brand-comelit","7":"product_cat-interphone","8":"product_cat-videophone-interphone","10":"first","11":"instock","12":"shipping-taxable","13":"purchasable","14":"product-type-simple"},"brands":[{"id":118,"name":"Comelit","slug":"comelit"}],"_links":{"self":[{"href":"https:\/\/tssinformatique.tn\/index.php\/wp-json\/wp\/v2\/product\/22043","targetHints":{"allow":["GET"]}}],"collection":[{"href":"https:\/\/tssinformatique.tn\/index.php\/wp-json\/wp\/v2\/product"}],"about":[{"href":"https:\/\/tssinformatique.tn\/index.php\/wp-json\/wp\/v2\/types\/product"}],"replies":[{"embeddable":true,"href":"https:\/\/tssinformatique.tn\/index.php\/wp-json\/wp\/v2\/comments?post=22043"}],"wp:featuredmedia":[{"embeddable":true,"href":"https:\/\/tssinformatique.tn\/index.php\/wp-json\/wp\/v2\/media\/22046"}],"wp:attachment":[{"href":"https:\/\/tssinformatique.tn\/index.php\/wp-json\/wp\/v2\/media?parent=22043"}],"wp:term":[{"taxonomy":"pwb-brand","embeddable":true,"href":"https:\/\/tssinformatique.tn\/index.php\/wp-json\/wp\/v2\/pwb-brand?post=22043"},{"taxonomy":"product_brand","embeddable":true,"href":"https:\/\/tssinformatique.tn\/index.php\/wp-json\/wp\/v2\/product_brand?post=22043"},{"taxonomy":"product_cat","embeddable":true,"href":"https:\/\/tssinformatique.tn\/index.php\/wp-json\/wp\/v2\/product_cat?post=22043"},{"taxonomy":"product_tag","embeddable":true,"href":"https:\/\/tssinformatique.tn\/index.php\/wp-json\/wp\/v2\/product_tag?post=22043"}],"curies":[{"name":"wp","href":"https:\/\/api.w.org\/{rel}","templated":true}]}}