{"id":21906,"date":"2025-02-10T13:56:33","date_gmt":"2025-02-10T13:56:33","guid":{"rendered":"https:\/\/tssinformatique.tn\/?post_type=product&#038;p=21906"},"modified":"2026-02-20T14:38:50","modified_gmt":"2026-02-20T14:38:50","slug":"cable-rj45-cat-5e-utp","status":"publish","type":"product","link":"https:\/\/tssinformatique.tn\/index.php\/product\/cable-rj45-cat-5e-utp\/","title":{"rendered":"Bobine C\u00e2ble Coaxial KX6 avec Alimentation \/ 500m"},"content":{"rendered":"","protected":false},"excerpt":{"rendered":"<p>C\u00e2ble coaxial KX6 + Alimentation pour connexion des cam\u00e9ras de vid\u00e9o surveillance &#8211; 500m<\/p>\n","protected":false},"featured_media":22636,"comment_status":"open","ping_status":"closed","template":"","meta":[],"pwb-brand":[],"product_brand":[],"product_cat":[96,88],"product_tag":[],"class_list":{"0":"post-21906","1":"product","2":"type-product","3":"status-publish","4":"has-post-thumbnail","6":"product_cat-cable-et-accessoires","7":"product_cat-camera-de-surveillance","9":"first","10":"instock","11":"shipping-taxable","12":"purchasable","13":"product-type-simple"},"brands":[],"_links":{"self":[{"href":"https:\/\/tssinformatique.tn\/index.php\/wp-json\/wp\/v2\/product\/21906","targetHints":{"allow":["GET"]}}],"collection":[{"href":"https:\/\/tssinformatique.tn\/index.php\/wp-json\/wp\/v2\/product"}],"about":[{"href":"https:\/\/tssinformatique.tn\/index.php\/wp-json\/wp\/v2\/types\/product"}],"replies":[{"embeddable":true,"href":"https:\/\/tssinformatique.tn\/index.php\/wp-json\/wp\/v2\/comments?post=21906"}],"wp:featuredmedia":[{"embeddable":true,"href":"https:\/\/tssinformatique.tn\/index.php\/wp-json\/wp\/v2\/media\/22636"}],"wp:attachment":[{"href":"https:\/\/tssinformatique.tn\/index.php\/wp-json\/wp\/v2\/media?parent=21906"}],"wp:term":[{"taxonomy":"pwb-brand","embeddable":true,"href":"https:\/\/tssinformatique.tn\/index.php\/wp-json\/wp\/v2\/pwb-brand?post=21906"},{"taxonomy":"product_brand","embeddable":true,"href":"https:\/\/tssinformatique.tn\/index.php\/wp-json\/wp\/v2\/product_brand?post=21906"},{"taxonomy":"product_cat","embeddable":true,"href":"https:\/\/tssinformatique.tn\/index.php\/wp-json\/wp\/v2\/product_cat?post=21906"},{"taxonomy":"product_tag","embeddable":true,"href":"https:\/\/tssinformatique.tn\/index.php\/wp-json\/wp\/v2\/product_tag?post=21906"}],"curies":[{"name":"wp","href":"https:\/\/api.w.org\/{rel}","templated":true}]}}