{"id":21903,"date":"2025-02-10T13:36:31","date_gmt":"2025-02-10T13:36:31","guid":{"rendered":"https:\/\/tssinformatique.tn\/?post_type=product&#038;p=21903"},"modified":"2025-02-10T13:52:19","modified_gmt":"2025-02-10T13:52:19","slug":"camera-tube-ds-2ce10dft-f-2mp-color-vu-hikvision","status":"publish","type":"product","link":"https:\/\/tssinformatique.tn\/index.php\/product\/camera-tube-ds-2ce10dft-f-2mp-color-vu-hikvision\/","title":{"rendered":"Camera Tube DS-2CE10DFT-F 2MP Color Vu Hikvision"},"content":{"rendered":"<h2>Camera Tube DS-2CE10DFT-F 2MP Color Vu Hikvision<\/h2>\n<p><img fetchpriority=\"high\" decoding=\"async\" class=\"size-medium wp-image-3267 aligncenter\" src=\"https:\/\/loop.tn\/wp-content\/uploads\/2020\/11\/%E0%B8%81%E0%B8%A5%E0%B9%89%E0%B8%AD%E0%B8%87%E0%B8%A7%E0%B8%87%E0%B8%88%E0%B8%A3%E0%B8%9B%E0%B8%B4%E0%B8%94_hikvisionDS_2CE10DFT_F__3_6mm_%E0%B8%88%E0%B8%B3%E0%B8%AB%E0%B8%99%E0%B9%88%E0%B8%B2%E0%B8%A2%E0%B8%82%E0%B8%B2%E0%B8%A2%E0%B8%AA%E0%B9%88%E0%B8%87%E0%B8%81%E0%B8%A5%E0%B9%89%E0%B8%AD%E0%B8%87%E0%B8%A7%E0%B8%87%E0%B8%88%E0%B8%A3%E0%B8%9B%E0%B8%B4%E0%B8%94%E0%B9%84%E0%B8%AE%E0%B8%A7%E0%B8%B4%E0%B8%8A%E0%B8%B1%E0%B9%88%E0%B8%99_%E0%B8%A3%E0%B8%B1%E0%B8%9A%E0%B8%95%E0%B8%B1%E0%B8%A7%E0%B9%80%E0%B9%80%E0%B8%97%E0%B8%99%E0%B8%88%E0%B8%B3%E0%B8%AB%E0%B8%99%E0%B9%88%E0%B8%B2%E0%B8%A2%E0%B8%97%E0%B8%B1%E0%B9%88%E0%B8%A7%E0%B8%9B%E0%B8%A3%E0%B8%B0-300x300.jpg\" alt=\"DS_2CE10DFT_F\" width=\"300\" height=\"300\" \/><\/p>\n<p><span class=\"a-list-item\">\u00a0\u00a0 Vid\u00e9osurveillance p<\/span><span class=\"a-list-item\">rofessionnelle<\/span><span class=\"a-list-item\">\u00a0de Hikvision<\/span><\/p>\n<p>Jusqu&#8217;\u00e0 20 m infrarouge pour vision nocturne<\/p>\n<p>Angle de vision 83,6 \u00b0.<\/p>\n<p>Fonctionnalit\u00e9s intelligentes<\/p>\n<h3 class=\"default\">Description Du Produit<\/h3>\n<div id=\"productDescription\" class=\"a-section a-spacing-small\">\n<p>Forme : cam\u00e9ra de surveillance Bullet<\/p>\n<p>R\u00e9solution maximale : : 1920 x 1080 pixels.<\/p>\n<p>Type d&#8217;objectif : Fix<\/p>\n<p>Distance focale : 3,6 mm.<\/p>\n<p>Angle de vue horizontal : 83,6 \u00b0.<\/p>\n<p>Port\u00e9e d&#8217;\u00e9clairage : 20 m.<\/p>\n<p>Commutation jour\/nuit : ColorVu<\/p>\n<p>\u00c9clairage : lumi\u00e8re blanche.<\/p>\n<p>Classe de protection : IP67.<\/p>\n<p>Protection contre le vandalisme : non.<\/p>\n<p>Tension d&#8217;entr\u00e9e : 12 V DC.<\/p>\n<p>Poc : non.<\/p>\n<p>Puissance : 3 W.<\/p>\n<p>Temp\u00e9rature de fonctionnement : de -40 \u00b0C \u00e0 60 \u00b0C.<\/p>\n<p>Poids : 0,35 kg.<\/p>\n<p>Dimensions : N\/A<\/p>\n<\/div>\n<p>Bienvenue dans le plus beau magasin du Web ! Il est grand temps de se faire plaisir, d\u00e9couvrez toute l\u2019\u00e9tendue de notre s\u00e9lection S\u00e9curit\u00e9\u00a0 !\u2026 \u00e0 prix bas en Tunisie , mais \u00e9galement une large offre S\u00e9curit\u00e9 domotique vous sont effectivement propos\u00e9s au meilleur prix avec nous<\/p>\n<div class=\"bRMDJf islir\">\n<div class=\"offerdesc\">\n<div id=\"originalProductDescription\">\n<p>tss informatique &amp; security vous guide et vous permet de faire des \u00e9conomies sur votre achat \u2026 Surveillance \u2026smartphone .. comme pour tous vos achats S\u00e9curit\u00e9 domotique\u2026! loop.tn ce sont aussi des promotions quotidiennes sur les meilleures ventes et derniers coups de c\u0153ur des clients<\/p>\n<\/div>\n<\/div>\n<\/div>\n","protected":false},"excerpt":{"rendered":"<p>Cam\u00e9ra TUBE HD-TVI COLOR VU DS-2CE10DFT-F Objectif 2.8mm 1080p Objectif 2.8 mm Sortie HD analogique, r\u00e9solution jusqu&#8217;\u00e0 1080p Mode jour\/nuit r\u00e9el DNR, Smart IR Technologie EXIR Port\u00e9e IR de 20 m IP67\u00a0<strong>\u00a0Couleur \u00e0 temps plein<\/strong><\/p>\n","protected":false},"featured_media":21904,"comment_status":"open","ping_status":"closed","template":"","meta":[],"pwb-brand":[97],"product_brand":[],"product_cat":[88,93],"product_tag":[],"class_list":{"0":"post-21903","1":"product","2":"type-product","3":"status-publish","4":"has-post-thumbnail","6":"pwb-brand-hikvision","7":"product_cat-camera-de-surveillance","8":"product_cat-cameras","10":"first","11":"instock","12":"shipping-taxable","13":"purchasable","14":"product-type-simple"},"brands":[{"id":97,"name":"hikvision","slug":"hikvision"}],"_links":{"self":[{"href":"https:\/\/tssinformatique.tn\/index.php\/wp-json\/wp\/v2\/product\/21903","targetHints":{"allow":["GET"]}}],"collection":[{"href":"https:\/\/tssinformatique.tn\/index.php\/wp-json\/wp\/v2\/product"}],"about":[{"href":"https:\/\/tssinformatique.tn\/index.php\/wp-json\/wp\/v2\/types\/product"}],"replies":[{"embeddable":true,"href":"https:\/\/tssinformatique.tn\/index.php\/wp-json\/wp\/v2\/comments?post=21903"}],"wp:featuredmedia":[{"embeddable":true,"href":"https:\/\/tssinformatique.tn\/index.php\/wp-json\/wp\/v2\/media\/21904"}],"wp:attachment":[{"href":"https:\/\/tssinformatique.tn\/index.php\/wp-json\/wp\/v2\/media?parent=21903"}],"wp:term":[{"taxonomy":"pwb-brand","embeddable":true,"href":"https:\/\/tssinformatique.tn\/index.php\/wp-json\/wp\/v2\/pwb-brand?post=21903"},{"taxonomy":"product_brand","embeddable":true,"href":"https:\/\/tssinformatique.tn\/index.php\/wp-json\/wp\/v2\/product_brand?post=21903"},{"taxonomy":"product_cat","embeddable":true,"href":"https:\/\/tssinformatique.tn\/index.php\/wp-json\/wp\/v2\/product_cat?post=21903"},{"taxonomy":"product_tag","embeddable":true,"href":"https:\/\/tssinformatique.tn\/index.php\/wp-json\/wp\/v2\/product_tag?post=21903"}],"curies":[{"name":"wp","href":"https:\/\/api.w.org\/{rel}","templated":true}]}}