{"id":21856,"date":"2025-02-08T22:05:30","date_gmt":"2025-02-08T22:05:30","guid":{"rendered":"https:\/\/tssinformatique.tn\/?post_type=product&#038;p=21856"},"modified":"2025-07-14T14:51:24","modified_gmt":"2025-07-14T14:51:24","slug":"kit-1-camera-de-surveillance-exterieur-2mp-hikvision-2","status":"publish","type":"product","link":"https:\/\/tssinformatique.tn\/index.php\/product\/kit-1-camera-de-surveillance-exterieur-2mp-hikvision-2\/","title":{"rendered":"Kit 2 Cam\u00e9ra de surveillance Exterieur 2Mp Hikvision"},"content":{"rendered":"<h2 class=\"category-description\">\u00a0Kit 2 Cam\u00e9ra De Surveillance 2Mp 1080p Pro Hikvision Au Meilleur Prix En Tunisie!<\/h2>\n<div class=\"home-banner\">\n<div class=\"row\">\n<div class=\"col col-md-6 col-xs-12\">\n<div class=\"banner-box\"><img fetchpriority=\"high\" decoding=\"async\" class=\"alignnone size-medium wp-image-22828\" src=\"https:\/\/tssinformatique.tn\/wp-content\/uploads\/2025\/02\/kit-de-surveillance-hikvision-2-cameras-disque-500g-2mp-prix-tunis-300x300.webp\" alt=\"\" width=\"300\" height=\"300\" srcset=\"https:\/\/tssinformatique.tn\/wp-content\/uploads\/2025\/02\/kit-de-surveillance-hikvision-2-cameras-disque-500g-2mp-prix-tunis-300x300.webp 300w, https:\/\/tssinformatique.tn\/wp-content\/uploads\/2025\/02\/kit-de-surveillance-hikvision-2-cameras-disque-500g-2mp-prix-tunis-150x150.webp 150w, https:\/\/tssinformatique.tn\/wp-content\/uploads\/2025\/02\/kit-de-surveillance-hikvision-2-cameras-disque-500g-2mp-prix-tunis-768x768.webp 768w, https:\/\/tssinformatique.tn\/wp-content\/uploads\/2025\/02\/kit-de-surveillance-hikvision-2-cameras-disque-500g-2mp-prix-tunis-600x600.webp 600w, https:\/\/tssinformatique.tn\/wp-content\/uploads\/2025\/02\/kit-de-surveillance-hikvision-2-cameras-disque-500g-2mp-prix-tunis-100x100.webp 100w, https:\/\/tssinformatique.tn\/wp-content\/uploads\/2025\/02\/kit-de-surveillance-hikvision-2-cameras-disque-500g-2mp-prix-tunis.webp 800w\" sizes=\"(max-width: 300px) 100vw, 300px\" \/><\/div>\n<\/div>\n<div class=\"col col-md-6 col-xs-12\">\n<div class=\"banner-box\">\n<p>D\u00e9couvrez le\u00a0<strong>kit de surveillance Hikvision avec une cam\u00e9ra 2MP 1080p Pro<\/strong>, une solution fiable et abordable pour s\u00e9curiser votre domicile ou votre entreprise en Tunisie.<\/p>\n<p>La cam\u00e9ra de surveillance 2MP 1080p Pro Hikvision offre une r\u00e9solution Full HD pour des images nettes et d\u00e9taill\u00e9es, vous permettant de surveiller efficacement votre propri\u00e9t\u00e9.<\/p>\n<p>Que ce soit de jour ou de nuit, cette cam\u00e9ra garantit une surveillance constante gr\u00e2ce \u00e0 sa technologie de vision nocturne avanc\u00e9e.<\/p>\n<p>Son installation facile et sa configuration simple vous permettent de mettre en place rapidement votre syst\u00e8me de surveillance. De plus, son design discret s&#8217;int\u00e8gre parfaitement \u00e0 tout environnement, que ce soit \u00e0 l&#8217;int\u00e9rieur ou \u00e0 l&#8217;ext\u00e9rieur.<\/p>\n<p>Avec son prix comp\u00e9titif, notre kit de surveillance Hikvision vous offre la tranquillit\u00e9 d&#8217;esprit que vous m\u00e9ritez sans compromis sur la qualit\u00e9. Prot\u00e9gez ce qui compte le plus pour vous avec notre kit de surveillance Hikvision 1 cam\u00e9ra 2MP 1080p Pro, disponible au meilleur prix en Tunisie sur loop.tn.<\/p>\n<p>Prot\u00e9gez ce qui compte le plus pour vous avec la cam\u00e9ra de surveillance Bullet Turbo HD 1080p Pixels Hikvision DS-2CE16D0T-ITF, un choix s\u00fbr et fiable pour une surveillance ext\u00e9rieure de qualit\u00e9.<\/p>\n<p><strong>Commandez d\u00e8s maintenant et assurez la s\u00e9curit\u00e9 de votre propri\u00e9t\u00e9 avec une surveillance fiable et efficace.<\/strong><\/p>\n<p>Ce kit de surveillance Hikvision est con\u00e7u pour \u00eatre convivial, fiable et efficace. Vous n&#8217;avez pas besoin d&#8217;\u00eatre un expert en surveillance pour l&#8217;installer et le configurer. Il vous offre une tranquillit\u00e9 d&#8217;esprit totale en sachant que vous avez un syst\u00e8me de surveillance de haute qualit\u00e9 pour prot\u00e9ger ce qui compte le plus pour vous.<\/p>\n<\/div>\n<\/div>\n<\/div>\n<\/div>\n<div class=\"home-banner\">\n<div class=\"row\">\n<div class=\"col col-md-6 col-xs-12\">\n<h3 class=\"page-title\">1 Enregistreur Turbo HD DVR \u2013 1080p \u2013 4 Canaux DS-7104HGHI-M1<\/h3>\n<h2 class=\"page-title\"><\/h2>\n<div class=\"banner-box\">\n<p><a class=\"btn btn-default\" href=\"https:\/\/www.loop.tn\/32-systeme-alarme-maison-filaire-sans-fil-prix-tunisie\"><img decoding=\"async\" src=\"https:\/\/www.loop.tn\/img\/cms\/1-XVR-4-canaux-DS-7204HQHI-K1-Pro-Hikvision.png\" alt=\"Kit 4 cam\u00e9ras de surveillance ext\u00e9rieur HIKVISION 2MP au meilleur Prix en Tunisie\" width=\"700\" height=\"300\" \/><\/a><\/p>\n<div class=\"flex flex-grow flex-col gap-3\">\n<div class=\"min-h-[20px] flex flex-col items-start gap-4 whitespace-pre-wrap\">\n<div class=\"markdown prose w-full break-words dark:prose-invert light\">\n<p>Le DVR DS-7204HGHI-M1 de Hikvision est un enregistreur vid\u00e9o (XVR) con\u00e7u pour une utilisation en interne. Il peut g\u00e9rer jusqu&#8217;\u00e0 4 cam\u00e9ras en simultan\u00e9 et prend en charge une r\u00e9solution vid\u00e9o allant jusqu&#8217;\u00e0 2MP.<\/p>\n<p>Le DVR est \u00e9quip\u00e9 d&#8217;un processeur puissant et de ports Ethernet pour une transmission de donn\u00e9es rapide et fiable. Il prend en charge la surveillance en temps r\u00e9el, l&#8217;enregistrement programm\u00e9 et l&#8217;enregistrement d\u00e9tect\u00e9 par mouvement, ainsi que la lecture \u00e0 distance \u00e0 travers une interface utilisateur conviviale accessible via un navigateur web ou une application mobile.<\/p>\n<p>En plus de cela, le DVR DS-7204HGHI-M1 prend en charge la sauvegarde de donn\u00e9es sur des disques durs locaux ou sur des p\u00e9riph\u00e9riques de stockage externes pour une s\u00e9curit\u00e9 accrue des enregistrements vid\u00e9o.<\/p>\n<\/div>\n<\/div>\n<\/div>\n<\/div>\n<\/div>\n<div class=\"col col-md-6 col-xs-12\">\n<h2 class=\"page-title\">1 Cam\u00e9ra De Surveillance Hikvision Tube Ext\u00e9rieur 2Mp<\/h2>\n<div class=\"banner-box\">\n<p><a class=\"btn btn-default\" href=\"https:\/\/www.loop.tn\/32-systeme-alarme-maison-filaire-sans-fil-prix-tunisie\"><img decoding=\"async\" src=\"https:\/\/www.loop.tn\/img\/cms\/kit-1-cameras-exterieur-disque-500g-2mp-hikvision-prix-tunisie%20(1).jpeg\" alt=\"Kit 1 cam\u00e9ra de surveillance ext\u00e9rieur Hikvision ColorVu 2Mp\" width=\"700\" height=\"382\" \/><\/a><b>La cam\u00e9ra de surveillance Bullet Turbo HD 1080p Pixels Hikvision DS-2CE16D0T-ITF est un choix id\u00e9al pour une surveillance ext\u00e9rieure robuste et fiable. Avec sa r\u00e9solution Full HD 1080p, cette cam\u00e9ra capture des images nettes et d\u00e9taill\u00e9es, vous offrant une vision claire de votre propri\u00e9t\u00e9 \u00e0 tout moment.<\/b>\u00a0Voici quelques caract\u00e9ristiques cl\u00e9s de cette cam\u00e9ra :<\/p>\n<ul>\n<li>La\u00a0Produit de haute qualit\u00e9 design soign\u00e9.<\/li>\n<li>Installation en int\u00e9rieur ou ext\u00e9rieur.<\/li>\n<li>R\u00e9solution d\u2019image jusqu\u2019\u00e0 1920 x 1080<\/li>\n<li>Angle de vision tr\u00e8s large : 82\u00b0 Projecteur IR<\/li>\n<li>vision nocturne 20m.<\/li>\n<li>Excellente qualit\u00e9 d\u2019image 25 images\/s.<\/li>\n<li>Alimentation 12Vdc.<\/li>\n<\/ul>\n<\/div>\n<\/div>\n<div class=\"home-banner\">\n<h2 class=\"page-title\">Accessoires Livr\u00e9 Avec Ce Kit<\/h2>\n<div class=\"row\">\n<div class=\"col col-md-3 col-xs-12\">\n<div class=\"banner-box\"><img loading=\"lazy\" decoding=\"async\" src=\"https:\/\/www.loop.tn\/img\/cms\/disque-dur-500G.png\" alt=\"disque dur 500G\" width=\"450\" height=\"300\" \/><strong>Disque dure 500Go<br \/>\n<\/strong>Stockage pour l\u2019enregistrement<\/div>\n<\/div>\n<div class=\"col col-md-3 col-xs-12\">\n<div class=\"banner-box\"><img loading=\"lazy\" decoding=\"async\" src=\"https:\/\/www.loop.tn\/img\/cms\/alimentation-12V-5A.png\" alt=\"Kit 4 cam\u00e9ras de surveillance ext\u00e9rieur HIKVISION 2MP au meilleur Prix en Tunisie\" width=\"450\" height=\"300\" \/><strong>Bloc alimentation 12V 5A<br \/>\n<\/strong>Pour aliment\u00e9 les 1 cam\u00e9ra<\/div>\n<\/div>\n<div class=\"col col-md-3 col-xs-12\">\n<div class=\"banner-box\"><img loading=\"lazy\" decoding=\"async\" src=\"https:\/\/www.loop.tn\/img\/cms\/fiche-bnc-a-sertir.png\" alt=\"Kit 4 cam\u00e9ras de surveillance ext\u00e9rieur HIKVISION 2MP au meilleur Prix en Tunisie\" width=\"450\" height=\"300\" \/><strong>2 Fiches BNC a sertir<br \/>\n<\/strong>Pour connect\u00e9 les c\u00e2bles coaxiale<\/div>\n<\/div>\n<div class=\"col col-md-3 col-xs-12\">\n<div class=\"banner-box\"><img loading=\"lazy\" decoding=\"async\" src=\"https:\/\/www.loop.tn\/img\/cms\/fiche-DC-alimentation.png\" alt=\"Kit 4 cam\u00e9ras de surveillance ext\u00e9rieur HIKVISION 2MP au meilleur Prix en Tunisie\" width=\"450\" height=\"300\" \/><strong>1 Fiches DC<br \/>\n<\/strong>Pour connect\u00e9 l&#8217;alimentation 1 cam\u00e9ra<\/div>\n<\/div>\n<\/div>\n<\/div>\n<\/div>\n<\/div>\n","protected":false},"excerpt":{"rendered":"<ul>\n<li>1 Enregistreur 4 canaux Hikvision 2Mp<\/li>\n<li>2 cam\u00e9ra Tube ext\u00e9rieur 2Mp<\/li>\n<li>1 Disque Dur 500G<\/li>\n<li>2 Fiches BNC<\/li>\n<li>1 Fiche Alimentation DC<\/li>\n<li>1 Bloc d&#8217;alimentation 12V 5A<\/li>\n<\/ul>\n<p><img loading=\"lazy\" decoding=\"async\" src=\"https:\/\/www.loop.tn\/img\/cms\/XVR\/5%20in%201%20Video%20Signal%20Input.png\" alt=\"AcuSense Hikvision\" width=\"45\" height=\"45\" \/><img loading=\"lazy\" decoding=\"async\" src=\"https:\/\/www.loop.tn\/img\/cms\/XVR\/False%20Alarm%20Filtering.png\" alt=\"AcuSense Hikvision\" width=\"45\" height=\"45\" \/><img loading=\"lazy\" decoding=\"async\" src=\"https:\/\/www.loop.tn\/img\/cms\/XVR\/Mobile%20Surveillance.png\" alt=\"AcuSense Hikvision\" width=\"45\" height=\"45\" \/><img loading=\"lazy\" decoding=\"async\" src=\"https:\/\/www.loop.tn\/img\/cms\/XVR\/XVR%20Capacity.png\" alt=\"AcuSense Hikvision\" width=\"45\" height=\"45\" \/><img loading=\"lazy\" decoding=\"async\" src=\"https:\/\/www.loop.tn\/img\/cms\/XVR\/H-265%20Pro.png\" alt=\"AcuSense Hikvision\" width=\"45\" height=\"45\" \/><\/p>\n","protected":false},"featured_media":22828,"comment_status":"open","ping_status":"closed","template":"","meta":[],"pwb-brand":[97],"product_brand":[],"product_cat":[88,90],"product_tag":[],"class_list":{"0":"post-21856","1":"product","2":"type-product","3":"status-publish","4":"has-post-thumbnail","6":"pwb-brand-hikvision","7":"product_cat-camera-de-surveillance","8":"product_cat-kit-videosurveillance-hikvision","10":"first","11":"instock","12":"shipping-taxable","13":"purchasable","14":"product-type-variable","15":"has-default-attributes"},"brands":[{"id":97,"name":"hikvision","slug":"hikvision"}],"_links":{"self":[{"href":"https:\/\/tssinformatique.tn\/index.php\/wp-json\/wp\/v2\/product\/21856","targetHints":{"allow":["GET"]}}],"collection":[{"href":"https:\/\/tssinformatique.tn\/index.php\/wp-json\/wp\/v2\/product"}],"about":[{"href":"https:\/\/tssinformatique.tn\/index.php\/wp-json\/wp\/v2\/types\/product"}],"replies":[{"embeddable":true,"href":"https:\/\/tssinformatique.tn\/index.php\/wp-json\/wp\/v2\/comments?post=21856"}],"wp:featuredmedia":[{"embeddable":true,"href":"https:\/\/tssinformatique.tn\/index.php\/wp-json\/wp\/v2\/media\/22828"}],"wp:attachment":[{"href":"https:\/\/tssinformatique.tn\/index.php\/wp-json\/wp\/v2\/media?parent=21856"}],"wp:term":[{"taxonomy":"pwb-brand","embeddable":true,"href":"https:\/\/tssinformatique.tn\/index.php\/wp-json\/wp\/v2\/pwb-brand?post=21856"},{"taxonomy":"product_brand","embeddable":true,"href":"https:\/\/tssinformatique.tn\/index.php\/wp-json\/wp\/v2\/product_brand?post=21856"},{"taxonomy":"product_cat","embeddable":true,"href":"https:\/\/tssinformatique.tn\/index.php\/wp-json\/wp\/v2\/product_cat?post=21856"},{"taxonomy":"product_tag","embeddable":true,"href":"https:\/\/tssinformatique.tn\/index.php\/wp-json\/wp\/v2\/product_tag?post=21856"}],"curies":[{"name":"wp","href":"https:\/\/api.w.org\/{rel}","templated":true}]}}