{"id":21850,"date":"2025-02-08T21:48:46","date_gmt":"2025-02-08T21:48:46","guid":{"rendered":"https:\/\/tssinformatique.tn\/?post_type=product&#038;p=21850"},"modified":"2025-07-14T15:54:12","modified_gmt":"2025-07-14T15:54:12","slug":"21850","status":"publish","type":"product","link":"https:\/\/tssinformatique.tn\/index.php\/product\/21850\/","title":{"rendered":"Kit 4 cam\u00e9ras de surveillance ext\u00e9rieur Hikvision ColorVu 2Mp"},"content":{"rendered":"<h2 class=\"category-description\">Kit 4 Cam\u00e9ra De Surveillance Ext\u00e9rieur Hikvision ColorVu 2Mp Au Meilleur Prix En Tunisie<\/h2>\n<div class=\"home-banner\">\n<div class=\"row\">\n<div class=\"col col-md-6 col-xs-12\">\n<div class=\"banner-box\"><img fetchpriority=\"high\" decoding=\"async\" src=\"https:\/\/www.loop.tn\/735-large_default\/kit-4-cameras-de-surveillance-exterieur-hikvision-colorvu-2mp.jpg\" alt=\"Kit 4 cam\u00e9ras de surveillance ext\u00e9rieur colorvu HIKVISION 2MP au meilleur Prix en Tunisie\" width=\"600\" height=\"600\" \/><\/div>\n<\/div>\n<div class=\"col col-md-6 col-xs-12\">\n<div class=\"banner-box\">\n<p>Le kit de cam\u00e9ras de surveillance ext\u00e9rieur ColorVu Hikvision est un ensemble complet con\u00e7u pour surveiller et enregistrer les activit\u00e9s \u00e0 l&#8217;ext\u00e9rieur d&#8217;une propri\u00e9t\u00e9. Il est livr\u00e9 avec les \u00e9l\u00e9ments suivants<\/p>\n<ul>\n<li>Un enregistreur 4 voies Hikvision 2Mp, Cet enregistreur est capable d&#8217;enregistrer des vid\u00e9os en r\u00e9solution 2Mp et peut accueillir jusqu&#8217;\u00e0 4 cam\u00e9ras.<\/li>\n<li>Quatre cam\u00e9ras Tube ext\u00e9rieur 2Mp ColorVu, con\u00e7ues pour fonctionner en ext\u00e9rieur et offrir une excellente qualit\u00e9 d&#8217;image\u00a0<strong>en couleur 24\/7<\/strong>.<\/li>\n<li>Un disque dur de 500 Go est inclus pour stocker les enregistrements vid\u00e9o.<\/li>\n<li>Deux fiches BNC et quatre fiches d&#8217;alimentation DC sont fournies pour connecter les cam\u00e9ras \u00e0 l&#8217;enregistreur.<\/li>\n<li>Un bloc d&#8217;alimentation 12V 5A est inclus pour alimenter l&#8217;enregistreur et les cam\u00e9ras.<\/li>\n<li>Un autocollant dissuasif est \u00e9galement inclus pour avertir les intrus que les lieux sont sous surveillance.<\/li>\n<li>La notice d&#8217;utilisation est \u00e9galement fournie pour aider \u00e0 installer et utiliser le kit.<\/li>\n<\/ul>\n<p>En somme, le kit de cam\u00e9ras de surveillance ext\u00e9rieur Hikvision ColrVu Pro est un ensemble complet pour la surveillance de la s\u00e9curit\u00e9 \u00e0 l&#8217;ext\u00e9rieur de votre propri\u00e9t\u00e9 ou de votre entreprise. Les cam\u00e9ras offrent une excellente qualit\u00e9 d&#8217;image, m\u00eame dans des conditions de faible luminosit\u00e9, tandis que l&#8217;enregistreur permet de stocker les enregistrements vid\u00e9o pour les visualiser ult\u00e9rieurement en cas de besoin. Le kit est facile \u00e0 installer et \u00e0 utiliser, et constitue un moyen efficace de dissuader les intrus et de surveiller les activit\u00e9s \u00e0 l&#8217;ext\u00e9rieur de votre propri\u00e9t\u00e9.<\/p>\n<\/div>\n<\/div>\n<\/div>\n<\/div>\n<div class=\"home-banner\">\n<div class=\"row\">\n<div class=\"col col-md-6 col-xs-12\">\n<h2 class=\"page-title\">1 XVR 4 Canaux\u00a0<span dir=\"ltr\">DS<\/span><span dir=\"ltr\">&#8211;<\/span><span dir=\"ltr\">7204HGHI-M1<\/span>\u00a0Hikvision<\/h2>\n<div class=\"banner-box\">\n<p><a class=\"btn btn-default\" href=\"https:\/\/www.loop.tn\/32-systeme-alarme-maison-filaire-sans-fil-prix-tunisie\"><img decoding=\"async\" src=\"https:\/\/www.loop.tn\/img\/cms\/1-XVR-4-canaux-DS-7204HQHI-K1-Pro-Hikvision.png\" alt=\"Kit 4 cam\u00e9ras de surveillance ext\u00e9rieur HIKVISION 2MP au meilleur Prix en Tunisie\" width=\"700\" height=\"300\" \/><\/a><\/p>\n<div class=\"flex flex-grow flex-col gap-3\">\n<div class=\"min-h-[20px] flex flex-col items-start gap-4 whitespace-pre-wrap\">\n<div class=\"markdown prose w-full break-words dark:prose-invert light\">\n<p>Cet enregistreur vid\u00e9o dispose de quatre entr\u00e9es vid\u00e9o analogiques pour la surveillance en temps r\u00e9el de quatre cam\u00e9ras analogiques en haute d\u00e9finition\u00a0<strong>(jusqu&#8217;\u00e0 5 m\u00e9gapixels)<\/strong>\u00a0avec une r\u00e9solution de sortie maximale de 4K (3840 \u00d7 2160). Il peut \u00e9galement prendre en charge la connexion de cam\u00e9ras IP suppl\u00e9mentaires pour une surveillance hybride.<\/p>\n<p>Le\u00a0DS-7204HGHI-M1 est \u00e9quip\u00e9 d&#8217;un processeur haute performance pour offrir une surveillance en temps r\u00e9el fluide et stable. Il est \u00e9galement \u00e9quip\u00e9 d&#8217;un\u00a0<strong>disque dur interne (jusqu&#8217;\u00e0 10 To)<\/strong>\u00a0pour stocker des enregistrements vid\u00e9o.<\/p>\n<p>Il offre de nombreuses fonctionnalit\u00e9s de s\u00e9curit\u00e9, telles que la d\u00e9tection de mouvement, l&#8217;enregistrement programm\u00e9, l&#8217;enregistrement manuel, la sauvegarde vid\u00e9o, la lecture \u00e0 distance, etc. Il est \u00e9galement compatible avec une vari\u00e9t\u00e9 de protocoles de communication r\u00e9seau et\u00a0<strong>peut \u00eatre facilement int\u00e9gr\u00e9 dans un syst\u00e8me de vid\u00e9osurveillance plus large.<\/strong><\/p>\n<p>En r\u00e9sum\u00e9, le XVR 4 canaux DS-7204HGHI-M1 est un enregistreur vid\u00e9o num\u00e9rique fiable et performant, adapt\u00e9 aux besoins de surveillance en haute d\u00e9finition pour les petites et moyennes entreprises.<\/p>\n<\/div>\n<\/div>\n<\/div>\n<\/div>\n<\/div>\n<div class=\"col col-md-6 col-xs-12\">\n<h2 class=\"page-title\">4 Cam\u00e9ras De Surveillance Hikvision DS-2CE10DF0T-F<\/h2>\n<div class=\"banner-box\">\n<p><a class=\"btn btn-default\" href=\"https:\/\/www.loop.tn\/32-systeme-alarme-maison-filaire-sans-fil-prix-tunisie\"><img decoding=\"async\" src=\"https:\/\/www.loop.tn\/img\/cms\/Kit-1-cam%C3%A9ra-de-surveillance-ext%C3%A9rieur-Hikvision-ColorVu-2Mp.png\" alt=\"Kit 1 cam\u00e9ra de surveillance ext\u00e9rieur Hikvision ColorVu 2Mp\" width=\"700\" height=\"300\" \/><\/a><strong>La cam\u00e9ra Hikvision DS-2CE10DF0T-F ColorVu est une cam\u00e9ra de surveillance ext\u00e9rieure de haute qualit\u00e9 con\u00e7ue pour fournir des images nettes et d\u00e9taill\u00e9es en couleur 24\/7<\/strong>. Voici quelques caract\u00e9ristiques cl\u00e9s de cette cam\u00e9ra :<\/p>\n<ul>\n<li>Haute qualit\u00e9 d&#8217;image : La cam\u00e9ra offre une r\u00e9solution de 2 MP (1920 \u00d7 1080) pour capturer des images claires et d\u00e9taill\u00e9es.<\/li>\n<li>Imagerie en couleur 24\/7 : Avec une ouverture F1.0, la cam\u00e9ra peut capturer des images couleur m\u00eame dans des conditions de faible luminosit\u00e9, ce qui est id\u00e9al pour la surveillance nocturne.<\/li>\n<li>Technologie 3D DNR : La technologie 3D DNR (r\u00e9duction de bruit num\u00e9rique) r\u00e9duit le bruit dans les images pour produire des images plus nettes et plus claires.<\/li>\n<li>Objectif fixe : La cam\u00e9ra est \u00e9quip\u00e9e d&#8217;un objectif fixe de 2,8 mm, 3,6 mm ou 6 mm, ce qui permet de choisir le champ de vision appropri\u00e9 pour la surveillance.<\/li>\n<li>Distance d&#8217;\u00e9clairage blanc : La cam\u00e9ra dispose d&#8217;une distance d&#8217;\u00e9clairage blanc de jusqu&#8217;\u00e0 20 m\u00e8tres pour une surveillance nocturne plus lumineuse et plus claire.<\/li>\n<li>\n<h2 class=\"page-title\">Accessoires Livr\u00e9 Avec Ce Kit<\/h2>\n<div class=\"row\">\n<div class=\"col col-md-3 col-xs-12\">\n<div class=\"banner-box\"><img loading=\"lazy\" decoding=\"async\" src=\"https:\/\/www.loop.tn\/img\/cms\/disque-dur-500G.png\" alt=\"disque dur 500G\" width=\"450\" height=\"300\" \/><strong>Disque dure 500Go<br \/>\n<\/strong>Stockage pour l\u2019enregistrement<\/div>\n<\/div>\n<div class=\"col col-md-3 col-xs-12\">\n<div class=\"banner-box\"><img loading=\"lazy\" decoding=\"async\" src=\"https:\/\/www.loop.tn\/img\/cms\/alimentation-12V-5A.png\" alt=\"Kit 4 cam\u00e9ras de surveillance ext\u00e9rieur HIKVISION 2MP au meilleur Prix en Tunisie\" width=\"450\" height=\"300\" \/><strong>Bloc alimentation 12V 5A<br \/>\n<\/strong>Pour aliment\u00e9 les 4 cam\u00e9ras<\/div>\n<\/div>\n<div class=\"col col-md-3 col-xs-12\">\n<div class=\"banner-box\"><img loading=\"lazy\" decoding=\"async\" src=\"https:\/\/www.loop.tn\/img\/cms\/fiche-bnc-a-sertir.png\" alt=\"Kit 4 cam\u00e9ras de surveillance ext\u00e9rieur HIKVISION 2MP au meilleur Prix en Tunisie\" width=\"450\" height=\"300\" \/><strong>8 Fiches BNC a sertir<br \/>\n<\/strong>Pour connect\u00e9 les c\u00e2bles coaxiale<\/div>\n<\/div>\n<div class=\"col col-md-3 col-xs-12\">\n<div class=\"banner-box\"><img loading=\"lazy\" decoding=\"async\" src=\"https:\/\/www.loop.tn\/img\/cms\/fiche-DC-alimentation.png\" alt=\"Kit 4 cam\u00e9ras de surveillance ext\u00e9rieur HIKVISION 2MP au meilleur Prix en Tunisie\" width=\"450\" height=\"300\" \/><strong>4 Fiches DC<br \/>\n<\/strong>Pour connect\u00e9 l&#8217;alimentation 4 cam\u00e9ras<\/div>\n<\/div>\n<\/div>\n<\/li>\n<\/ul>\n<\/div>\n<\/div>\n<\/div>\n<\/div>\n","protected":false},"excerpt":{"rendered":"<ul>\n<li>1 Enregistreur 4 canaux Hikvision 2Mp<\/li>\n<li>4 cam\u00e9ras 2 D\u00f4me 2 Tube 2Mp ColorVu<\/li>\n<li>1 Disque Dur 500G<\/li>\n<li>8 Fiches BNC<\/li>\n<li>4 Fiche Alimentation DC<\/li>\n<li>Bloc d&#8217;alimentation 12V 5A<\/li>\n<\/ul>\n<p><img loading=\"lazy\" decoding=\"async\" src=\"https:\/\/www.loop.tn\/img\/cms\/XVR\/5%20in%201%20Video%20Signal%20Input.png\" alt=\"AcuSense Hikvision\" width=\"45\" height=\"45\" \/><img loading=\"lazy\" decoding=\"async\" src=\"https:\/\/www.loop.tn\/img\/cms\/XVR\/False%20Alarm%20Filtering.png\" alt=\"AcuSense Hikvision\" width=\"45\" height=\"45\" \/><img loading=\"lazy\" decoding=\"async\" src=\"https:\/\/www.loop.tn\/img\/cms\/XVR\/Mobile%20Surveillance.png\" alt=\"AcuSense Hikvision\" width=\"45\" height=\"45\" \/><img loading=\"lazy\" decoding=\"async\" src=\"https:\/\/www.loop.tn\/img\/cms\/XVR\/XVR%20Capacity.png\" alt=\"AcuSense Hikvision\" width=\"45\" height=\"45\" \/><img loading=\"lazy\" decoding=\"async\" src=\"https:\/\/www.loop.tn\/img\/cms\/XVR\/H-265%20Pro.png\" alt=\"AcuSense Hikvision\" width=\"45\" height=\"45\" \/><\/p>\n","protected":false},"featured_media":22825,"comment_status":"open","ping_status":"closed","template":"","meta":[],"pwb-brand":[97],"product_brand":[],"product_cat":[88,90],"product_tag":[],"class_list":{"0":"post-21850","1":"product","2":"type-product","3":"status-publish","4":"has-post-thumbnail","6":"pwb-brand-hikvision","7":"product_cat-camera-de-surveillance","8":"product_cat-kit-videosurveillance-hikvision","10":"first","11":"instock","12":"sale","13":"shipping-taxable","14":"purchasable","15":"product-type-variable","16":"has-default-attributes"},"brands":[{"id":97,"name":"hikvision","slug":"hikvision"}],"_links":{"self":[{"href":"https:\/\/tssinformatique.tn\/index.php\/wp-json\/wp\/v2\/product\/21850","targetHints":{"allow":["GET"]}}],"collection":[{"href":"https:\/\/tssinformatique.tn\/index.php\/wp-json\/wp\/v2\/product"}],"about":[{"href":"https:\/\/tssinformatique.tn\/index.php\/wp-json\/wp\/v2\/types\/product"}],"replies":[{"embeddable":true,"href":"https:\/\/tssinformatique.tn\/index.php\/wp-json\/wp\/v2\/comments?post=21850"}],"wp:featuredmedia":[{"embeddable":true,"href":"https:\/\/tssinformatique.tn\/index.php\/wp-json\/wp\/v2\/media\/22825"}],"wp:attachment":[{"href":"https:\/\/tssinformatique.tn\/index.php\/wp-json\/wp\/v2\/media?parent=21850"}],"wp:term":[{"taxonomy":"pwb-brand","embeddable":true,"href":"https:\/\/tssinformatique.tn\/index.php\/wp-json\/wp\/v2\/pwb-brand?post=21850"},{"taxonomy":"product_brand","embeddable":true,"href":"https:\/\/tssinformatique.tn\/index.php\/wp-json\/wp\/v2\/product_brand?post=21850"},{"taxonomy":"product_cat","embeddable":true,"href":"https:\/\/tssinformatique.tn\/index.php\/wp-json\/wp\/v2\/product_cat?post=21850"},{"taxonomy":"product_tag","embeddable":true,"href":"https:\/\/tssinformatique.tn\/index.php\/wp-json\/wp\/v2\/product_tag?post=21850"}],"curies":[{"name":"wp","href":"https:\/\/api.w.org\/{rel}","templated":true}]}}