{"id":22171,"date":"2025-02-17T14:48:39","date_gmt":"2025-02-17T14:48:39","guid":{"rendered":"https:\/\/tssinformatique.tn\/?page_id=22171"},"modified":"2025-02-17T14:48:41","modified_gmt":"2025-02-17T14:48:41","slug":"achats-securise","status":"publish","type":"page","link":"https:\/\/tssinformatique.tn\/index.php\/achats-securise\/","title":{"rendered":"Achats S\u00e9curis\u00e9"},"content":{"rendered":"\n<p>Chez&nbsp;<strong>TSS Informatique<\/strong>, votre s\u00e9curit\u00e9 et votre tranquillit\u00e9 d&#8217;esprit sont au c\u0153ur de nos pr\u00e9occupations. Bien que nous ne proposions pas de paiement en ligne, nous mettons tout en \u0153uvre pour garantir que vos achats soient effectu\u00e9s dans un environnement s\u00fbr et fiable. Voici comment nous prot\u00e9geons vos transactions et vos donn\u00e9es :<\/p>\n\n\n\n<hr class=\"wp-block-separator has-alpha-channel-opacity\"\/>\n\n\n\n<h4 class=\"wp-block-heading\"><strong>1. Paiement en Magasin ou \u00e0 la Livraison<\/strong><\/h4>\n\n\n\n<p>Pour assurer une s\u00e9curit\u00e9 maximale, nous proposons les modes de paiement suivants :<\/p>\n\n\n\n<ul class=\"wp-block-list\">\n<li><strong>Paiement en magasin<\/strong>\u00a0: Vous pouvez r\u00e9gler vos achats directement dans notre magasin en esp\u00e8ces ou par carte bancaire.<\/li>\n\n\n\n<li><strong>Paiement \u00e0 la livraison<\/strong>\u00a0: Pour plus de commodit\u00e9, vous pouvez payer en esp\u00e8ces ou par carte bancaire lors de la r\u00e9ception de votre commande.<\/li>\n<\/ul>\n\n\n\n<p>Ces m\u00e9thodes de paiement vous permettent de v\u00e9rifier vos produits avant de finaliser votre achat, en toute s\u00e9r\u00e9nit\u00e9.<\/p>\n\n\n\n<hr class=\"wp-block-separator has-alpha-channel-opacity\"\/>\n\n\n\n<h4 class=\"wp-block-heading\"><strong>2. S\u00e9curit\u00e9 des Donn\u00e9es<\/strong><\/h4>\n\n\n\n<p>M\u00eame sans paiement en ligne, nous prot\u00e9geons vos donn\u00e9es personnelles avec soin :<\/p>\n\n\n\n<ul class=\"wp-block-list\">\n<li>Vos informations (nom, adresse, t\u00e9l\u00e9phone, etc.) sont uniquement utilis\u00e9es pour traiter votre commande et vous contacter en cas de besoin.<\/li>\n\n\n\n<li>Nous ne partageons jamais vos donn\u00e9es avec des tiers sans votre consentement.<\/li>\n\n\n\n<li>Pour en savoir plus, consultez notre\u00a0<strong>Politique de Confidentialit\u00e9<\/strong>.<\/li>\n<\/ul>\n\n\n\n<hr class=\"wp-block-separator has-alpha-channel-opacity\"\/>\n\n\n\n<h4 class=\"wp-block-heading\"><strong>3. Confirmation de Commande<\/strong><\/h4>\n\n\n\n<p>Lorsque vous passez une commande sur notre site ou par t\u00e9l\u00e9phone, une confirmation vous est envoy\u00e9e par email ou SMS. Cela vous permet de v\u00e9rifier les d\u00e9tails de votre commande et de nous contacter en cas d&#8217;erreur.<\/p>\n\n\n\n<hr class=\"wp-block-separator has-alpha-channel-opacity\"\/>\n\n\n\n<h4 class=\"wp-block-heading\"><strong>4. Livraison S\u00e9curis\u00e9e<\/strong><\/h4>\n\n\n\n<p>Nous collaborons avec des transporteurs de confiance pour garantir que vos produits vous parviennent en parfait \u00e9tat. Vous pouvez suivre l&#8217;\u00e9tat de votre commande et choisir un cr\u00e9neau de livraison adapt\u00e9 \u00e0 vos besoins.<\/p>\n","protected":false},"excerpt":{"rendered":"<p>Chez&nbsp;TSS Informatique, votre s\u00e9curit\u00e9 et votre tranquillit\u00e9 d&#8217;esprit sont au c\u0153ur de nos pr\u00e9occupations. Bien que nous ne proposions pas de paiement en ligne, nous mettons tout en \u0153uvre pour garantir que vos achats soient effectu\u00e9s dans un environnement s\u00fbr et fiable. Voici comment nous prot\u00e9geons vos transactions et vos donn\u00e9es : 1. Paiement en [&hellip;]<\/p>\n","protected":false},"author":1,"featured_media":0,"parent":0,"menu_order":0,"comment_status":"closed","ping_status":"closed","template":"","meta":{"footnotes":""},"class_list":["post-22171","page","type-page","status-publish","hentry"],"blocksy_meta":[],"_links":{"self":[{"href":"https:\/\/tssinformatique.tn\/index.php\/wp-json\/wp\/v2\/pages\/22171","targetHints":{"allow":["GET"]}}],"collection":[{"href":"https:\/\/tssinformatique.tn\/index.php\/wp-json\/wp\/v2\/pages"}],"about":[{"href":"https:\/\/tssinformatique.tn\/index.php\/wp-json\/wp\/v2\/types\/page"}],"author":[{"embeddable":true,"href":"https:\/\/tssinformatique.tn\/index.php\/wp-json\/wp\/v2\/users\/1"}],"replies":[{"embeddable":true,"href":"https:\/\/tssinformatique.tn\/index.php\/wp-json\/wp\/v2\/comments?post=22171"}],"version-history":[{"count":1,"href":"https:\/\/tssinformatique.tn\/index.php\/wp-json\/wp\/v2\/pages\/22171\/revisions"}],"predecessor-version":[{"id":22172,"href":"https:\/\/tssinformatique.tn\/index.php\/wp-json\/wp\/v2\/pages\/22171\/revisions\/22172"}],"wp:attachment":[{"href":"https:\/\/tssinformatique.tn\/index.php\/wp-json\/wp\/v2\/media?parent=22171"}],"curies":[{"name":"wp","href":"https:\/\/api.w.org\/{rel}","templated":true}]}}