{"id":22165,"date":"2025-02-17T14:31:54","date_gmt":"2025-02-17T14:31:54","guid":{"rendered":"https:\/\/tssinformatique.tn\/?page_id=22165"},"modified":"2025-02-17T15:37:51","modified_gmt":"2025-02-17T15:37:51","slug":"a-propos","status":"publish","type":"page","link":"https:\/\/tssinformatique.tn\/index.php\/a-propos\/","title":{"rendered":"\u00c0 Propos"},"content":{"rendered":"\n<p>NOTRE VOLONTE:<\/p>\n\n\n\n<p><br>Chez&nbsp;<strong>TSS Informatique<\/strong>, nous nous engageons \u00e0 vous proposer les meilleurs produits aux prix les plus comp\u00e9titifs. Notre mission est de vous offrir un rapport qualit\u00e9\/performance\/prix in\u00e9gal\u00e9, tout en vous faisant b\u00e9n\u00e9ficier de promotions exclusives, d\u2019offres sp\u00e9ciales et de bons plans r\u00e9guliers.<\/p>\n\n\n\n<p>Nos experts s\u00e9lectionnent avec soin chaque r\u00e9f\u00e9rence pour vous garantir des produits de haute qualit\u00e9, issus des plus grandes marques. Que vous cherchiez des&nbsp;<strong>cam\u00e9ras de surveillance<\/strong>, des accessoires informatiques ou des services professionnels, vous trouverez sur notre site une large gamme de produits adapt\u00e9s \u00e0 vos besoins. Avec&nbsp;<strong>plus de 100 articles en stock<\/strong>, nous sommes pr\u00eats \u00e0 r\u00e9pondre rapidement \u00e0 vos demandes.<\/p>\n\n\n\n<p>En tant que propri\u00e9taire du site&nbsp;<strong><a href=\"https:\/\/tssinformatique.tn\/\" target=\"_blank\" rel=\"noreferrer noopener\">https:\/\/tssinformatique.tn<\/a><\/strong>, nous sommes sp\u00e9cialis\u00e9s dans la vente de&nbsp;<strong>cam\u00e9ras de surveillance haut de gamme<\/strong>, mais aussi dans la&nbsp;<strong>r\u00e9paration d\u2019ordinateurs<\/strong>&nbsp;et l\u2019<strong>installation de syst\u00e8mes de surveillance<\/strong>. Que vous soyez un particulier ou un professionnel, notre \u00e9quipe est \u00e0 votre disposition pour vous accompagner dans vos projets, en vous offrant des solutions sur mesure et un service apr\u00e8s-vente de qualit\u00e9.<\/p>\n\n\n\n<p>D\u00e9couvrez d\u00e8s maintenant notre s\u00e9lection de produits et services, et profitez de l\u2019expertise TSS Informatique pour tous vos besoins en&nbsp;<strong>mat\u00e9riel informatique<\/strong>,&nbsp;<strong>s\u00e9curit\u00e9 \u00e9lectronique<\/strong>&nbsp;et&nbsp;<strong>r\u00e9paration d\u2019\u00e9quipements<\/strong>. Votre satisfaction est notre priorit\u00e9 !<\/p>\n\n\n\n<p><\/p>\n","protected":false},"excerpt":{"rendered":"<p>NOTRE VOLONTE: Chez&nbsp;TSS Informatique, nous nous engageons \u00e0 vous proposer les meilleurs produits aux prix les plus comp\u00e9titifs. Notre mission est de vous offrir un rapport qualit\u00e9\/performance\/prix in\u00e9gal\u00e9, tout en vous faisant b\u00e9n\u00e9ficier de promotions exclusives, d\u2019offres sp\u00e9ciales et de bons plans r\u00e9guliers. Nos experts s\u00e9lectionnent avec soin chaque r\u00e9f\u00e9rence pour vous garantir des produits [&hellip;]<\/p>\n","protected":false},"author":1,"featured_media":0,"parent":0,"menu_order":0,"comment_status":"closed","ping_status":"closed","template":"","meta":{"footnotes":""},"class_list":["post-22165","page","type-page","status-publish","hentry"],"blocksy_meta":[],"_links":{"self":[{"href":"https:\/\/tssinformatique.tn\/index.php\/wp-json\/wp\/v2\/pages\/22165","targetHints":{"allow":["GET"]}}],"collection":[{"href":"https:\/\/tssinformatique.tn\/index.php\/wp-json\/wp\/v2\/pages"}],"about":[{"href":"https:\/\/tssinformatique.tn\/index.php\/wp-json\/wp\/v2\/types\/page"}],"author":[{"embeddable":true,"href":"https:\/\/tssinformatique.tn\/index.php\/wp-json\/wp\/v2\/users\/1"}],"replies":[{"embeddable":true,"href":"https:\/\/tssinformatique.tn\/index.php\/wp-json\/wp\/v2\/comments?post=22165"}],"version-history":[{"count":2,"href":"https:\/\/tssinformatique.tn\/index.php\/wp-json\/wp\/v2\/pages\/22165\/revisions"}],"predecessor-version":[{"id":22194,"href":"https:\/\/tssinformatique.tn\/index.php\/wp-json\/wp\/v2\/pages\/22165\/revisions\/22194"}],"wp:attachment":[{"href":"https:\/\/tssinformatique.tn\/index.php\/wp-json\/wp\/v2\/media?parent=22165"}],"curies":[{"name":"wp","href":"https:\/\/api.w.org\/{rel}","templated":true}]}}